{"id":7375,"date":"2023-02-24T10:25:41","date_gmt":"2023-02-24T10:25:41","guid":{"rendered":"https:\/\/geoeg.net\/ueber\/"},"modified":"2025-01-28T14:56:04","modified_gmt":"2025-01-28T14:56:04","slug":"ueber","status":"publish","type":"page","link":"https:\/\/geoeg.net\/de\/ueber\/","title":{"rendered":"\u00dcBER"},"content":{"rendered":"\t\t<div data-elementor-type=\"wp-page\" data-elementor-id=\"7375\" class=\"elementor elementor-7375 elementor-1350\" data-elementor-post-type=\"page\">\n\t\t\t\t<div class=\"elementor-element elementor-element-49919a6 e-con-full e-flex e-con e-parent\" data-id=\"49919a6\" data-element_type=\"container\" data-e-type=\"container\" data-settings=\"{&quot;background_background&quot;:&quot;classic&quot;}\">\n\t\t\t\t<div class=\"elementor-element elementor-element-779f17a elementor-widget__width-initial elementor-widget elementor-widget-text-editor\" data-id=\"779f17a\" data-element_type=\"widget\" data-e-type=\"widget\" data-widget_type=\"text-editor.default\">\n\t\t\t\t<div class=\"elementor-widget-container\">\n\t\t\t\t\t\t\t\t\t<h1><span style=\"color: #ffffff;\">WER WIR SIND<\/span><\/h1><p>GEOEG ist ein <span style=\"color: #ffffff;\"><em><strong>Ingenieur- und Innovationsb\u00fcro mit<\/strong> <\/em><\/span>Sitz in Lausanne, Schweiz, und Forschungszentren in Dubai, dem F\u00fcrstentum Monaco und Chicago. Unser Team vereint die <span style=\"color: #ffffff;\"><em><b>globale Erfahrung<\/b><\/em><\/span> eines Kollektivs von <span style=\"color: #ffffff;\"><em><b>Ingenieuren, Wissenschaftlern, Erfindern und Designern,<\/b><\/em><\/span> um lokale L\u00f6sungen anzubieten, um <span style=\"color: #ffffff;\"><em><strong>Geb\u00e4ude, Stadtteile und St\u00e4dte<\/strong><\/em><\/span> sowohl \u00fcber als auch unter der Erde nachhaltiger zu gestalten.<\/p>\t\t\t\t\t\t\t\t<\/div>\n\t\t\t\t<\/div>\n\t\t\t\t<div class=\"elementor-element elementor-element-22857e3 animated-slow elementor-view-default elementor-invisible elementor-widget elementor-widget-icon\" data-id=\"22857e3\" data-element_type=\"widget\" data-e-type=\"widget\" data-settings=\"{&quot;_animation&quot;:&quot;fadeInDown&quot;,&quot;_animation_delay&quot;:1000}\" data-widget_type=\"icon.default\">\n\t\t\t\t<div class=\"elementor-widget-container\">\n\t\t\t\t\t\t\t<div class=\"elementor-icon-wrapper\">\n\t\t\t<a class=\"elementor-icon elementor-animation-shrink\" href=\"#down\">\n\t\t\t<i aria-hidden=\"true\" class=\"fas fa-arrow-alt-circle-down\"><\/i>\t\t\t<\/a>\n\t\t<\/div>\n\t\t\t\t\t\t<\/div>\n\t\t\t\t<\/div>\n\t\t\t\t<\/div>\n\t\t<div class=\"elementor-element elementor-element-d32f48a e-con-full e-flex e-con e-parent\" data-id=\"d32f48a\" data-element_type=\"container\" data-e-type=\"container\">\n\t\t<div class=\"elementor-element elementor-element-e67ebe2 e-con-full e-flex e-con e-child\" data-id=\"e67ebe2\" data-element_type=\"container\" data-e-type=\"container\" data-settings=\"{&quot;background_background&quot;:&quot;classic&quot;}\">\n\t\t\t\t<\/div>\n\t\t<div class=\"elementor-element elementor-element-b52e250 e-con-full e-flex e-con e-child\" data-id=\"b52e250\" data-element_type=\"container\" data-e-type=\"container\">\n\t\t<div class=\"elementor-element elementor-element-8c73bfb e-con-full e-flex e-con e-child\" data-id=\"8c73bfb\" data-element_type=\"container\" data-e-type=\"container\">\n\t\t\t\t<div class=\"elementor-element elementor-element-f2208f5 elementor-widget__width-initial elementor-widget elementor-widget-text-editor\" data-id=\"f2208f5\" data-element_type=\"widget\" data-e-type=\"widget\" id=\"down\" data-widget_type=\"text-editor.default\">\n\t\t\t\t<div class=\"elementor-widget-container\">\n\t\t\t\t\t\t\t\t\t<h1>WAS WIR TUN<\/h1>\n<p>Wir entwerfen <b>\u00f6kologische, effiziente und auf den Nutzer ausgerichtete<\/b> L\u00f6sungen, um eine nachhaltige gebaute Umwelt zu schaffen. Durch die Integration von Technologien, die erneuerbare Energiequellen sowohl <b>\u00fcber als auch unter der Erde<\/b> nutzen, gew\u00e4hrleisten unsere L\u00f6sungen eine <b>resiliente Energieversorgung und -speicherung, nahezu<\/b> \u00fcberall auf der Welt.&nbsp;Dank der Optimierung von Technologien f\u00fcr erneuerbare Energien durch spezielle <b>Steuerungsstrategien <\/b>bieten unsere L\u00f6sungen maximale Effizienz, senken die Betriebskosten und garantieren eine schnelle Kapitalrendite. Indem wir die <b>Gesundheit und den Komfort<\/b> der Bewohner von Wohn- oder Transitr\u00e4umen in den Mittelpunkt stellen, maximieren unsere L\u00f6sungen das Wohlbefinden und die Leistungsf\u00e4higkeit der Menschen und mindern gleichzeitig die negativen Auswirkungen des Klimawandels, sowohl ober- als auch unterirdisch. Kurz gesagt, unsere Arbeit tr\u00e4gt zur Umsetzung <b>einiger der innovativsten und nachhaltigsten.<\/b><\/p>\t\t\t\t\t\t\t\t<\/div>\n\t\t\t\t<\/div>\n\t\t\t\t<\/div>\n\t\t<div class=\"elementor-element elementor-element-b092791 e-con-full e-flex e-con e-child\" data-id=\"b092791\" data-element_type=\"container\" data-e-type=\"container\">\n\t\t\t\t<div class=\"elementor-element elementor-element-7756627 elementor-widget__width-initial elementor-widget elementor-widget-text-editor\" data-id=\"7756627\" data-element_type=\"widget\" data-e-type=\"widget\" data-widget_type=\"text-editor.default\">\n\t\t\t\t<div class=\"elementor-widget-container\">\n\t\t\t\t\t\t\t\t\t<h1>UNSERE VISION<\/h1>\n<p>Unser ganzheitlicher Ansatz zielt darauf ab, <b>nachhaltige gebaute Umgebungen durch erschwingliche und bew\u00e4hrte technische L\u00f6sungen zu schaffen<\/b>, die in der Lage sind, die Herausforderungen von morgen zu antizipieren und schon heute die St\u00e4dte der Zukunft zu gestalten. Diese L\u00f6sungen k\u00f6nnen die <b>Bed\u00fcrfnisse der Menschen<\/b> erkennen und darauf reagieren, w\u00e4hrend <b>sie gleichzeitig saubere Energiequellen<\/b> zum Wohle der Menschheit und der Welt nutzen und speichern. Schlie\u00dflich nutzen sie die wahre Multidimensionalit\u00e4t der gebauten Umwelt, indem <b>sie intelligente Technologien sowohl ober- als auch unterirdisch miteinander verbinden<\/b>.<\/p>\n\t\t\t\t\t\t\t\t<\/div>\n\t\t\t\t<\/div>\n\t\t\t\t<\/div>\n\t\t<div class=\"elementor-element elementor-element-69e3bb7 e-con-full e-flex e-con e-child\" data-id=\"69e3bb7\" data-element_type=\"container\" data-e-type=\"container\">\n\t\t\t\t<div class=\"elementor-element elementor-element-b6232fa elementor-widget__width-initial elementor-widget elementor-widget-text-editor\" data-id=\"b6232fa\" data-element_type=\"widget\" data-e-type=\"widget\" data-widget_type=\"text-editor.default\">\n\t\t\t\t<div class=\"elementor-widget-container\">\n\t\t\t\t\t\t\t\t\t<h1>UNSERE KUNDEN<\/h1>\nUnsere Arbeit unterst\u00fctzt <b>Architekturb\u00fcros, Ingenieurb\u00fcros, Bauunternehmen, Immobilien, Stadtplaner, \u00f6ffentliche und private Verwaltungen sowie General- und Spezialunternehmer dabei,<\/b> die besten L\u00f6sungen f\u00fcr die Stromversorgung und den Betrieb von Geb\u00e4uden, Infrastrukturen und St\u00e4dten ohne CO2-Emissionen zu finden. Dank<b> fortschrittlicher Entwurfsmethoden und Werkzeuge<\/b> bietet unser Team seinen Kunden optimale L\u00f6sungen und begleitet sie bei deren Umsetzung. Unser Ansatz basiert nicht nur auf <b>ausgefeilten Computeranalysen<\/b>, sondern auch auf <b>gro\u00dffl\u00e4chigen Praxiserfahrungen<\/b>, die durch spezifische Tests oder die Installation von Sensoren in <b>einzelnen Bauelementen, ganzen Geb\u00e4uden oder sogar ganzen Stadtvierteln<\/b> gesammelt werden, je nach Bedarf. All diese Aktivit\u00e4ten zielen darauf ab, die gebaute Umwelt zu entwickeln und zu renovieren, um <b>ihren \u00f6kologischen und wirtschaftlichen Wert zu maximieren.<\/b>\t\t\t\t\t\t\t\t<\/div>\n\t\t\t\t<\/div>\n\t\t\t\t<\/div>\n\t\t\t\t<\/div>\n\t\t\t\t<\/div>\n\t\t\t\t<\/div>\n\t\t","protected":false},"excerpt":{"rendered":"<p>WER WIR SIND GEOEG ist ein Ingenieur- und Innovationsb\u00fcro mit Sitz in Lausanne, Schweiz, und Forschungszentren in Dubai, dem F\u00fcrstentum Monaco und Chicago. Unser Team vereint die globale Erfahrung eines Kollektivs von Ingenieuren, Wissenschaftlern, Erfindern und Designern, um lokale L\u00f6sungen anzubieten, um Geb\u00e4ude, Stadtteile und St\u00e4dte sowohl \u00fcber als auch unter der Erde nachhaltiger zu [&hellip;]<\/p>\n","protected":false},"author":1,"featured_media":0,"parent":0,"menu_order":0,"comment_status":"closed","ping_status":"closed","template":"","meta":{"_acf_changed":false,"footnotes":""},"class_list":["post-7375","page","type-page","status-publish","hentry"],"acf":[],"yoast_head":"<!-- This site is optimized with the Yoast SEO plugin v27.4 - https:\/\/yoast.com\/product\/yoast-seo-wordpress\/ -->\n<title>GEOEG | Engineering Design and Innovation Office<\/title>\n<meta name=\"description\" content=\"GEOEG ist ein Ingenieur- und Innovationsb\u00fcro mit Sitz in Lausanne, Schweiz, und Forschungszentren in Dubai, dem F\u00fcrstentum Monaco und Chicago. Unser Team vereint die weltweite Erfahrung eines Kollektivs aus Ingenieuren, Wissenschaftlern, Erfindern und Designern, um lokale L\u00f6sungen zu entwickeln, die Geb\u00e4ude, Stadtviertel und St\u00e4dte sowohl ober- als auch unterirdisch nachhaltiger gestalten.\" \/>\n<meta name=\"robots\" content=\"index, follow, max-snippet:-1, max-image-preview:large, max-video-preview:-1\" \/>\n<link rel=\"canonical\" href=\"https:\/\/geoeg.net\/de\/ueber\/\" \/>\n<meta property=\"og:locale\" content=\"de_DE\" \/>\n<meta property=\"og:type\" content=\"article\" \/>\n<meta property=\"og:title\" content=\"GEOEG | Engineering Design and Innovation Office\" \/>\n<meta property=\"og:description\" content=\"GEOEG ist ein Ingenieur- und Innovationsb\u00fcro mit Sitz in Lausanne, Schweiz, und Forschungszentren in Dubai, dem F\u00fcrstentum Monaco und Chicago. Unser Team vereint die weltweite Erfahrung eines Kollektivs aus Ingenieuren, Wissenschaftlern, Erfindern und Designern, um lokale L\u00f6sungen zu entwickeln, die Geb\u00e4ude, Stadtviertel und St\u00e4dte sowohl ober- als auch unterirdisch nachhaltiger gestalten.\" \/>\n<meta property=\"og:url\" content=\"https:\/\/geoeg.net\/de\/ueber\/\" \/>\n<meta property=\"og:site_name\" content=\"GEOEG\" \/>\n<meta property=\"article:modified_time\" content=\"2025-01-28T14:56:04+00:00\" \/>\n<meta name=\"twitter:card\" content=\"summary_large_image\" \/>\n<script type=\"application\/ld+json\" class=\"yoast-schema-graph\">{\"@context\":\"https:\\\/\\\/schema.org\",\"@graph\":[{\"@type\":\"WebPage\",\"@id\":\"https:\\\/\\\/geoeg.net\\\/de\\\/ueber\\\/\",\"url\":\"https:\\\/\\\/geoeg.net\\\/de\\\/ueber\\\/\",\"name\":\"GEOEG | Engineering Design and Innovation Office\",\"isPartOf\":{\"@id\":\"https:\\\/\\\/geoeg.net\\\/de\\\/#website\"},\"datePublished\":\"2023-02-24T10:25:41+00:00\",\"dateModified\":\"2025-01-28T14:56:04+00:00\",\"description\":\"GEOEG ist ein Ingenieur- und Innovationsb\u00fcro mit Sitz in Lausanne, Schweiz, und Forschungszentren in Dubai, dem F\u00fcrstentum Monaco und Chicago. Unser Team vereint die weltweite Erfahrung eines Kollektivs aus Ingenieuren, Wissenschaftlern, Erfindern und Designern, um lokale L\u00f6sungen zu entwickeln, die Geb\u00e4ude, Stadtviertel und St\u00e4dte sowohl ober- als auch unterirdisch nachhaltiger gestalten.\",\"breadcrumb\":{\"@id\":\"https:\\\/\\\/geoeg.net\\\/de\\\/ueber\\\/#breadcrumb\"},\"inLanguage\":\"de\",\"potentialAction\":[{\"@type\":\"ReadAction\",\"target\":[\"https:\\\/\\\/geoeg.net\\\/de\\\/ueber\\\/\"]}]},{\"@type\":\"BreadcrumbList\",\"@id\":\"https:\\\/\\\/geoeg.net\\\/de\\\/ueber\\\/#breadcrumb\",\"itemListElement\":[{\"@type\":\"ListItem\",\"position\":1,\"name\":\"Home\",\"item\":\"https:\\\/\\\/geoeg.net\\\/de\\\/homepage\\\/\"},{\"@type\":\"ListItem\",\"position\":2,\"name\":\"\u00dcBER\"}]},{\"@type\":\"WebSite\",\"@id\":\"https:\\\/\\\/geoeg.net\\\/de\\\/#website\",\"url\":\"https:\\\/\\\/geoeg.net\\\/de\\\/\",\"name\":\"GEOEG\",\"description\":\"\",\"publisher\":{\"@id\":\"https:\\\/\\\/geoeg.net\\\/de\\\/#organization\"},\"potentialAction\":[{\"@type\":\"SearchAction\",\"target\":{\"@type\":\"EntryPoint\",\"urlTemplate\":\"https:\\\/\\\/geoeg.net\\\/de\\\/?s={search_term_string}\"},\"query-input\":{\"@type\":\"PropertyValueSpecification\",\"valueRequired\":true,\"valueName\":\"search_term_string\"}}],\"inLanguage\":\"de\"},{\"@type\":\"Organization\",\"@id\":\"https:\\\/\\\/geoeg.net\\\/de\\\/#organization\",\"name\":\"GEOEG\",\"url\":\"https:\\\/\\\/geoeg.net\\\/de\\\/\",\"logo\":{\"@type\":\"ImageObject\",\"inLanguage\":\"de\",\"@id\":\"https:\\\/\\\/geoeg.net\\\/de\\\/#\\\/schema\\\/logo\\\/image\\\/\",\"url\":\"https:\\\/\\\/geoeg.net\\\/wp-content\\\/uploads\\\/2023\\\/01\\\/geoeg_logo_b.png\",\"contentUrl\":\"https:\\\/\\\/geoeg.net\\\/wp-content\\\/uploads\\\/2023\\\/01\\\/geoeg_logo_b.png\",\"width\":1024,\"height\":290,\"caption\":\"GEOEG\"},\"image\":{\"@id\":\"https:\\\/\\\/geoeg.net\\\/de\\\/#\\\/schema\\\/logo\\\/image\\\/\"}}]}<\/script>\n<!-- \/ Yoast SEO plugin. -->","yoast_head_json":{"title":"GEOEG | Engineering Design and Innovation Office","description":"GEOEG ist ein Ingenieur- und Innovationsb\u00fcro mit Sitz in Lausanne, Schweiz, und Forschungszentren in Dubai, dem F\u00fcrstentum Monaco und Chicago. Unser Team vereint die weltweite Erfahrung eines Kollektivs aus Ingenieuren, Wissenschaftlern, Erfindern und Designern, um lokale L\u00f6sungen zu entwickeln, die Geb\u00e4ude, Stadtviertel und St\u00e4dte sowohl ober- als auch unterirdisch nachhaltiger gestalten.","robots":{"index":"index","follow":"follow","max-snippet":"max-snippet:-1","max-image-preview":"max-image-preview:large","max-video-preview":"max-video-preview:-1"},"canonical":"https:\/\/geoeg.net\/de\/ueber\/","og_locale":"de_DE","og_type":"article","og_title":"GEOEG | Engineering Design and Innovation Office","og_description":"GEOEG ist ein Ingenieur- und Innovationsb\u00fcro mit Sitz in Lausanne, Schweiz, und Forschungszentren in Dubai, dem F\u00fcrstentum Monaco und Chicago. Unser Team vereint die weltweite Erfahrung eines Kollektivs aus Ingenieuren, Wissenschaftlern, Erfindern und Designern, um lokale L\u00f6sungen zu entwickeln, die Geb\u00e4ude, Stadtviertel und St\u00e4dte sowohl ober- als auch unterirdisch nachhaltiger gestalten.","og_url":"https:\/\/geoeg.net\/de\/ueber\/","og_site_name":"GEOEG","article_modified_time":"2025-01-28T14:56:04+00:00","twitter_card":"summary_large_image","schema":{"@context":"https:\/\/schema.org","@graph":[{"@type":"WebPage","@id":"https:\/\/geoeg.net\/de\/ueber\/","url":"https:\/\/geoeg.net\/de\/ueber\/","name":"GEOEG | Engineering Design and Innovation Office","isPartOf":{"@id":"https:\/\/geoeg.net\/de\/#website"},"datePublished":"2023-02-24T10:25:41+00:00","dateModified":"2025-01-28T14:56:04+00:00","description":"GEOEG ist ein Ingenieur- und Innovationsb\u00fcro mit Sitz in Lausanne, Schweiz, und Forschungszentren in Dubai, dem F\u00fcrstentum Monaco und Chicago. Unser Team vereint die weltweite Erfahrung eines Kollektivs aus Ingenieuren, Wissenschaftlern, Erfindern und Designern, um lokale L\u00f6sungen zu entwickeln, die Geb\u00e4ude, Stadtviertel und St\u00e4dte sowohl ober- als auch unterirdisch nachhaltiger gestalten.","breadcrumb":{"@id":"https:\/\/geoeg.net\/de\/ueber\/#breadcrumb"},"inLanguage":"de","potentialAction":[{"@type":"ReadAction","target":["https:\/\/geoeg.net\/de\/ueber\/"]}]},{"@type":"BreadcrumbList","@id":"https:\/\/geoeg.net\/de\/ueber\/#breadcrumb","itemListElement":[{"@type":"ListItem","position":1,"name":"Home","item":"https:\/\/geoeg.net\/de\/homepage\/"},{"@type":"ListItem","position":2,"name":"\u00dcBER"}]},{"@type":"WebSite","@id":"https:\/\/geoeg.net\/de\/#website","url":"https:\/\/geoeg.net\/de\/","name":"GEOEG","description":"","publisher":{"@id":"https:\/\/geoeg.net\/de\/#organization"},"potentialAction":[{"@type":"SearchAction","target":{"@type":"EntryPoint","urlTemplate":"https:\/\/geoeg.net\/de\/?s={search_term_string}"},"query-input":{"@type":"PropertyValueSpecification","valueRequired":true,"valueName":"search_term_string"}}],"inLanguage":"de"},{"@type":"Organization","@id":"https:\/\/geoeg.net\/de\/#organization","name":"GEOEG","url":"https:\/\/geoeg.net\/de\/","logo":{"@type":"ImageObject","inLanguage":"de","@id":"https:\/\/geoeg.net\/de\/#\/schema\/logo\/image\/","url":"https:\/\/geoeg.net\/wp-content\/uploads\/2023\/01\/geoeg_logo_b.png","contentUrl":"https:\/\/geoeg.net\/wp-content\/uploads\/2023\/01\/geoeg_logo_b.png","width":1024,"height":290,"caption":"GEOEG"},"image":{"@id":"https:\/\/geoeg.net\/de\/#\/schema\/logo\/image\/"}}]}},"_links":{"self":[{"href":"https:\/\/geoeg.net\/de\/wp-json\/wp\/v2\/pages\/7375","targetHints":{"allow":["GET"]}}],"collection":[{"href":"https:\/\/geoeg.net\/de\/wp-json\/wp\/v2\/pages"}],"about":[{"href":"https:\/\/geoeg.net\/de\/wp-json\/wp\/v2\/types\/page"}],"author":[{"embeddable":true,"href":"https:\/\/geoeg.net\/de\/wp-json\/wp\/v2\/users\/1"}],"replies":[{"embeddable":true,"href":"https:\/\/geoeg.net\/de\/wp-json\/wp\/v2\/comments?post=7375"}],"version-history":[{"count":0,"href":"https:\/\/geoeg.net\/de\/wp-json\/wp\/v2\/pages\/7375\/revisions"}],"wp:attachment":[{"href":"https:\/\/geoeg.net\/de\/wp-json\/wp\/v2\/media?parent=7375"}],"curies":[{"name":"wp","href":"https:\/\/api.w.org\/{rel}","templated":true}]}}