{"id":7380,"date":"2023-02-14T15:23:03","date_gmt":"2023-02-14T15:23:03","guid":{"rendered":"https:\/\/geoeg.net\/homepage\/"},"modified":"2025-01-08T11:35:24","modified_gmt":"2025-01-08T11:35:24","slug":"homepage","status":"publish","type":"page","link":"https:\/\/geoeg.net\/de\/","title":{"rendered":"HOMEPAGE"},"content":{"rendered":"\t\t<div data-elementor-type=\"wp-page\" data-elementor-id=\"7380\" class=\"elementor elementor-7380 elementor-13\" data-elementor-post-type=\"page\">\n\t\t\t\t<div class=\"elementor-element elementor-element-f0ae084 e-con-full e-flex e-con e-parent\" data-id=\"f0ae084\" data-element_type=\"container\" data-e-type=\"container\" data-settings=\"{&quot;background_background&quot;:&quot;video&quot;,&quot;background_video_link&quot;:&quot;https:\\\/\\\/geoeg.net\\\/wp-content\\\/uploads\\\/2024\\\/06\\\/geoeg-enery-loop-home1_2.mp4&quot;,&quot;background_play_on_mobile&quot;:&quot;yes&quot;,&quot;animation&quot;:&quot;none&quot;}\">\n\t\t<div class=\"elementor-background-video-container\">\n\t\t\t\t\t\t\t<video class=\"elementor-background-video-hosted\" role=\"presentation\" autoplay muted playsinline loop><\/video>\n\t\t\t\t\t<\/div>\t\t<div class=\"elementor-element elementor-element-4f3bec6 elementor-widget__width-initial animated-slow elementor-invisible elementor-widget elementor-widget-text-editor\" data-id=\"4f3bec6\" data-element_type=\"widget\" data-e-type=\"widget\" data-settings=\"{&quot;_animation&quot;:&quot;fadeIn&quot;}\" data-widget_type=\"text-editor.default\">\n\t\t\t\t<div class=\"elementor-widget-container\">\n\t\t\t\t\t\t\t\t\t<p>Wir sind ein Ingenieur- und Innovationsunternehmen, das <span style=\"color: #ffffff;\">unterirdische Energiesysteme<\/span> bereitstellt, um nachhaltige gebaute Umgebungen zu f\u00f6rdern.<\/p>\n\t\t\t\t\t\t\t\t<\/div>\n\t\t\t\t<\/div>\n\t\t\t\t<div class=\"elementor-element elementor-element-58e8b91 animated-slow elementor-view-default elementor-invisible elementor-widget elementor-widget-icon\" data-id=\"58e8b91\" data-element_type=\"widget\" data-e-type=\"widget\" data-settings=\"{&quot;_animation&quot;:&quot;fadeInDown&quot;,&quot;_animation_delay&quot;:2000}\" data-widget_type=\"icon.default\">\n\t\t\t\t<div class=\"elementor-widget-container\">\n\t\t\t\t\t\t\t<div class=\"elementor-icon-wrapper\">\n\t\t\t<a class=\"elementor-icon elementor-animation-shrink\" href=\"#down\">\n\t\t\t<i aria-hidden=\"true\" class=\"fas fa-arrow-alt-circle-down\"><\/i>\t\t\t<\/a>\n\t\t<\/div>\n\t\t\t\t\t\t<\/div>\n\t\t\t\t<\/div>\n\t\t\t\t<\/div>\n\t\t<div class=\"elementor-element elementor-element-d943067 e-flex e-con-boxed e-con e-parent\" data-id=\"d943067\" data-element_type=\"container\" data-e-type=\"container\" data-settings=\"{&quot;background_background&quot;:&quot;classic&quot;}\">\n\t\t\t\t\t<div class=\"e-con-inner\">\n\t\t<div class=\"elementor-element elementor-element-d1fd374 e-con-full e-flex e-con e-child\" data-id=\"d1fd374\" data-element_type=\"container\" data-e-type=\"container\" data-settings=\"{&quot;background_background&quot;:&quot;classic&quot;}\">\n\t\t\t\t<div class=\"elementor-element elementor-element-62860e3 elementor-widget elementor-widget-menu-anchor\" data-id=\"62860e3\" data-element_type=\"widget\" data-e-type=\"widget\" data-widget_type=\"menu-anchor.default\">\n\t\t\t\t<div class=\"elementor-widget-container\">\n\t\t\t\t\t\t\t<div class=\"elementor-menu-anchor\" id=\"down\"><\/div>\n\t\t\t\t\t\t<\/div>\n\t\t\t\t<\/div>\n\t\t\t\t<\/div>\n\t\t<div class=\"elementor-element elementor-element-2b0ea0b e-con-full e-flex e-con e-child\" data-id=\"2b0ea0b\" data-element_type=\"container\" data-e-type=\"container\">\n\t\t\t\t<div class=\"elementor-element elementor-element-4b25c97 elementor-widget elementor-widget-heading\" data-id=\"4b25c97\" data-element_type=\"widget\" data-e-type=\"widget\" data-widget_type=\"heading.default\">\n\t\t\t\t<div class=\"elementor-widget-container\">\n\t\t\t\t\t<h1 class=\"elementor-heading-title elementor-size-default\">WIR BIETEN<\/h1>\t\t\t\t<\/div>\n\t\t\t\t<\/div>\n\t\t\t\t<div class=\"elementor-element elementor-element-da7b497 elementor-widget__width-initial elementor-widget elementor-widget-text-editor\" data-id=\"da7b497\" data-element_type=\"widget\" data-e-type=\"widget\" data-widget_type=\"text-editor.default\">\n\t\t\t\t<div class=\"elementor-widget-container\">\n\t\t\t\t\t\t\t\t\t<p>Geb\u00e4uden <strong><em><span style=\"color: #ffffff;\">erneuerbare thermische Energie<\/span><\/em><\/strong> durch Energie-Geostrukturen, andere flache Geothermietechnologien und Nahw\u00e4rmesysteme.<\/p>\n\t\t\t\t\t\t\t\t<\/div>\n\t\t\t\t<\/div>\n\t\t\t\t<div class=\"elementor-element elementor-element-aa9a407 elementor-align-center elementor-widget elementor-widget-button\" data-id=\"aa9a407\" data-element_type=\"widget\" data-e-type=\"widget\" data-widget_type=\"button.default\">\n\t\t\t\t<div class=\"elementor-widget-container\">\n\t\t\t\t\t\t\t\t\t<div class=\"elementor-button-wrapper\">\n\t\t\t\t\t<a class=\"elementor-button elementor-button-link elementor-size-xs\" href=\"https:\/\/geoeg.net\/de\/projekte-gebaeude\/\">\n\t\t\t\t\t\t<span class=\"elementor-button-content-wrapper\">\n\t\t\t\t\t\t\t\t\t<span class=\"elementor-button-text\">Entdecken<\/span>\n\t\t\t\t\t<\/span>\n\t\t\t\t\t<\/a>\n\t\t\t\t<\/div>\n\t\t\t\t\t\t\t\t<\/div>\n\t\t\t\t<\/div>\n\t\t\t\t<\/div>\n\t\t<div class=\"elementor-element elementor-element-ea1c16b e-con-full e-flex e-con e-child\" data-id=\"ea1c16b\" data-element_type=\"container\" data-e-type=\"container\" data-settings=\"{&quot;background_background&quot;:&quot;classic&quot;}\">\n\t\t\t\t<\/div>\n\t\t<div class=\"elementor-element elementor-element-3f81516 e-con-full e-flex e-con e-child\" data-id=\"3f81516\" data-element_type=\"container\" data-e-type=\"container\">\n\t\t\t\t<div class=\"elementor-element elementor-element-0327bba elementor-widget elementor-widget-heading\" data-id=\"0327bba\" data-element_type=\"widget\" data-e-type=\"widget\" data-widget_type=\"heading.default\">\n\t\t\t\t<div class=\"elementor-widget-container\">\n\t\t\t\t\t<h1 class=\"elementor-heading-title elementor-size-default\">WIR TRANSFORMIEREN<\/h1>\t\t\t\t<\/div>\n\t\t\t\t<\/div>\n\t\t\t\t<div class=\"elementor-element elementor-element-442ffcf elementor-widget__width-initial elementor-widget elementor-widget-text-editor\" data-id=\"442ffcf\" data-element_type=\"widget\" data-e-type=\"widget\" data-widget_type=\"text-editor.default\">\n\t\t\t\t<div class=\"elementor-widget-container\">\n\t\t\t\t\t\t\t\t\t<p>infrastrukturen in <strong><em><span style=\"color: #ffffff;\">Heiz- und K\u00fchlquellen sowie Thermobatterien<\/span><\/em><\/strong> f\u00fcr den Eigenbedarf oder den Nutzen ganzer Stadtviertel und St\u00e4dte.<\/p>\n\t\t\t\t\t\t\t\t<\/div>\n\t\t\t\t<\/div>\n\t\t\t\t<div class=\"elementor-element elementor-element-afee37d elementor-align-center elementor-widget elementor-widget-button\" data-id=\"afee37d\" data-element_type=\"widget\" data-e-type=\"widget\" data-widget_type=\"button.default\">\n\t\t\t\t<div class=\"elementor-widget-container\">\n\t\t\t\t\t\t\t\t\t<div class=\"elementor-button-wrapper\">\n\t\t\t\t\t<a class=\"elementor-button elementor-button-link elementor-size-xs\" href=\"https:\/\/geoeg.net\/de\/projekte-infrastrukturen\/\">\n\t\t\t\t\t\t<span class=\"elementor-button-content-wrapper\">\n\t\t\t\t\t\t\t\t\t<span class=\"elementor-button-text\">Entdecken<\/span>\n\t\t\t\t\t<\/span>\n\t\t\t\t\t<\/a>\n\t\t\t\t<\/div>\n\t\t\t\t\t\t\t\t<\/div>\n\t\t\t\t<\/div>\n\t\t\t\t<\/div>\n\t\t<div class=\"elementor-element elementor-element-8905576 e-con-full e-flex e-con e-child\" data-id=\"8905576\" data-element_type=\"container\" data-e-type=\"container\" data-settings=\"{&quot;background_background&quot;:&quot;classic&quot;}\">\n\t\t\t\t<\/div>\n\t\t<div class=\"elementor-element elementor-element-0e16126 e-con-full e-flex e-con e-child\" data-id=\"0e16126\" data-element_type=\"container\" data-e-type=\"container\" data-settings=\"{&quot;background_background&quot;:&quot;classic&quot;}\">\n\t\t\t\t<div class=\"elementor-element elementor-element-dcd470b elementor-widget elementor-widget-heading\" data-id=\"dcd470b\" data-element_type=\"widget\" data-e-type=\"widget\" data-widget_type=\"heading.default\">\n\t\t\t\t<div class=\"elementor-widget-container\">\n\t\t\t\t\t<h1 class=\"elementor-heading-title elementor-size-default\">WIR ERM\u00d6GLICHEN<\/h1>\t\t\t\t<\/div>\n\t\t\t\t<\/div>\n\t\t\t\t<div class=\"elementor-element elementor-element-5e95631 elementor-widget__width-initial elementor-widget elementor-widget-text-editor\" data-id=\"5e95631\" data-element_type=\"widget\" data-e-type=\"widget\" data-widget_type=\"text-editor.default\">\n\t\t\t\t<div class=\"elementor-widget-container\">\n\t\t\t\t\t\t\t\t\t<p>st\u00e4dten,<strong><em><span style=\"color: #ffffff;\"> st\u00e4dtische W\u00e4rmeinseln unter der Erde<\/span><\/em><\/strong> zu verringern und gro\u00dffl\u00e4chige thermische Energienetze aufzubauen.<\/p>\n\t\t\t\t\t\t\t\t<\/div>\n\t\t\t\t<\/div>\n\t\t\t\t<div class=\"elementor-element elementor-element-ae02465 elementor-align-center elementor-widget elementor-widget-button\" data-id=\"ae02465\" data-element_type=\"widget\" data-e-type=\"widget\" data-widget_type=\"button.default\">\n\t\t\t\t<div class=\"elementor-widget-container\">\n\t\t\t\t\t\t\t\t\t<div class=\"elementor-button-wrapper\">\n\t\t\t\t\t<a class=\"elementor-button elementor-button-link elementor-size-xs\" href=\"https:\/\/geoeg.net\/de\/projekte-staedte\/\">\n\t\t\t\t\t\t<span class=\"elementor-button-content-wrapper\">\n\t\t\t\t\t\t\t\t\t<span class=\"elementor-button-text\">Entdecken<\/span>\n\t\t\t\t\t<\/span>\n\t\t\t\t\t<\/a>\n\t\t\t\t<\/div>\n\t\t\t\t\t\t\t\t<\/div>\n\t\t\t\t<\/div>\n\t\t\t\t<\/div>\n\t\t\t\t\t<\/div>\n\t\t\t\t<\/div>\n\t\t<div class=\"elementor-element elementor-element-2fcae8a e-flex e-con-boxed e-con e-parent\" data-id=\"2fcae8a\" data-element_type=\"container\" data-e-type=\"container\" data-settings=\"{&quot;background_background&quot;:&quot;classic&quot;}\">\n\t\t\t\t\t<div class=\"e-con-inner\">\n\t\t<div class=\"elementor-element elementor-element-ab00426 e-con-full e-flex e-con e-child\" data-id=\"ab00426\" data-element_type=\"container\" data-e-type=\"container\">\n\t\t\t\t<div class=\"elementor-element elementor-element-6ecb5cd elementor-widget elementor-widget-heading\" data-id=\"6ecb5cd\" data-element_type=\"widget\" data-e-type=\"widget\" data-widget_type=\"heading.default\">\n\t\t\t\t<div class=\"elementor-widget-container\">\n\t\t\t\t\t<h2 class=\"elementor-heading-title elementor-size-default\">UNSERE PROJEKTE UND INNOVATIONEN IN ZAHLEN <\/h2>\t\t\t\t<\/div>\n\t\t\t\t<\/div>\n\t\t\t\t<\/div>\n\t\t<div class=\"elementor-element elementor-element-b075c6a e-con-full e-flex e-con e-child\" data-id=\"b075c6a\" data-element_type=\"container\" data-e-type=\"container\">\n\t\t\t\t<div class=\"elementor-element elementor-element-4078811 elementor-widget elementor-widget-counter\" data-id=\"4078811\" data-element_type=\"widget\" data-e-type=\"widget\" data-widget_type=\"counter.default\">\n\t\t\t\t<div class=\"elementor-widget-container\">\n\t\t\t\t\t\t\t<div class=\"elementor-counter\">\n\t\t\t<div class=\"elementor-counter-title\">an bereitgestellter erneuerbarer Energie<\/div>\t\t\t<div class=\"elementor-counter-number-wrapper\">\n\t\t\t\t<span class=\"elementor-counter-number-prefix\"><\/span>\n\t\t\t\t<span class=\"elementor-counter-number\" data-duration=\"2000\" data-to-value=\"24\" data-from-value=\"0\" data-delimiter=\",\">0<\/span>\n\t\t\t\t<span class=\"elementor-counter-number-suffix\"> MW \u036d \u036a<\/span>\n\t\t\t<\/div>\n\t\t<\/div>\n\t\t\t\t\t\t<\/div>\n\t\t\t\t<\/div>\n\t\t\t\t<\/div>\n\t\t<div class=\"elementor-element elementor-element-fb4f40f e-con-full e-flex e-con e-child\" data-id=\"fb4f40f\" data-element_type=\"container\" data-e-type=\"container\">\n\t\t\t\t<div class=\"elementor-element elementor-element-6b83a81 elementor-widget elementor-widget-counter\" data-id=\"6b83a81\" data-element_type=\"widget\" data-e-type=\"widget\" data-widget_type=\"counter.default\">\n\t\t\t\t<div class=\"elementor-widget-container\">\n\t\t\t\t\t\t\t<div class=\"elementor-counter\">\n\t\t\t<div class=\"elementor-counter-title\">klimatisierte Fl\u00e4chen<\/div>\t\t\t<div class=\"elementor-counter-number-wrapper\">\n\t\t\t\t<span class=\"elementor-counter-number-prefix\"><\/span>\n\t\t\t\t<span class=\"elementor-counter-number\" data-duration=\"5000\" data-to-value=\"1013013\" data-from-value=\"0\" data-delimiter=\",\">0<\/span>\n\t\t\t\t<span class=\"elementor-counter-number-suffix\"> m\u00b2<\/span>\n\t\t\t<\/div>\n\t\t<\/div>\n\t\t\t\t\t\t<\/div>\n\t\t\t\t<\/div>\n\t\t\t\t<\/div>\n\t\t<div class=\"elementor-element elementor-element-7ef52c5 e-con-full e-flex e-con e-child\" data-id=\"7ef52c5\" data-element_type=\"container\" data-e-type=\"container\">\n\t\t\t\t<div class=\"elementor-element elementor-element-eef7e1e elementor-widget elementor-widget-counter\" data-id=\"eef7e1e\" data-element_type=\"widget\" data-e-type=\"widget\" data-widget_type=\"counter.default\">\n\t\t\t\t<div class=\"elementor-widget-container\">\n\t\t\t\t\t\t\t<div class=\"elementor-counter\">\n\t\t\t<div class=\"elementor-counter-title\">an Geothermie-Rohren<\/div>\t\t\t<div class=\"elementor-counter-number-wrapper\">\n\t\t\t\t<span class=\"elementor-counter-number-prefix\"><\/span>\n\t\t\t\t<span class=\"elementor-counter-number\" data-duration=\"3000\" data-to-value=\"12433\" data-from-value=\"0\" data-delimiter=\",\">0<\/span>\n\t\t\t\t<span class=\"elementor-counter-number-suffix\"> km<\/span>\n\t\t\t<\/div>\n\t\t<\/div>\n\t\t\t\t\t\t<\/div>\n\t\t\t\t<\/div>\n\t\t\t\t<\/div>\n\t\t<div class=\"elementor-element elementor-element-3a9cbd7 e-con-full e-flex e-con e-child\" data-id=\"3a9cbd7\" data-element_type=\"container\" data-e-type=\"container\">\n\t\t\t\t<div class=\"elementor-element elementor-element-715e1cf elementor-widget elementor-widget-counter\" data-id=\"715e1cf\" data-element_type=\"widget\" data-e-type=\"widget\" data-widget_type=\"counter.default\">\n\t\t\t\t<div class=\"elementor-widget-container\">\n\t\t\t\t\t\t\t<div class=\"elementor-counter\">\n\t\t\t<div class=\"elementor-counter-title\">eingesparte\/vermeidete CO\u2082<\/div>\t\t\t<div class=\"elementor-counter-number-wrapper\">\n\t\t\t\t<span class=\"elementor-counter-number-prefix\"><\/span>\n\t\t\t\t<span class=\"elementor-counter-number\" data-duration=\"4000\" data-to-value=\"23846\" data-from-value=\"0\" data-delimiter=\",\">0<\/span>\n\t\t\t\t<span class=\"elementor-counter-number-suffix\"> Tonnen<\/span>\n\t\t\t<\/div>\n\t\t<\/div>\n\t\t\t\t\t\t<\/div>\n\t\t\t\t<\/div>\n\t\t\t\t<\/div>\n\t\t\t\t\t<\/div>\n\t\t\t\t<\/div>\n\t\t\t\t<\/div>\n\t\t","protected":false},"excerpt":{"rendered":"<p>Wir sind ein Ingenieur- und Innovationsunternehmen, das unterirdische Energiesysteme bereitstellt, um nachhaltige gebaute Umgebungen zu f\u00f6rdern. WIR BIETEN Geb\u00e4uden erneuerbare thermische Energie durch Energie-Geostrukturen, andere flache Geothermietechnologien und Nahw\u00e4rmesysteme. Entdecken WIR TRANSFORMIEREN infrastrukturen in Heiz- und K\u00fchlquellen sowie Thermobatterien f\u00fcr den Eigenbedarf oder den Nutzen ganzer Stadtviertel und St\u00e4dte. Entdecken WIR ERM\u00d6GLICHEN st\u00e4dten, st\u00e4dtische W\u00e4rmeinseln [&hellip;]<\/p>\n","protected":false},"author":1,"featured_media":0,"parent":0,"menu_order":0,"comment_status":"closed","ping_status":"closed","template":"","meta":{"_acf_changed":false,"footnotes":""},"class_list":["post-7380","page","type-page","status-publish","hentry"],"acf":[],"yoast_head":"<!-- This site is optimized with the Yoast SEO plugin v27.4 - https:\/\/yoast.com\/product\/yoast-seo-wordpress\/ -->\n<title>GEOEG | Nachhaltige L\u00f6sungen f\u00fcr die gebaute Umwelt.<\/title>\n<meta name=\"description\" content=\"GEOEG Engineering bietet nachhaltige L\u00f6sungen f\u00fcr Geb\u00e4ude, Quartiere und St\u00e4dte. Von Solarenergiesystemen bis hin zu unterirdischen thermischen Energiespeichern sind unsere Experten f\u00fcr Sie da.\" \/>\n<meta name=\"robots\" content=\"index, follow, max-snippet:-1, max-image-preview:large, max-video-preview:-1\" \/>\n<link rel=\"canonical\" href=\"https:\/\/geoeg.net\/de\/\" \/>\n<meta property=\"og:locale\" content=\"de_DE\" \/>\n<meta property=\"og:type\" content=\"article\" \/>\n<meta property=\"og:title\" content=\"GEOEG | Nachhaltige L\u00f6sungen f\u00fcr die gebaute Umwelt.\" \/>\n<meta property=\"og:description\" content=\"GEOEG Engineering bietet nachhaltige L\u00f6sungen f\u00fcr Geb\u00e4ude, Quartiere und St\u00e4dte. Von Solarenergiesystemen bis hin zu unterirdischen thermischen Energiespeichern sind unsere Experten f\u00fcr Sie da.\" \/>\n<meta property=\"og:url\" content=\"https:\/\/geoeg.net\/de\/\" \/>\n<meta property=\"og:site_name\" content=\"GEOEG\" \/>\n<meta property=\"article:modified_time\" content=\"2025-01-08T11:35:24+00:00\" \/>\n<meta name=\"twitter:card\" content=\"summary_large_image\" \/>\n<script type=\"application\/ld+json\" class=\"yoast-schema-graph\">{\"@context\":\"https:\\\/\\\/schema.org\",\"@graph\":[{\"@type\":\"WebPage\",\"@id\":\"https:\\\/\\\/geoeg.net\\\/de\\\/\",\"url\":\"https:\\\/\\\/geoeg.net\\\/de\\\/\",\"name\":\"GEOEG | Nachhaltige L\u00f6sungen f\u00fcr die gebaute Umwelt.\",\"isPartOf\":{\"@id\":\"https:\\\/\\\/geoeg.net\\\/de\\\/#website\"},\"datePublished\":\"2023-02-14T15:23:03+00:00\",\"dateModified\":\"2025-01-08T11:35:24+00:00\",\"description\":\"GEOEG Engineering bietet nachhaltige L\u00f6sungen f\u00fcr Geb\u00e4ude, Quartiere und St\u00e4dte. Von Solarenergiesystemen bis hin zu unterirdischen thermischen Energiespeichern sind unsere Experten f\u00fcr Sie da.\",\"breadcrumb\":{\"@id\":\"https:\\\/\\\/geoeg.net\\\/de\\\/#breadcrumb\"},\"inLanguage\":\"de\",\"potentialAction\":[{\"@type\":\"ReadAction\",\"target\":[\"https:\\\/\\\/geoeg.net\\\/de\\\/\"]}]},{\"@type\":\"BreadcrumbList\",\"@id\":\"https:\\\/\\\/geoeg.net\\\/de\\\/#breadcrumb\",\"itemListElement\":[{\"@type\":\"ListItem\",\"position\":1,\"name\":\"Home\",\"item\":\"https:\\\/\\\/geoeg.net\\\/de\\\/homepage\\\/\"},{\"@type\":\"ListItem\",\"position\":2,\"name\":\"HOMEPAGE\"}]},{\"@type\":\"WebSite\",\"@id\":\"https:\\\/\\\/geoeg.net\\\/de\\\/#website\",\"url\":\"https:\\\/\\\/geoeg.net\\\/de\\\/\",\"name\":\"GEOEG\",\"description\":\"\",\"publisher\":{\"@id\":\"https:\\\/\\\/geoeg.net\\\/de\\\/#organization\"},\"potentialAction\":[{\"@type\":\"SearchAction\",\"target\":{\"@type\":\"EntryPoint\",\"urlTemplate\":\"https:\\\/\\\/geoeg.net\\\/de\\\/?s={search_term_string}\"},\"query-input\":{\"@type\":\"PropertyValueSpecification\",\"valueRequired\":true,\"valueName\":\"search_term_string\"}}],\"inLanguage\":\"de\"},{\"@type\":\"Organization\",\"@id\":\"https:\\\/\\\/geoeg.net\\\/de\\\/#organization\",\"name\":\"GEOEG\",\"url\":\"https:\\\/\\\/geoeg.net\\\/de\\\/\",\"logo\":{\"@type\":\"ImageObject\",\"inLanguage\":\"de\",\"@id\":\"https:\\\/\\\/geoeg.net\\\/de\\\/#\\\/schema\\\/logo\\\/image\\\/\",\"url\":\"https:\\\/\\\/geoeg.net\\\/wp-content\\\/uploads\\\/2023\\\/01\\\/geoeg_logo_b.png\",\"contentUrl\":\"https:\\\/\\\/geoeg.net\\\/wp-content\\\/uploads\\\/2023\\\/01\\\/geoeg_logo_b.png\",\"width\":1024,\"height\":290,\"caption\":\"GEOEG\"},\"image\":{\"@id\":\"https:\\\/\\\/geoeg.net\\\/de\\\/#\\\/schema\\\/logo\\\/image\\\/\"}}]}<\/script>\n<!-- \/ Yoast SEO plugin. -->","yoast_head_json":{"title":"GEOEG | Nachhaltige L\u00f6sungen f\u00fcr die gebaute Umwelt.","description":"GEOEG Engineering bietet nachhaltige L\u00f6sungen f\u00fcr Geb\u00e4ude, Quartiere und St\u00e4dte. Von Solarenergiesystemen bis hin zu unterirdischen thermischen Energiespeichern sind unsere Experten f\u00fcr Sie da.","robots":{"index":"index","follow":"follow","max-snippet":"max-snippet:-1","max-image-preview":"max-image-preview:large","max-video-preview":"max-video-preview:-1"},"canonical":"https:\/\/geoeg.net\/de\/","og_locale":"de_DE","og_type":"article","og_title":"GEOEG | Nachhaltige L\u00f6sungen f\u00fcr die gebaute Umwelt.","og_description":"GEOEG Engineering bietet nachhaltige L\u00f6sungen f\u00fcr Geb\u00e4ude, Quartiere und St\u00e4dte. Von Solarenergiesystemen bis hin zu unterirdischen thermischen Energiespeichern sind unsere Experten f\u00fcr Sie da.","og_url":"https:\/\/geoeg.net\/de\/","og_site_name":"GEOEG","article_modified_time":"2025-01-08T11:35:24+00:00","twitter_card":"summary_large_image","schema":{"@context":"https:\/\/schema.org","@graph":[{"@type":"WebPage","@id":"https:\/\/geoeg.net\/de\/","url":"https:\/\/geoeg.net\/de\/","name":"GEOEG | Nachhaltige L\u00f6sungen f\u00fcr die gebaute Umwelt.","isPartOf":{"@id":"https:\/\/geoeg.net\/de\/#website"},"datePublished":"2023-02-14T15:23:03+00:00","dateModified":"2025-01-08T11:35:24+00:00","description":"GEOEG Engineering bietet nachhaltige L\u00f6sungen f\u00fcr Geb\u00e4ude, Quartiere und St\u00e4dte. Von Solarenergiesystemen bis hin zu unterirdischen thermischen Energiespeichern sind unsere Experten f\u00fcr Sie da.","breadcrumb":{"@id":"https:\/\/geoeg.net\/de\/#breadcrumb"},"inLanguage":"de","potentialAction":[{"@type":"ReadAction","target":["https:\/\/geoeg.net\/de\/"]}]},{"@type":"BreadcrumbList","@id":"https:\/\/geoeg.net\/de\/#breadcrumb","itemListElement":[{"@type":"ListItem","position":1,"name":"Home","item":"https:\/\/geoeg.net\/de\/homepage\/"},{"@type":"ListItem","position":2,"name":"HOMEPAGE"}]},{"@type":"WebSite","@id":"https:\/\/geoeg.net\/de\/#website","url":"https:\/\/geoeg.net\/de\/","name":"GEOEG","description":"","publisher":{"@id":"https:\/\/geoeg.net\/de\/#organization"},"potentialAction":[{"@type":"SearchAction","target":{"@type":"EntryPoint","urlTemplate":"https:\/\/geoeg.net\/de\/?s={search_term_string}"},"query-input":{"@type":"PropertyValueSpecification","valueRequired":true,"valueName":"search_term_string"}}],"inLanguage":"de"},{"@type":"Organization","@id":"https:\/\/geoeg.net\/de\/#organization","name":"GEOEG","url":"https:\/\/geoeg.net\/de\/","logo":{"@type":"ImageObject","inLanguage":"de","@id":"https:\/\/geoeg.net\/de\/#\/schema\/logo\/image\/","url":"https:\/\/geoeg.net\/wp-content\/uploads\/2023\/01\/geoeg_logo_b.png","contentUrl":"https:\/\/geoeg.net\/wp-content\/uploads\/2023\/01\/geoeg_logo_b.png","width":1024,"height":290,"caption":"GEOEG"},"image":{"@id":"https:\/\/geoeg.net\/de\/#\/schema\/logo\/image\/"}}]}},"_links":{"self":[{"href":"https:\/\/geoeg.net\/de\/wp-json\/wp\/v2\/pages\/7380","targetHints":{"allow":["GET"]}}],"collection":[{"href":"https:\/\/geoeg.net\/de\/wp-json\/wp\/v2\/pages"}],"about":[{"href":"https:\/\/geoeg.net\/de\/wp-json\/wp\/v2\/types\/page"}],"author":[{"embeddable":true,"href":"https:\/\/geoeg.net\/de\/wp-json\/wp\/v2\/users\/1"}],"replies":[{"embeddable":true,"href":"https:\/\/geoeg.net\/de\/wp-json\/wp\/v2\/comments?post=7380"}],"version-history":[{"count":0,"href":"https:\/\/geoeg.net\/de\/wp-json\/wp\/v2\/pages\/7380\/revisions"}],"wp:attachment":[{"href":"https:\/\/geoeg.net\/de\/wp-json\/wp\/v2\/media?parent=7380"}],"curies":[{"name":"wp","href":"https:\/\/api.w.org\/{rel}","templated":true}]}}