{"id":7390,"date":"2023-03-09T08:44:43","date_gmt":"2023-03-09T08:44:43","guid":{"rendered":"https:\/\/geoeg.net\/projekte-gebaeude\/"},"modified":"2024-12-02T14:29:41","modified_gmt":"2024-12-02T14:29:41","slug":"projekte-gebaeude","status":"publish","type":"page","link":"https:\/\/geoeg.net\/de\/projekte-gebaeude\/","title":{"rendered":"PROJEKTE Geb\u00e4ude"},"content":{"rendered":"\t\t<div data-elementor-type=\"wp-page\" data-elementor-id=\"7390\" class=\"elementor elementor-7390 elementor-2732\" data-elementor-post-type=\"page\">\n\t\t\t\t<div class=\"elementor-element elementor-element-ebf3fe2 e-con-full e-flex e-con e-parent\" data-id=\"ebf3fe2\" data-element_type=\"container\" data-e-type=\"container\" data-settings=\"{&quot;background_background&quot;:&quot;classic&quot;}\">\n\t\t\t\t<div class=\"elementor-element elementor-element-dedde4f elementor-widget__width-initial elementor-widget elementor-widget-text-editor\" data-id=\"dedde4f\" data-element_type=\"widget\" data-e-type=\"widget\" data-widget_type=\"text-editor.default\">\n\t\t\t\t<div class=\"elementor-widget-container\">\n\t\t\t\t\t\t\t\t\t<h1><span style=\"color: #ffffff;\">GEB\u00c4UDE<\/span><\/h1>\n<p>Wir versorgen Geb\u00e4ude mit <span style=\"color: #ffffff;\"><strong><em>sauberer thermischer Energie<\/em><\/strong><\/span> durch Energiegeostrukturen, andere oberfl\u00e4chennahe Geothermietechnologien und Fernw\u00e4rmesysteme.<\/p>\n\t\t\t\t\t\t\t\t<\/div>\n\t\t\t\t<\/div>\n\t\t\t\t<\/div>\n\t\t<div class=\"elementor-element elementor-element-73c5376 e-con-full e-flex e-con e-parent\" data-id=\"73c5376\" data-element_type=\"container\" data-e-type=\"container\">\n\t\t\t\t<\/div>\n\t\t\t\t<\/div>\n\t\t","protected":false},"excerpt":{"rendered":"<p>GEB\u00c4UDE Wir versorgen Geb\u00e4ude mit sauberer thermischer Energie durch Energiegeostrukturen, andere oberfl\u00e4chennahe Geothermietechnologien und Fernw\u00e4rmesysteme.<\/p>\n","protected":false},"author":1,"featured_media":0,"parent":0,"menu_order":0,"comment_status":"closed","ping_status":"closed","template":"","meta":{"_acf_changed":false,"footnotes":""},"class_list":["post-7390","page","type-page","status-publish","hentry"],"acf":[],"yoast_head":"<!-- This site is optimized with the Yoast SEO plugin v27.4 - https:\/\/yoast.com\/product\/yoast-seo-wordpress\/ -->\n<title>PROJEKTE Geb\u00e4ude - GEOEG<\/title>\n<meta name=\"robots\" content=\"index, follow, max-snippet:-1, max-image-preview:large, max-video-preview:-1\" \/>\n<link rel=\"canonical\" href=\"https:\/\/geoeg.net\/de\/projekte-gebaeude\/\" \/>\n<meta property=\"og:locale\" content=\"de_DE\" \/>\n<meta property=\"og:type\" content=\"article\" \/>\n<meta property=\"og:title\" content=\"PROJEKTE Geb\u00e4ude - GEOEG\" \/>\n<meta property=\"og:description\" content=\"GEB\u00c4UDE Wir versorgen Geb\u00e4ude mit sauberer thermischer Energie durch Energiegeostrukturen, andere oberfl\u00e4chennahe Geothermietechnologien und Fernw\u00e4rmesysteme.\" \/>\n<meta property=\"og:url\" content=\"https:\/\/geoeg.net\/de\/projekte-gebaeude\/\" \/>\n<meta property=\"og:site_name\" content=\"GEOEG\" \/>\n<meta property=\"article:modified_time\" content=\"2024-12-02T14:29:41+00:00\" \/>\n<meta name=\"twitter:card\" content=\"summary_large_image\" \/>\n<script type=\"application\/ld+json\" class=\"yoast-schema-graph\">{\"@context\":\"https:\\\/\\\/schema.org\",\"@graph\":[{\"@type\":\"WebPage\",\"@id\":\"https:\\\/\\\/geoeg.net\\\/de\\\/projekte-gebaeude\\\/\",\"url\":\"https:\\\/\\\/geoeg.net\\\/de\\\/projekte-gebaeude\\\/\",\"name\":\"PROJEKTE Geb\u00e4ude - GEOEG\",\"isPartOf\":{\"@id\":\"https:\\\/\\\/geoeg.net\\\/de\\\/#website\"},\"datePublished\":\"2023-03-09T08:44:43+00:00\",\"dateModified\":\"2024-12-02T14:29:41+00:00\",\"breadcrumb\":{\"@id\":\"https:\\\/\\\/geoeg.net\\\/de\\\/projekte-gebaeude\\\/#breadcrumb\"},\"inLanguage\":\"de\",\"potentialAction\":[{\"@type\":\"ReadAction\",\"target\":[\"https:\\\/\\\/geoeg.net\\\/de\\\/projekte-gebaeude\\\/\"]}]},{\"@type\":\"BreadcrumbList\",\"@id\":\"https:\\\/\\\/geoeg.net\\\/de\\\/projekte-gebaeude\\\/#breadcrumb\",\"itemListElement\":[{\"@type\":\"ListItem\",\"position\":1,\"name\":\"Home\",\"item\":\"https:\\\/\\\/geoeg.net\\\/de\\\/homepage\\\/\"},{\"@type\":\"ListItem\",\"position\":2,\"name\":\"PROJEKTE Geb\u00e4ude\"}]},{\"@type\":\"WebSite\",\"@id\":\"https:\\\/\\\/geoeg.net\\\/de\\\/#website\",\"url\":\"https:\\\/\\\/geoeg.net\\\/de\\\/\",\"name\":\"GEOEG\",\"description\":\"\",\"publisher\":{\"@id\":\"https:\\\/\\\/geoeg.net\\\/de\\\/#organization\"},\"potentialAction\":[{\"@type\":\"SearchAction\",\"target\":{\"@type\":\"EntryPoint\",\"urlTemplate\":\"https:\\\/\\\/geoeg.net\\\/de\\\/?s={search_term_string}\"},\"query-input\":{\"@type\":\"PropertyValueSpecification\",\"valueRequired\":true,\"valueName\":\"search_term_string\"}}],\"inLanguage\":\"de\"},{\"@type\":\"Organization\",\"@id\":\"https:\\\/\\\/geoeg.net\\\/de\\\/#organization\",\"name\":\"GEOEG\",\"url\":\"https:\\\/\\\/geoeg.net\\\/de\\\/\",\"logo\":{\"@type\":\"ImageObject\",\"inLanguage\":\"de\",\"@id\":\"https:\\\/\\\/geoeg.net\\\/de\\\/#\\\/schema\\\/logo\\\/image\\\/\",\"url\":\"https:\\\/\\\/geoeg.net\\\/wp-content\\\/uploads\\\/2023\\\/01\\\/geoeg_logo_b.png\",\"contentUrl\":\"https:\\\/\\\/geoeg.net\\\/wp-content\\\/uploads\\\/2023\\\/01\\\/geoeg_logo_b.png\",\"width\":1024,\"height\":290,\"caption\":\"GEOEG\"},\"image\":{\"@id\":\"https:\\\/\\\/geoeg.net\\\/de\\\/#\\\/schema\\\/logo\\\/image\\\/\"}}]}<\/script>\n<!-- \/ Yoast SEO plugin. -->","yoast_head_json":{"title":"PROJEKTE Geb\u00e4ude - GEOEG","robots":{"index":"index","follow":"follow","max-snippet":"max-snippet:-1","max-image-preview":"max-image-preview:large","max-video-preview":"max-video-preview:-1"},"canonical":"https:\/\/geoeg.net\/de\/projekte-gebaeude\/","og_locale":"de_DE","og_type":"article","og_title":"PROJEKTE Geb\u00e4ude - GEOEG","og_description":"GEB\u00c4UDE Wir versorgen Geb\u00e4ude mit sauberer thermischer Energie durch Energiegeostrukturen, andere oberfl\u00e4chennahe Geothermietechnologien und Fernw\u00e4rmesysteme.","og_url":"https:\/\/geoeg.net\/de\/projekte-gebaeude\/","og_site_name":"GEOEG","article_modified_time":"2024-12-02T14:29:41+00:00","twitter_card":"summary_large_image","schema":{"@context":"https:\/\/schema.org","@graph":[{"@type":"WebPage","@id":"https:\/\/geoeg.net\/de\/projekte-gebaeude\/","url":"https:\/\/geoeg.net\/de\/projekte-gebaeude\/","name":"PROJEKTE Geb\u00e4ude - GEOEG","isPartOf":{"@id":"https:\/\/geoeg.net\/de\/#website"},"datePublished":"2023-03-09T08:44:43+00:00","dateModified":"2024-12-02T14:29:41+00:00","breadcrumb":{"@id":"https:\/\/geoeg.net\/de\/projekte-gebaeude\/#breadcrumb"},"inLanguage":"de","potentialAction":[{"@type":"ReadAction","target":["https:\/\/geoeg.net\/de\/projekte-gebaeude\/"]}]},{"@type":"BreadcrumbList","@id":"https:\/\/geoeg.net\/de\/projekte-gebaeude\/#breadcrumb","itemListElement":[{"@type":"ListItem","position":1,"name":"Home","item":"https:\/\/geoeg.net\/de\/homepage\/"},{"@type":"ListItem","position":2,"name":"PROJEKTE Geb\u00e4ude"}]},{"@type":"WebSite","@id":"https:\/\/geoeg.net\/de\/#website","url":"https:\/\/geoeg.net\/de\/","name":"GEOEG","description":"","publisher":{"@id":"https:\/\/geoeg.net\/de\/#organization"},"potentialAction":[{"@type":"SearchAction","target":{"@type":"EntryPoint","urlTemplate":"https:\/\/geoeg.net\/de\/?s={search_term_string}"},"query-input":{"@type":"PropertyValueSpecification","valueRequired":true,"valueName":"search_term_string"}}],"inLanguage":"de"},{"@type":"Organization","@id":"https:\/\/geoeg.net\/de\/#organization","name":"GEOEG","url":"https:\/\/geoeg.net\/de\/","logo":{"@type":"ImageObject","inLanguage":"de","@id":"https:\/\/geoeg.net\/de\/#\/schema\/logo\/image\/","url":"https:\/\/geoeg.net\/wp-content\/uploads\/2023\/01\/geoeg_logo_b.png","contentUrl":"https:\/\/geoeg.net\/wp-content\/uploads\/2023\/01\/geoeg_logo_b.png","width":1024,"height":290,"caption":"GEOEG"},"image":{"@id":"https:\/\/geoeg.net\/de\/#\/schema\/logo\/image\/"}}]}},"_links":{"self":[{"href":"https:\/\/geoeg.net\/de\/wp-json\/wp\/v2\/pages\/7390","targetHints":{"allow":["GET"]}}],"collection":[{"href":"https:\/\/geoeg.net\/de\/wp-json\/wp\/v2\/pages"}],"about":[{"href":"https:\/\/geoeg.net\/de\/wp-json\/wp\/v2\/types\/page"}],"author":[{"embeddable":true,"href":"https:\/\/geoeg.net\/de\/wp-json\/wp\/v2\/users\/1"}],"replies":[{"embeddable":true,"href":"https:\/\/geoeg.net\/de\/wp-json\/wp\/v2\/comments?post=7390"}],"version-history":[{"count":0,"href":"https:\/\/geoeg.net\/de\/wp-json\/wp\/v2\/pages\/7390\/revisions"}],"wp:attachment":[{"href":"https:\/\/geoeg.net\/de\/wp-json\/wp\/v2\/media?parent=7390"}],"curies":[{"name":"wp","href":"https:\/\/api.w.org\/{rel}","templated":true}]}}