{"id":7394,"date":"2023-02-20T15:11:30","date_gmt":"2023-02-20T15:11:30","guid":{"rendered":"https:\/\/geoeg.net\/projekte-infrastrukturen\/"},"modified":"2024-12-02T14:30:44","modified_gmt":"2024-12-02T14:30:44","slug":"projekte-infrastrukturen","status":"publish","type":"page","link":"https:\/\/geoeg.net\/de\/projekte-infrastrukturen\/","title":{"rendered":"PROJEKTE Infrastrukturen"},"content":{"rendered":"\t\t<div data-elementor-type=\"wp-page\" data-elementor-id=\"7394\" class=\"elementor elementor-7394 elementor-781\" data-elementor-post-type=\"page\">\n\t\t\t\t<div class=\"elementor-element elementor-element-d8d63ca e-con-full e-flex e-con e-parent\" data-id=\"d8d63ca\" data-element_type=\"container\" data-e-type=\"container\" data-settings=\"{&quot;background_background&quot;:&quot;classic&quot;}\">\n\t\t\t\t<div class=\"elementor-element elementor-element-55f7187 elementor-widget__width-initial elementor-widget elementor-widget-text-editor\" data-id=\"55f7187\" data-element_type=\"widget\" data-e-type=\"widget\" data-widget_type=\"text-editor.default\">\n\t\t\t\t<div class=\"elementor-widget-container\">\n\t\t\t\t\t\t\t\t\t<h1><span style=\"color: #ffffff;\">INFRASTRUKTUREN<\/span><\/h1>\n<p>Wir verwandeln Infrastrukturen in <span style=\"color: #ffffff;\"><strong><em>W\u00e4rme- und K\u00e4ltequellen und thermische Batterien<\/em><\/strong><\/span> f\u00fcr den Eigenbedarf oder zum Nutzen ganzer Nachbarschaften, Stadtteile und St\u00e4dte.<\/p>\n\t\t\t\t\t\t\t\t<\/div>\n\t\t\t\t<\/div>\n\t\t\t\t<\/div>\n\t\t<div class=\"elementor-element elementor-element-73c5376 e-con-full e-flex e-con e-parent\" data-id=\"73c5376\" data-element_type=\"container\" data-e-type=\"container\">\n\t\t\t\t<\/div>\n\t\t\t\t<\/div>\n\t\t","protected":false},"excerpt":{"rendered":"<p>INFRASTRUKTUREN Wir verwandeln Infrastrukturen in W\u00e4rme- und K\u00e4ltequellen und thermische Batterien f\u00fcr den Eigenbedarf oder zum Nutzen ganzer Nachbarschaften, Stadtteile und St\u00e4dte.<\/p>\n","protected":false},"author":1,"featured_media":0,"parent":0,"menu_order":0,"comment_status":"closed","ping_status":"closed","template":"","meta":{"_acf_changed":false,"footnotes":""},"class_list":["post-7394","page","type-page","status-publish","hentry"],"acf":[],"yoast_head":"<!-- This site is optimized with the Yoast SEO plugin v27.4 - https:\/\/yoast.com\/product\/yoast-seo-wordpress\/ -->\n<title>GEOEG | Projekte Infrastrukturen<\/title>\n<meta name=\"description\" content=\"GEOEG Engineering bietet nachhaltige L\u00f6sungen f\u00fcr Geb\u00e4ude, Quartiere und St\u00e4dte. Von Solarenergiesystemen bis hin zu unterirdischen thermischen Energiespeichern sind unsere Experten f\u00fcr Sie da.\" \/>\n<meta name=\"robots\" content=\"index, follow, max-snippet:-1, max-image-preview:large, max-video-preview:-1\" \/>\n<link rel=\"canonical\" href=\"https:\/\/geoeg.net\/de\/projekte-infrastrukturen\/\" \/>\n<meta property=\"og:locale\" content=\"de_DE\" \/>\n<meta property=\"og:type\" content=\"article\" \/>\n<meta property=\"og:title\" content=\"GEOEG | Projekte Infrastrukturen\" \/>\n<meta property=\"og:description\" content=\"GEOEG Engineering bietet nachhaltige L\u00f6sungen f\u00fcr Geb\u00e4ude, Quartiere und St\u00e4dte. Von Solarenergiesystemen bis hin zu unterirdischen thermischen Energiespeichern sind unsere Experten f\u00fcr Sie da.\" \/>\n<meta property=\"og:url\" content=\"https:\/\/geoeg.net\/de\/projekte-infrastrukturen\/\" \/>\n<meta property=\"og:site_name\" content=\"GEOEG\" \/>\n<meta property=\"article:modified_time\" content=\"2024-12-02T14:30:44+00:00\" \/>\n<meta name=\"twitter:card\" content=\"summary_large_image\" \/>\n<script type=\"application\/ld+json\" class=\"yoast-schema-graph\">{\"@context\":\"https:\\\/\\\/schema.org\",\"@graph\":[{\"@type\":\"WebPage\",\"@id\":\"https:\\\/\\\/geoeg.net\\\/de\\\/projekte-infrastrukturen\\\/\",\"url\":\"https:\\\/\\\/geoeg.net\\\/de\\\/projekte-infrastrukturen\\\/\",\"name\":\"GEOEG | Projekte Infrastrukturen\",\"isPartOf\":{\"@id\":\"https:\\\/\\\/geoeg.net\\\/de\\\/#website\"},\"datePublished\":\"2023-02-20T15:11:30+00:00\",\"dateModified\":\"2024-12-02T14:30:44+00:00\",\"description\":\"GEOEG Engineering bietet nachhaltige L\u00f6sungen f\u00fcr Geb\u00e4ude, Quartiere und St\u00e4dte. Von Solarenergiesystemen bis hin zu unterirdischen thermischen Energiespeichern sind unsere Experten f\u00fcr Sie da.\",\"breadcrumb\":{\"@id\":\"https:\\\/\\\/geoeg.net\\\/de\\\/projekte-infrastrukturen\\\/#breadcrumb\"},\"inLanguage\":\"de\",\"potentialAction\":[{\"@type\":\"ReadAction\",\"target\":[\"https:\\\/\\\/geoeg.net\\\/de\\\/projekte-infrastrukturen\\\/\"]}]},{\"@type\":\"BreadcrumbList\",\"@id\":\"https:\\\/\\\/geoeg.net\\\/de\\\/projekte-infrastrukturen\\\/#breadcrumb\",\"itemListElement\":[{\"@type\":\"ListItem\",\"position\":1,\"name\":\"Home\",\"item\":\"https:\\\/\\\/geoeg.net\\\/de\\\/homepage\\\/\"},{\"@type\":\"ListItem\",\"position\":2,\"name\":\"PROJEKTE Infrastrukturen\"}]},{\"@type\":\"WebSite\",\"@id\":\"https:\\\/\\\/geoeg.net\\\/de\\\/#website\",\"url\":\"https:\\\/\\\/geoeg.net\\\/de\\\/\",\"name\":\"GEOEG\",\"description\":\"\",\"publisher\":{\"@id\":\"https:\\\/\\\/geoeg.net\\\/de\\\/#organization\"},\"potentialAction\":[{\"@type\":\"SearchAction\",\"target\":{\"@type\":\"EntryPoint\",\"urlTemplate\":\"https:\\\/\\\/geoeg.net\\\/de\\\/?s={search_term_string}\"},\"query-input\":{\"@type\":\"PropertyValueSpecification\",\"valueRequired\":true,\"valueName\":\"search_term_string\"}}],\"inLanguage\":\"de\"},{\"@type\":\"Organization\",\"@id\":\"https:\\\/\\\/geoeg.net\\\/de\\\/#organization\",\"name\":\"GEOEG\",\"url\":\"https:\\\/\\\/geoeg.net\\\/de\\\/\",\"logo\":{\"@type\":\"ImageObject\",\"inLanguage\":\"de\",\"@id\":\"https:\\\/\\\/geoeg.net\\\/de\\\/#\\\/schema\\\/logo\\\/image\\\/\",\"url\":\"https:\\\/\\\/geoeg.net\\\/wp-content\\\/uploads\\\/2023\\\/01\\\/geoeg_logo_b.png\",\"contentUrl\":\"https:\\\/\\\/geoeg.net\\\/wp-content\\\/uploads\\\/2023\\\/01\\\/geoeg_logo_b.png\",\"width\":1024,\"height\":290,\"caption\":\"GEOEG\"},\"image\":{\"@id\":\"https:\\\/\\\/geoeg.net\\\/de\\\/#\\\/schema\\\/logo\\\/image\\\/\"}}]}<\/script>\n<!-- \/ Yoast SEO plugin. -->","yoast_head_json":{"title":"GEOEG | Projekte Infrastrukturen","description":"GEOEG Engineering bietet nachhaltige L\u00f6sungen f\u00fcr Geb\u00e4ude, Quartiere und St\u00e4dte. Von Solarenergiesystemen bis hin zu unterirdischen thermischen Energiespeichern sind unsere Experten f\u00fcr Sie da.","robots":{"index":"index","follow":"follow","max-snippet":"max-snippet:-1","max-image-preview":"max-image-preview:large","max-video-preview":"max-video-preview:-1"},"canonical":"https:\/\/geoeg.net\/de\/projekte-infrastrukturen\/","og_locale":"de_DE","og_type":"article","og_title":"GEOEG | Projekte Infrastrukturen","og_description":"GEOEG Engineering bietet nachhaltige L\u00f6sungen f\u00fcr Geb\u00e4ude, Quartiere und St\u00e4dte. Von Solarenergiesystemen bis hin zu unterirdischen thermischen Energiespeichern sind unsere Experten f\u00fcr Sie da.","og_url":"https:\/\/geoeg.net\/de\/projekte-infrastrukturen\/","og_site_name":"GEOEG","article_modified_time":"2024-12-02T14:30:44+00:00","twitter_card":"summary_large_image","schema":{"@context":"https:\/\/schema.org","@graph":[{"@type":"WebPage","@id":"https:\/\/geoeg.net\/de\/projekte-infrastrukturen\/","url":"https:\/\/geoeg.net\/de\/projekte-infrastrukturen\/","name":"GEOEG | Projekte Infrastrukturen","isPartOf":{"@id":"https:\/\/geoeg.net\/de\/#website"},"datePublished":"2023-02-20T15:11:30+00:00","dateModified":"2024-12-02T14:30:44+00:00","description":"GEOEG Engineering bietet nachhaltige L\u00f6sungen f\u00fcr Geb\u00e4ude, Quartiere und St\u00e4dte. Von Solarenergiesystemen bis hin zu unterirdischen thermischen Energiespeichern sind unsere Experten f\u00fcr Sie da.","breadcrumb":{"@id":"https:\/\/geoeg.net\/de\/projekte-infrastrukturen\/#breadcrumb"},"inLanguage":"de","potentialAction":[{"@type":"ReadAction","target":["https:\/\/geoeg.net\/de\/projekte-infrastrukturen\/"]}]},{"@type":"BreadcrumbList","@id":"https:\/\/geoeg.net\/de\/projekte-infrastrukturen\/#breadcrumb","itemListElement":[{"@type":"ListItem","position":1,"name":"Home","item":"https:\/\/geoeg.net\/de\/homepage\/"},{"@type":"ListItem","position":2,"name":"PROJEKTE Infrastrukturen"}]},{"@type":"WebSite","@id":"https:\/\/geoeg.net\/de\/#website","url":"https:\/\/geoeg.net\/de\/","name":"GEOEG","description":"","publisher":{"@id":"https:\/\/geoeg.net\/de\/#organization"},"potentialAction":[{"@type":"SearchAction","target":{"@type":"EntryPoint","urlTemplate":"https:\/\/geoeg.net\/de\/?s={search_term_string}"},"query-input":{"@type":"PropertyValueSpecification","valueRequired":true,"valueName":"search_term_string"}}],"inLanguage":"de"},{"@type":"Organization","@id":"https:\/\/geoeg.net\/de\/#organization","name":"GEOEG","url":"https:\/\/geoeg.net\/de\/","logo":{"@type":"ImageObject","inLanguage":"de","@id":"https:\/\/geoeg.net\/de\/#\/schema\/logo\/image\/","url":"https:\/\/geoeg.net\/wp-content\/uploads\/2023\/01\/geoeg_logo_b.png","contentUrl":"https:\/\/geoeg.net\/wp-content\/uploads\/2023\/01\/geoeg_logo_b.png","width":1024,"height":290,"caption":"GEOEG"},"image":{"@id":"https:\/\/geoeg.net\/de\/#\/schema\/logo\/image\/"}}]}},"_links":{"self":[{"href":"https:\/\/geoeg.net\/de\/wp-json\/wp\/v2\/pages\/7394","targetHints":{"allow":["GET"]}}],"collection":[{"href":"https:\/\/geoeg.net\/de\/wp-json\/wp\/v2\/pages"}],"about":[{"href":"https:\/\/geoeg.net\/de\/wp-json\/wp\/v2\/types\/page"}],"author":[{"embeddable":true,"href":"https:\/\/geoeg.net\/de\/wp-json\/wp\/v2\/users\/1"}],"replies":[{"embeddable":true,"href":"https:\/\/geoeg.net\/de\/wp-json\/wp\/v2\/comments?post=7394"}],"version-history":[{"count":0,"href":"https:\/\/geoeg.net\/de\/wp-json\/wp\/v2\/pages\/7394\/revisions"}],"wp:attachment":[{"href":"https:\/\/geoeg.net\/de\/wp-json\/wp\/v2\/media?parent=7394"}],"curies":[{"name":"wp","href":"https:\/\/api.w.org\/{rel}","templated":true}]}}