{"id":7423,"date":"2023-01-30T10:51:40","date_gmt":"2023-01-30T10:51:40","guid":{"rendered":"https:\/\/geoeg.net\/datenschutzrichtlinie\/"},"modified":"2024-12-02T16:09:36","modified_gmt":"2024-12-02T16:09:36","slug":"datenschutzrichtlinie","status":"publish","type":"page","link":"https:\/\/geoeg.net\/de\/datenschutzrichtlinie\/","title":{"rendered":"Datenschutzrichtlinie"},"content":{"rendered":"\t\t<div data-elementor-type=\"wp-page\" data-elementor-id=\"7423\" class=\"elementor elementor-7423 elementor-3\" data-elementor-post-type=\"page\">\n\t\t\t\t\t\t<section class=\"elementor-section elementor-top-section elementor-element elementor-element-4868b242 elementor-section-boxed elementor-section-height-default elementor-section-height-default\" data-id=\"4868b242\" data-element_type=\"section\" data-e-type=\"section\">\n\t\t\t\t\t\t<div class=\"elementor-container elementor-column-gap-default\">\n\t\t\t\t\t<div class=\"elementor-column elementor-col-100 elementor-top-column elementor-element elementor-element-615e421c\" data-id=\"615e421c\" data-element_type=\"column\" data-e-type=\"column\">\n\t\t\t<div class=\"elementor-widget-wrap elementor-element-populated\">\n\t\t\t\t\t\t<div class=\"elementor-element elementor-element-9272709 elementor-widget elementor-widget-text-editor\" data-id=\"9272709\" data-element_type=\"widget\" data-e-type=\"widget\" data-widget_type=\"text-editor.default\">\n\t\t\t\t<div class=\"elementor-widget-container\">\n\t\t\t\t\t\t\t\t\t<h1>Datenschutzrichtlinie<br><\/h1>\n<div><br><\/div>\n<p>Diese Datenschutzrichtlinie beschreibt die Richtlinien von GEOEG, Av. d\u2019Echallens 35, Lausanne 1004, Schweiz, Telefon: +41 76 339 93 62, bez\u00fcglich der Erfassung, Verwendung und Offenlegung Ihrer Informationen, die wir sammeln, wenn Sie unsere Website (https:\/\/geoeg.net\/) nutzen (der \u201eService\u201c). Durch den Zugriff auf oder die Nutzung des Services stimmen Sie der Erfassung, Verwendung und Offenlegung Ihrer Informationen gem\u00e4\u00df dieser Datenschutzrichtlinie zu. Wenn Sie dem nicht zustimmen, greifen Sie bitte nicht auf den Service zu oder nutzen Sie ihn nicht.    <\/p>\n<p>Wir k\u00f6nnen diese Datenschutzrichtlinie jederzeit ohne vorherige Ank\u00fcndigung \u00e4ndern und die \u00fcberarbeitete Datenschutzrichtlinie im Service ver\u00f6ffentlichen. Die \u00fcberarbeitete Richtlinie tritt 180 Tage nach ihrer Ver\u00f6ffentlichung im Service in Kraft, und Ihr weiterer Zugriff auf oder Ihre Nutzung des Services nach dieser Zeit gilt als Ihre Zustimmung zur \u00fcberarbeiteten Datenschutzrichtlinie. Wir empfehlen Ihnen daher, diese Seite regelm\u00e4\u00dfig zu \u00fcberpr\u00fcfen.  <\/p>\n<ol>\n<li>\n<h2>IHRE RECHTE:<\/h2>\n<p>Je nach geltendem Recht haben Sie m\u00f6glicherweise das Recht, auf Ihre personenbezogenen Daten zuzugreifen, sie zu berichtigen oder zu l\u00f6schen, eine Kopie Ihrer personenbezogenen Daten zu erhalten, die aktive Verarbeitung Ihrer Daten einzuschr\u00e4nken oder ihr zu widersprechen, uns zu bitten, Ihre personenbezogenen Daten an eine andere Stelle zu \u00fcbermitteln (Portabilit\u00e4t), eine von Ihnen erteilte Einwilligung zur Verarbeitung Ihrer Daten zu widerrufen, eine Beschwerde bei einer Beh\u00f6rde einzureichen und andere Rechte, die gem\u00e4\u00df den geltenden Gesetzen relevant sein k\u00f6nnen. Um diese Rechte auszu\u00fcben, k\u00f6nnen Sie uns unter info@geoeg.net schreiben. Wir werden auf Ihre Anfrage gem\u00e4\u00df dem geltenden Recht antworten.  <\/p>\n<p>Bitte beachten Sie, dass Sie m\u00f6glicherweise nicht auf die Dienste zugreifen oder sie nutzen k\u00f6nnen, f\u00fcr die Ihre Informationen angefordert wurden, wenn Sie uns nicht gestatten, die erforderlichen personenbezogenen Daten zu sammeln oder zu verarbeiten oder die Einwilligung zur Verarbeitung f\u00fcr die erforderlichen Zwecke zu widerrufen.<\/p>\n<\/li>\n<li>\n<h2>COOKIES ETC.:<\/h2>\n<p>Um mehr dar\u00fcber zu erfahren, wie wir diese verwenden und welche M\u00f6glichkeiten Sie in Bezug auf diese Tracking-Technologien haben, lesen Sie bitte unsere&nbsp; <a href=\"https:\/\/geoeg.net\/de\/\">Cookie-Richtlinie<\/a>.<\/p>\n<\/li>\n<li>\n<h2>SICHERHEIT:<\/h2>\n<p>Die Sicherheit Ihrer Informationen ist uns wichtig, und wir werden angemessene Sicherheitsma\u00dfnahmen ergreifen, um den Verlust, Missbrauch oder die unbefugte \u00c4nderung Ihrer unter unserer Kontrolle stehenden Informationen zu verhindern. Aufgrund der inh\u00e4renten Risiken k\u00f6nnen wir jedoch keine absolute Sicherheit garantieren und k\u00f6nnen daher die Sicherheit der Informationen, die Sie uns \u00fcbermitteln, nicht gew\u00e4hrleisten oder garantieren; Sie tun dies auf eigenes Risiko. <\/p>\n<\/li>\n<li>\n<h2>BESCHWERDEN \/ DATENSCHUTZBEAUFTRAGTER:<\/h2>\n<p>Wenn Sie Fragen oder Bedenken bez\u00fcglich der Verarbeitung Ihrer Informationen haben, die bei uns vorliegen, k\u00f6nnen Sie unseren Datenschutzbeauftragten per E-Mail an GEOEG, Av. d\u2019Echallens 35, E-Mail: info@geoeg.net kontaktieren. Wir werden Ihre Bedenken gem\u00e4\u00df dem geltenden Recht ansprechen.  <\/p>\n<\/li>\n<\/ol>\t\t\t\t\t\t\t\t<\/div>\n\t\t\t\t<\/div>\n\t\t\t\t\t<\/div>\n\t\t<\/div>\n\t\t\t\t\t<\/div>\n\t\t<\/section>\n\t\t\t\t<\/div>\n\t\t","protected":false},"excerpt":{"rendered":"<p>Datenschutzrichtlinie Diese Datenschutzrichtlinie beschreibt die Richtlinien von GEOEG, Av. d\u2019Echallens 35, Lausanne 1004, Schweiz, Telefon: +41 76 339 93 62, bez\u00fcglich der Erfassung, Verwendung und Offenlegung Ihrer Informationen, die wir sammeln, wenn Sie unsere Website (https:\/\/geoeg.net\/) nutzen (der \u201eService\u201c). Durch den Zugriff auf oder die Nutzung des Services stimmen Sie der Erfassung, Verwendung und Offenlegung [&hellip;]<\/p>\n","protected":false},"author":1,"featured_media":0,"parent":0,"menu_order":0,"comment_status":"closed","ping_status":"open","template":"","meta":{"_acf_changed":false,"footnotes":""},"class_list":["post-7423","page","type-page","status-publish","hentry"],"acf":[],"yoast_head":"<!-- This site is optimized with the Yoast SEO plugin v27.4 - https:\/\/yoast.com\/product\/yoast-seo-wordpress\/ -->\n<title>Datenschutzrichtlinie - GEOEG<\/title>\n<meta name=\"robots\" content=\"noindex, nofollow\" \/>\n<meta property=\"og:locale\" content=\"de_DE\" \/>\n<meta property=\"og:type\" content=\"article\" \/>\n<meta property=\"og:title\" content=\"Datenschutzrichtlinie - GEOEG\" \/>\n<meta property=\"og:description\" content=\"Datenschutzrichtlinie Diese Datenschutzrichtlinie beschreibt die Richtlinien von GEOEG, Av. d\u2019Echallens 35, Lausanne 1004, Schweiz, Telefon: +41 76 339 93 62, bez\u00fcglich der Erfassung, Verwendung und Offenlegung Ihrer Informationen, die wir sammeln, wenn Sie unsere Website (https:\/\/geoeg.net\/) nutzen (der \u201eService\u201c). Durch den Zugriff auf oder die Nutzung des Services stimmen Sie der Erfassung, Verwendung und Offenlegung [&hellip;]\" \/>\n<meta property=\"og:url\" content=\"https:\/\/geoeg.net\/de\/datenschutzrichtlinie\/\" \/>\n<meta property=\"og:site_name\" content=\"GEOEG\" \/>\n<meta property=\"article:modified_time\" content=\"2024-12-02T16:09:36+00:00\" \/>\n<meta name=\"twitter:card\" content=\"summary_large_image\" \/>\n<script type=\"application\/ld+json\" class=\"yoast-schema-graph\">{\"@context\":\"https:\\\/\\\/schema.org\",\"@graph\":[{\"@type\":\"WebPage\",\"@id\":\"https:\\\/\\\/geoeg.net\\\/de\\\/datenschutzrichtlinie\\\/\",\"url\":\"https:\\\/\\\/geoeg.net\\\/de\\\/datenschutzrichtlinie\\\/\",\"name\":\"Datenschutzrichtlinie - GEOEG\",\"isPartOf\":{\"@id\":\"https:\\\/\\\/geoeg.net\\\/de\\\/#website\"},\"datePublished\":\"2023-01-30T10:51:40+00:00\",\"dateModified\":\"2024-12-02T16:09:36+00:00\",\"breadcrumb\":{\"@id\":\"https:\\\/\\\/geoeg.net\\\/de\\\/datenschutzrichtlinie\\\/#breadcrumb\"},\"inLanguage\":\"de\",\"potentialAction\":[{\"@type\":\"ReadAction\",\"target\":[\"https:\\\/\\\/geoeg.net\\\/de\\\/datenschutzrichtlinie\\\/\"]}]},{\"@type\":\"BreadcrumbList\",\"@id\":\"https:\\\/\\\/geoeg.net\\\/de\\\/datenschutzrichtlinie\\\/#breadcrumb\",\"itemListElement\":[{\"@type\":\"ListItem\",\"position\":1,\"name\":\"Home\",\"item\":\"https:\\\/\\\/geoeg.net\\\/de\\\/homepage\\\/\"},{\"@type\":\"ListItem\",\"position\":2,\"name\":\"Datenschutzrichtlinie\"}]},{\"@type\":\"WebSite\",\"@id\":\"https:\\\/\\\/geoeg.net\\\/de\\\/#website\",\"url\":\"https:\\\/\\\/geoeg.net\\\/de\\\/\",\"name\":\"GEOEG\",\"description\":\"\",\"publisher\":{\"@id\":\"https:\\\/\\\/geoeg.net\\\/de\\\/#organization\"},\"potentialAction\":[{\"@type\":\"SearchAction\",\"target\":{\"@type\":\"EntryPoint\",\"urlTemplate\":\"https:\\\/\\\/geoeg.net\\\/de\\\/?s={search_term_string}\"},\"query-input\":{\"@type\":\"PropertyValueSpecification\",\"valueRequired\":true,\"valueName\":\"search_term_string\"}}],\"inLanguage\":\"de\"},{\"@type\":\"Organization\",\"@id\":\"https:\\\/\\\/geoeg.net\\\/de\\\/#organization\",\"name\":\"GEOEG\",\"url\":\"https:\\\/\\\/geoeg.net\\\/de\\\/\",\"logo\":{\"@type\":\"ImageObject\",\"inLanguage\":\"de\",\"@id\":\"https:\\\/\\\/geoeg.net\\\/de\\\/#\\\/schema\\\/logo\\\/image\\\/\",\"url\":\"https:\\\/\\\/geoeg.net\\\/wp-content\\\/uploads\\\/2023\\\/01\\\/geoeg_logo_b.png\",\"contentUrl\":\"https:\\\/\\\/geoeg.net\\\/wp-content\\\/uploads\\\/2023\\\/01\\\/geoeg_logo_b.png\",\"width\":1024,\"height\":290,\"caption\":\"GEOEG\"},\"image\":{\"@id\":\"https:\\\/\\\/geoeg.net\\\/de\\\/#\\\/schema\\\/logo\\\/image\\\/\"}}]}<\/script>\n<!-- \/ Yoast SEO plugin. -->","yoast_head_json":{"title":"Datenschutzrichtlinie - GEOEG","robots":{"index":"noindex","follow":"nofollow"},"og_locale":"de_DE","og_type":"article","og_title":"Datenschutzrichtlinie - GEOEG","og_description":"Datenschutzrichtlinie Diese Datenschutzrichtlinie beschreibt die Richtlinien von GEOEG, Av. d\u2019Echallens 35, Lausanne 1004, Schweiz, Telefon: +41 76 339 93 62, bez\u00fcglich der Erfassung, Verwendung und Offenlegung Ihrer Informationen, die wir sammeln, wenn Sie unsere Website (https:\/\/geoeg.net\/) nutzen (der \u201eService\u201c). Durch den Zugriff auf oder die Nutzung des Services stimmen Sie der Erfassung, Verwendung und Offenlegung [&hellip;]","og_url":"https:\/\/geoeg.net\/de\/datenschutzrichtlinie\/","og_site_name":"GEOEG","article_modified_time":"2024-12-02T16:09:36+00:00","twitter_card":"summary_large_image","schema":{"@context":"https:\/\/schema.org","@graph":[{"@type":"WebPage","@id":"https:\/\/geoeg.net\/de\/datenschutzrichtlinie\/","url":"https:\/\/geoeg.net\/de\/datenschutzrichtlinie\/","name":"Datenschutzrichtlinie - GEOEG","isPartOf":{"@id":"https:\/\/geoeg.net\/de\/#website"},"datePublished":"2023-01-30T10:51:40+00:00","dateModified":"2024-12-02T16:09:36+00:00","breadcrumb":{"@id":"https:\/\/geoeg.net\/de\/datenschutzrichtlinie\/#breadcrumb"},"inLanguage":"de","potentialAction":[{"@type":"ReadAction","target":["https:\/\/geoeg.net\/de\/datenschutzrichtlinie\/"]}]},{"@type":"BreadcrumbList","@id":"https:\/\/geoeg.net\/de\/datenschutzrichtlinie\/#breadcrumb","itemListElement":[{"@type":"ListItem","position":1,"name":"Home","item":"https:\/\/geoeg.net\/de\/homepage\/"},{"@type":"ListItem","position":2,"name":"Datenschutzrichtlinie"}]},{"@type":"WebSite","@id":"https:\/\/geoeg.net\/de\/#website","url":"https:\/\/geoeg.net\/de\/","name":"GEOEG","description":"","publisher":{"@id":"https:\/\/geoeg.net\/de\/#organization"},"potentialAction":[{"@type":"SearchAction","target":{"@type":"EntryPoint","urlTemplate":"https:\/\/geoeg.net\/de\/?s={search_term_string}"},"query-input":{"@type":"PropertyValueSpecification","valueRequired":true,"valueName":"search_term_string"}}],"inLanguage":"de"},{"@type":"Organization","@id":"https:\/\/geoeg.net\/de\/#organization","name":"GEOEG","url":"https:\/\/geoeg.net\/de\/","logo":{"@type":"ImageObject","inLanguage":"de","@id":"https:\/\/geoeg.net\/de\/#\/schema\/logo\/image\/","url":"https:\/\/geoeg.net\/wp-content\/uploads\/2023\/01\/geoeg_logo_b.png","contentUrl":"https:\/\/geoeg.net\/wp-content\/uploads\/2023\/01\/geoeg_logo_b.png","width":1024,"height":290,"caption":"GEOEG"},"image":{"@id":"https:\/\/geoeg.net\/de\/#\/schema\/logo\/image\/"}}]}},"_links":{"self":[{"href":"https:\/\/geoeg.net\/de\/wp-json\/wp\/v2\/pages\/7423","targetHints":{"allow":["GET"]}}],"collection":[{"href":"https:\/\/geoeg.net\/de\/wp-json\/wp\/v2\/pages"}],"about":[{"href":"https:\/\/geoeg.net\/de\/wp-json\/wp\/v2\/types\/page"}],"author":[{"embeddable":true,"href":"https:\/\/geoeg.net\/de\/wp-json\/wp\/v2\/users\/1"}],"replies":[{"embeddable":true,"href":"https:\/\/geoeg.net\/de\/wp-json\/wp\/v2\/comments?post=7423"}],"version-history":[{"count":0,"href":"https:\/\/geoeg.net\/de\/wp-json\/wp\/v2\/pages\/7423\/revisions"}],"wp:attachment":[{"href":"https:\/\/geoeg.net\/de\/wp-json\/wp\/v2\/media?parent=7423"}],"curies":[{"name":"wp","href":"https:\/\/api.w.org\/{rel}","templated":true}]}}