{"id":4705,"date":"2023-02-24T10:25:41","date_gmt":"2023-02-24T10:25:41","guid":{"rendered":"https:\/\/geoeg.net\/qui-sommes-nous\/"},"modified":"2025-01-28T14:55:16","modified_gmt":"2025-01-28T14:55:16","slug":"qui-sommes-nous","status":"publish","type":"page","link":"https:\/\/geoeg.net\/fr\/qui-sommes-nous\/","title":{"rendered":"QUI SOMMES-NOUS"},"content":{"rendered":"\t\t<div data-elementor-type=\"wp-page\" data-elementor-id=\"4705\" class=\"elementor elementor-4705 elementor-1350\" data-elementor-post-type=\"page\">\n\t\t\t\t<div class=\"elementor-element elementor-element-49919a6 e-con-full e-flex e-con e-parent\" data-id=\"49919a6\" data-element_type=\"container\" data-e-type=\"container\" data-settings=\"{&quot;background_background&quot;:&quot;classic&quot;}\">\n\t\t\t\t<div class=\"elementor-element elementor-element-779f17a elementor-widget__width-initial elementor-widget elementor-widget-text-editor\" data-id=\"779f17a\" data-element_type=\"widget\" data-e-type=\"widget\" data-widget_type=\"text-editor.default\">\n\t\t\t\t<div class=\"elementor-widget-container\">\n\t\t\t\t\t\t\t\t\t<h1><span style=\"color: #ffffff;\">Qui sommes-nous<\/span><\/h1><p>GEOEG est un <span style=\"color: #ffffff;\"><strong><em>bureau d&rsquo;\u00e9tudes et d&rsquo;innovation<\/em><\/strong><\/span> bas\u00e9 \u00e0 Lausanne , en Suisse, avec des si\u00e8ges \u00e0 Duba\u00ef, dans la Principaut\u00e9 de Monaco et \u00e0 Chicago. Notre \u00e9quipe rassemble <span style=\"color: #ffffff;\"><em><b>l\u2019exp\u00e9rience mondiale<\/b><\/em><\/span> d\u2019un collectif <span style=\"color: #ffffff;\"><em><b>d\u2019ing\u00e9nieurs, de scientifiques, d\u2019inventeurs et de concepteurs<\/b><\/em><\/span> pour fournir des solutions locales afin de rendre <span style=\"color: #ffffff;\"><em><strong>les b\u00e2timents, les quartiers et les villes<\/strong><\/em><\/span> plus durables, tant au-dessus que sous terre.<\/p>\t\t\t\t\t\t\t\t<\/div>\n\t\t\t\t<\/div>\n\t\t\t\t<div class=\"elementor-element elementor-element-22857e3 animated-slow elementor-view-default elementor-invisible elementor-widget elementor-widget-icon\" data-id=\"22857e3\" data-element_type=\"widget\" data-e-type=\"widget\" data-settings=\"{&quot;_animation&quot;:&quot;fadeInDown&quot;,&quot;_animation_delay&quot;:1000}\" data-widget_type=\"icon.default\">\n\t\t\t\t<div class=\"elementor-widget-container\">\n\t\t\t\t\t\t\t<div class=\"elementor-icon-wrapper\">\n\t\t\t<a class=\"elementor-icon elementor-animation-shrink\" href=\"#down\">\n\t\t\t<i aria-hidden=\"true\" class=\"fas fa-arrow-alt-circle-down\"><\/i>\t\t\t<\/a>\n\t\t<\/div>\n\t\t\t\t\t\t<\/div>\n\t\t\t\t<\/div>\n\t\t\t\t<\/div>\n\t\t<div class=\"elementor-element elementor-element-d32f48a e-con-full e-flex e-con e-parent\" data-id=\"d32f48a\" data-element_type=\"container\" data-e-type=\"container\">\n\t\t<div class=\"elementor-element elementor-element-e67ebe2 e-con-full e-flex e-con e-child\" data-id=\"e67ebe2\" data-element_type=\"container\" data-e-type=\"container\" data-settings=\"{&quot;background_background&quot;:&quot;classic&quot;}\">\n\t\t\t\t<\/div>\n\t\t<div class=\"elementor-element elementor-element-b52e250 e-con-full e-flex e-con e-child\" data-id=\"b52e250\" data-element_type=\"container\" data-e-type=\"container\">\n\t\t<div class=\"elementor-element elementor-element-8c73bfb e-con-full e-flex e-con e-child\" data-id=\"8c73bfb\" data-element_type=\"container\" data-e-type=\"container\">\n\t\t\t\t<div class=\"elementor-element elementor-element-f2208f5 elementor-widget__width-initial elementor-widget elementor-widget-text-editor\" data-id=\"f2208f5\" data-element_type=\"widget\" data-e-type=\"widget\" id=\"down\" data-widget_type=\"text-editor.default\">\n\t\t\t\t<div class=\"elementor-widget-container\">\n\t\t\t\t\t\t\t\t\t<h1>Ce que nous faisons<\/h1>\n<p>Nous concevons des solutions <b>\u00e9cologiques, efficaces et centr\u00e9es sur l&rsquo;occupant<\/b> pour cr\u00e9er un environnement b\u00e2ti durable. En int\u00e9grant des technologies qui exploitent les sources d&rsquo;\u00e9nergie renouvelables \u00e0 la fois <b>au-dessus et au-dessous du sol<\/b>, nos solutions offrent un approvisionnement et un <b>stockage d&rsquo;\u00e9nergie r\u00e9silients<\/b> pratiquement n&rsquo;importe o\u00f9 sur Terre. En optimisant le fonctionnement de technologies d&rsquo;\u00e9nergie renouvelable gr\u00e2ce \u00e0 des strat\u00e9gies de <b>contr\u00f4le d\u00e9di\u00e9es<\/b>, nos solutions ont une <b>efficacit\u00e9 maximale et des co\u00fbts op\u00e9rationnels et un retour sur investissement minimaux<\/b>. En consid\u00e9rant comme une priorit\u00e9 <b>la sant\u00e9 et le confort<\/b> des occupants des espaces de vie ou de transit, nos solutions maximisent le bien-\u00eatre et la performance des personnes et entravent les effets n\u00e9fastes du changement climatique au-dessus et au-dessous du sol. En r\u00e9sum\u00e9, notre travail soutient la mise en \u0153uvre de certaines des <b>solutions les plus innovantes et durables<\/b> pour transformer les environnements b\u00e2tis nouveaux et existants en lieux <b>neutres en carbone et sains<\/b> o\u00f9 les gens peuvent s&rsquo;\u00e9panouir.<\/p>\n\t\t\t\t\t\t\t\t<\/div>\n\t\t\t\t<\/div>\n\t\t\t\t<\/div>\n\t\t<div class=\"elementor-element elementor-element-b092791 e-con-full e-flex e-con e-child\" data-id=\"b092791\" data-element_type=\"container\" data-e-type=\"container\">\n\t\t\t\t<div class=\"elementor-element elementor-element-7756627 elementor-widget__width-initial elementor-widget elementor-widget-text-editor\" data-id=\"7756627\" data-element_type=\"widget\" data-e-type=\"widget\" data-widget_type=\"text-editor.default\">\n\t\t\t\t<div class=\"elementor-widget-container\">\n\t\t\t\t\t\t\t\t\t<h1>Notre vision<\/h1>\n<p>Notre approche globale vise \u00e0 cr\u00e9er des <b>environnements b\u00e2tis durables gr\u00e2ce \u00e0 des solutions techniques abordables et \u00e9prouv\u00e9es<\/b> qui anticipent les temps et transforment aujourd&rsquo;hui les villes de demain. Ces solutions peuvent d\u00e9tecter et r\u00e9agir aux <b>besoins des personnes<\/b> tout en exploitant et en stockant des <b>sources d&rsquo;\u00e9nergie<\/b> propres au profit de l&rsquo;humanit\u00e9 et du monde. Enfin, ces solutions exploitent la v\u00e9ritable tridimensionnalit\u00e9 des environnements b\u00e2tis en <b>connectant des technologies intelligentes au-dessus et au-dessous du sol<\/b>.<\/p>\n\t\t\t\t\t\t\t\t<\/div>\n\t\t\t\t<\/div>\n\t\t\t\t<\/div>\n\t\t<div class=\"elementor-element elementor-element-69e3bb7 e-con-full e-flex e-con e-child\" data-id=\"69e3bb7\" data-element_type=\"container\" data-e-type=\"container\">\n\t\t\t\t<div class=\"elementor-element elementor-element-b6232fa elementor-widget__width-initial elementor-widget elementor-widget-text-editor\" data-id=\"b6232fa\" data-element_type=\"widget\" data-e-type=\"widget\" data-widget_type=\"text-editor.default\">\n\t\t\t\t<div class=\"elementor-widget-container\">\n\t\t\t\t\t\t\t\t\t<h1>Nos services<\/h1>\nNous aidons les cabinets <b>d&rsquo;architectes, les bureaux d&rsquo;\u00e9tudes, les entreprises de construction, les soci\u00e9t\u00e9s immobili\u00e8res, les urbanistes, les administrations publiques et priv\u00e9es et les entrepreneurs g\u00e9n\u00e9raux et sp\u00e9cialis\u00e9s<\/b> \u00e0 trouver les meilleures solutions pour alimenter et faire fonctionner les b\u00e2timents, les infrastructures et les villes sans \u00e9missions de carbone. Gr\u00e2ce \u00e0 des <b>m\u00e9thodes et des outils de conception avanc\u00e9s<\/b>, notre \u00e9quipe fournit \u00e0 nos clients des solutions pr\u00e9sentant des caract\u00e9ris tiques optimales et les guide dans la mise en \u0153uvre de ces solutions. Notre travail s&rsquo;appuie non seulement sur des <b>approches d&rsquo;analyse informatique sophistiqu\u00e9es<\/b>, mais aussi sur des preuves de terrain \u00e0 grande \u00e9chelle recueillies par le biais de tests d\u00e9di\u00e9s ou d&rsquo;installations de d\u00e9tection dans des \u00e9l\u00e9ments de construction individuels, des <b>b\u00e2timents entiers<\/b>, voire des <b>quartiers entiers de la ville<\/b>, selon les besoins. Toutes ces activit\u00e9s permettent de d\u00e9velopper et de r\u00e9mover les environnements b\u00e2tis en vue d&rsquo;obtenir la <b>valeur environnementale et \u00e9conomique la plus \u00e9lev\u00e9e<\/b>.\t\t\t\t\t\t\t\t<\/div>\n\t\t\t\t<\/div>\n\t\t\t\t<\/div>\n\t\t\t\t<\/div>\n\t\t\t\t<\/div>\n\t\t\t\t<\/div>\n\t\t","protected":false},"excerpt":{"rendered":"<p>Qui sommes-nous GEOEG est un bureau d&rsquo;\u00e9tudes et d&rsquo;innovation bas\u00e9 \u00e0 Lausanne , en Suisse, avec des si\u00e8ges \u00e0 Duba\u00ef, dans la Principaut\u00e9 de Monaco et \u00e0 Chicago. Notre \u00e9quipe rassemble l\u2019exp\u00e9rience mondiale d\u2019un collectif d\u2019ing\u00e9nieurs, de scientifiques, d\u2019inventeurs et de concepteurs pour fournir des solutions locales afin de rendre les b\u00e2timents, les quartiers et [&hellip;]<\/p>\n","protected":false},"author":1,"featured_media":0,"parent":0,"menu_order":0,"comment_status":"closed","ping_status":"closed","template":"","meta":{"_acf_changed":false,"footnotes":""},"class_list":["post-4705","page","type-page","status-publish","hentry"],"acf":[],"yoast_head":"<!-- This site is optimized with the Yoast SEO plugin v27.5 - https:\/\/yoast.com\/product\/yoast-seo-wordpress\/ -->\n<title>GEOEG | Bureau d&#039;\u00e9tudes et d&#039;innovation<\/title>\n<meta name=\"description\" content=\"GEOEG est un bureau d&#039;\u00e9tudes et d&#039;innovation bas\u00e9 \u00e0 Lausanne, en Suisse, avec des si\u00e8ges de d\u00e9veloppement \u00e0 Duba\u00ef, dans la Principaut\u00e9 de Monaco et \u00e0 Chicago. Notre \u00e9quipe d\u2019experts propose des solutions durables pour les b\u00e2timents, les quartiers et les villes du monde entier.\" \/>\n<meta name=\"robots\" content=\"index, follow, max-snippet:-1, max-image-preview:large, max-video-preview:-1\" \/>\n<link rel=\"canonical\" href=\"https:\/\/geoeg.net\/fr\/qui-sommes-nous\/\" \/>\n<meta property=\"og:locale\" content=\"fr_FR\" \/>\n<meta property=\"og:type\" content=\"article\" \/>\n<meta property=\"og:title\" content=\"GEOEG | Bureau d&#039;\u00e9tudes et d&#039;innovation\" \/>\n<meta property=\"og:description\" content=\"GEOEG est un bureau d&#039;\u00e9tudes et d&#039;innovation bas\u00e9 \u00e0 Lausanne, en Suisse, avec des si\u00e8ges de d\u00e9veloppement \u00e0 Duba\u00ef, dans la Principaut\u00e9 de Monaco et \u00e0 Chicago. Notre \u00e9quipe d\u2019experts propose des solutions durables pour les b\u00e2timents, les quartiers et les villes du monde entier.\" \/>\n<meta property=\"og:url\" content=\"https:\/\/geoeg.net\/fr\/qui-sommes-nous\/\" \/>\n<meta property=\"og:site_name\" content=\"GEOEG\" \/>\n<meta property=\"article:modified_time\" content=\"2025-01-28T14:55:16+00:00\" \/>\n<meta name=\"twitter:card\" content=\"summary_large_image\" \/>\n<script type=\"application\/ld+json\" class=\"yoast-schema-graph\">{\"@context\":\"https:\\\/\\\/schema.org\",\"@graph\":[{\"@type\":\"WebPage\",\"@id\":\"https:\\\/\\\/geoeg.net\\\/fr\\\/qui-sommes-nous\\\/\",\"url\":\"https:\\\/\\\/geoeg.net\\\/fr\\\/qui-sommes-nous\\\/\",\"name\":\"GEOEG | Bureau d'\u00e9tudes et d'innovation\",\"isPartOf\":{\"@id\":\"https:\\\/\\\/geoeg.net\\\/fr\\\/#website\"},\"datePublished\":\"2023-02-24T10:25:41+00:00\",\"dateModified\":\"2025-01-28T14:55:16+00:00\",\"description\":\"GEOEG est un bureau d'\u00e9tudes et d'innovation bas\u00e9 \u00e0 Lausanne, en Suisse, avec des si\u00e8ges de d\u00e9veloppement \u00e0 Duba\u00ef, dans la Principaut\u00e9 de Monaco et \u00e0 Chicago. Notre \u00e9quipe d\u2019experts propose des solutions durables pour les b\u00e2timents, les quartiers et les villes du monde entier.\",\"breadcrumb\":{\"@id\":\"https:\\\/\\\/geoeg.net\\\/fr\\\/qui-sommes-nous\\\/#breadcrumb\"},\"inLanguage\":\"fr-FR\",\"potentialAction\":[{\"@type\":\"ReadAction\",\"target\":[\"https:\\\/\\\/geoeg.net\\\/fr\\\/qui-sommes-nous\\\/\"]}]},{\"@type\":\"BreadcrumbList\",\"@id\":\"https:\\\/\\\/geoeg.net\\\/fr\\\/qui-sommes-nous\\\/#breadcrumb\",\"itemListElement\":[{\"@type\":\"ListItem\",\"position\":1,\"name\":\"Home\",\"item\":\"https:\\\/\\\/geoeg.net\\\/fr\\\/\"},{\"@type\":\"ListItem\",\"position\":2,\"name\":\"QUI SOMMES-NOUS\"}]},{\"@type\":\"WebSite\",\"@id\":\"https:\\\/\\\/geoeg.net\\\/fr\\\/#website\",\"url\":\"https:\\\/\\\/geoeg.net\\\/fr\\\/\",\"name\":\"GEOEG\",\"description\":\"\",\"publisher\":{\"@id\":\"https:\\\/\\\/geoeg.net\\\/fr\\\/#organization\"},\"potentialAction\":[{\"@type\":\"SearchAction\",\"target\":{\"@type\":\"EntryPoint\",\"urlTemplate\":\"https:\\\/\\\/geoeg.net\\\/fr\\\/?s={search_term_string}\"},\"query-input\":{\"@type\":\"PropertyValueSpecification\",\"valueRequired\":true,\"valueName\":\"search_term_string\"}}],\"inLanguage\":\"fr-FR\"},{\"@type\":\"Organization\",\"@id\":\"https:\\\/\\\/geoeg.net\\\/fr\\\/#organization\",\"name\":\"GEOEG\",\"url\":\"https:\\\/\\\/geoeg.net\\\/fr\\\/\",\"logo\":{\"@type\":\"ImageObject\",\"inLanguage\":\"fr-FR\",\"@id\":\"https:\\\/\\\/geoeg.net\\\/fr\\\/#\\\/schema\\\/logo\\\/image\\\/\",\"url\":\"https:\\\/\\\/geoeg.net\\\/wp-content\\\/uploads\\\/2023\\\/01\\\/geoeg_logo_b.png\",\"contentUrl\":\"https:\\\/\\\/geoeg.net\\\/wp-content\\\/uploads\\\/2023\\\/01\\\/geoeg_logo_b.png\",\"width\":1024,\"height\":290,\"caption\":\"GEOEG\"},\"image\":{\"@id\":\"https:\\\/\\\/geoeg.net\\\/fr\\\/#\\\/schema\\\/logo\\\/image\\\/\"}}]}<\/script>\n<!-- \/ Yoast SEO plugin. -->","yoast_head_json":{"title":"GEOEG | Bureau d'\u00e9tudes et d'innovation","description":"GEOEG est un bureau d'\u00e9tudes et d'innovation bas\u00e9 \u00e0 Lausanne, en Suisse, avec des si\u00e8ges de d\u00e9veloppement \u00e0 Duba\u00ef, dans la Principaut\u00e9 de Monaco et \u00e0 Chicago. Notre \u00e9quipe d\u2019experts propose des solutions durables pour les b\u00e2timents, les quartiers et les villes du monde entier.","robots":{"index":"index","follow":"follow","max-snippet":"max-snippet:-1","max-image-preview":"max-image-preview:large","max-video-preview":"max-video-preview:-1"},"canonical":"https:\/\/geoeg.net\/fr\/qui-sommes-nous\/","og_locale":"fr_FR","og_type":"article","og_title":"GEOEG | Bureau d'\u00e9tudes et d'innovation","og_description":"GEOEG est un bureau d'\u00e9tudes et d'innovation bas\u00e9 \u00e0 Lausanne, en Suisse, avec des si\u00e8ges de d\u00e9veloppement \u00e0 Duba\u00ef, dans la Principaut\u00e9 de Monaco et \u00e0 Chicago. Notre \u00e9quipe d\u2019experts propose des solutions durables pour les b\u00e2timents, les quartiers et les villes du monde entier.","og_url":"https:\/\/geoeg.net\/fr\/qui-sommes-nous\/","og_site_name":"GEOEG","article_modified_time":"2025-01-28T14:55:16+00:00","twitter_card":"summary_large_image","schema":{"@context":"https:\/\/schema.org","@graph":[{"@type":"WebPage","@id":"https:\/\/geoeg.net\/fr\/qui-sommes-nous\/","url":"https:\/\/geoeg.net\/fr\/qui-sommes-nous\/","name":"GEOEG | Bureau d'\u00e9tudes et d'innovation","isPartOf":{"@id":"https:\/\/geoeg.net\/fr\/#website"},"datePublished":"2023-02-24T10:25:41+00:00","dateModified":"2025-01-28T14:55:16+00:00","description":"GEOEG est un bureau d'\u00e9tudes et d'innovation bas\u00e9 \u00e0 Lausanne, en Suisse, avec des si\u00e8ges de d\u00e9veloppement \u00e0 Duba\u00ef, dans la Principaut\u00e9 de Monaco et \u00e0 Chicago. Notre \u00e9quipe d\u2019experts propose des solutions durables pour les b\u00e2timents, les quartiers et les villes du monde entier.","breadcrumb":{"@id":"https:\/\/geoeg.net\/fr\/qui-sommes-nous\/#breadcrumb"},"inLanguage":"fr-FR","potentialAction":[{"@type":"ReadAction","target":["https:\/\/geoeg.net\/fr\/qui-sommes-nous\/"]}]},{"@type":"BreadcrumbList","@id":"https:\/\/geoeg.net\/fr\/qui-sommes-nous\/#breadcrumb","itemListElement":[{"@type":"ListItem","position":1,"name":"Home","item":"https:\/\/geoeg.net\/fr\/"},{"@type":"ListItem","position":2,"name":"QUI SOMMES-NOUS"}]},{"@type":"WebSite","@id":"https:\/\/geoeg.net\/fr\/#website","url":"https:\/\/geoeg.net\/fr\/","name":"GEOEG","description":"","publisher":{"@id":"https:\/\/geoeg.net\/fr\/#organization"},"potentialAction":[{"@type":"SearchAction","target":{"@type":"EntryPoint","urlTemplate":"https:\/\/geoeg.net\/fr\/?s={search_term_string}"},"query-input":{"@type":"PropertyValueSpecification","valueRequired":true,"valueName":"search_term_string"}}],"inLanguage":"fr-FR"},{"@type":"Organization","@id":"https:\/\/geoeg.net\/fr\/#organization","name":"GEOEG","url":"https:\/\/geoeg.net\/fr\/","logo":{"@type":"ImageObject","inLanguage":"fr-FR","@id":"https:\/\/geoeg.net\/fr\/#\/schema\/logo\/image\/","url":"https:\/\/geoeg.net\/wp-content\/uploads\/2023\/01\/geoeg_logo_b.png","contentUrl":"https:\/\/geoeg.net\/wp-content\/uploads\/2023\/01\/geoeg_logo_b.png","width":1024,"height":290,"caption":"GEOEG"},"image":{"@id":"https:\/\/geoeg.net\/fr\/#\/schema\/logo\/image\/"}}]}},"_links":{"self":[{"href":"https:\/\/geoeg.net\/fr\/wp-json\/wp\/v2\/pages\/4705","targetHints":{"allow":["GET"]}}],"collection":[{"href":"https:\/\/geoeg.net\/fr\/wp-json\/wp\/v2\/pages"}],"about":[{"href":"https:\/\/geoeg.net\/fr\/wp-json\/wp\/v2\/types\/page"}],"author":[{"embeddable":true,"href":"https:\/\/geoeg.net\/fr\/wp-json\/wp\/v2\/users\/1"}],"replies":[{"embeddable":true,"href":"https:\/\/geoeg.net\/fr\/wp-json\/wp\/v2\/comments?post=4705"}],"version-history":[{"count":0,"href":"https:\/\/geoeg.net\/fr\/wp-json\/wp\/v2\/pages\/4705\/revisions"}],"wp:attachment":[{"href":"https:\/\/geoeg.net\/fr\/wp-json\/wp\/v2\/media?parent=4705"}],"curies":[{"name":"wp","href":"https:\/\/api.w.org\/{rel}","templated":true}]}}