{"id":4716,"date":"2023-02-14T15:23:03","date_gmt":"2023-02-14T15:23:03","guid":{"rendered":"https:\/\/geoeg.net\/page-daccueil\/"},"modified":"2024-12-03T09:55:21","modified_gmt":"2024-12-03T09:55:21","slug":"page-daccueil","status":"publish","type":"page","link":"https:\/\/geoeg.net\/fr\/","title":{"rendered":"PAGE D&rsquo;ACCUEIL"},"content":{"rendered":"\t\t<div data-elementor-type=\"wp-page\" data-elementor-id=\"4716\" class=\"elementor elementor-4716 elementor-13\" data-elementor-post-type=\"page\">\n\t\t\t\t<div class=\"elementor-element elementor-element-8265887 e-con-full e-flex e-con e-parent\" data-id=\"8265887\" data-element_type=\"container\" data-e-type=\"container\" data-settings=\"{&quot;background_background&quot;:&quot;video&quot;,&quot;background_video_link&quot;:&quot;https:\\\/\\\/geoeg.net\\\/wp-content\\\/uploads\\\/2024\\\/06\\\/geoeg-enery-loop-home1_2.mp4&quot;,&quot;background_play_on_mobile&quot;:&quot;yes&quot;,&quot;animation&quot;:&quot;none&quot;}\">\n\t\t<div class=\"elementor-background-video-container\">\n\t\t\t\t\t\t\t<video class=\"elementor-background-video-hosted\" role=\"presentation\" autoplay muted playsinline loop><\/video>\n\t\t\t\t\t<\/div>\t\t<div class=\"elementor-element elementor-element-cf6272c elementor-widget__width-initial animated-slow elementor-invisible elementor-widget elementor-widget-text-editor\" data-id=\"cf6272c\" data-element_type=\"widget\" data-e-type=\"widget\" data-settings=\"{&quot;_animation&quot;:&quot;fadeIn&quot;}\" data-widget_type=\"text-editor.default\">\n\t\t\t\t<div class=\"elementor-widget-container\">\n\t\t\t\t\t\t\t\t\t<p>nous sommes un bureau d&rsquo;ing\u00e9nieurs et d&rsquo;innovation fournissant des <span style=\"color: #ffffff;\">solutions \u00e9nerg\u00e9tiques souterraines<\/span> pour \u00e9tablir un environnement b\u00e2ti durable.<\/p>\t\t\t\t\t\t\t\t<\/div>\n\t\t\t\t<\/div>\n\t\t\t\t<div class=\"elementor-element elementor-element-6255045 animated-slow elementor-view-default elementor-invisible elementor-widget elementor-widget-icon\" data-id=\"6255045\" data-element_type=\"widget\" data-e-type=\"widget\" data-settings=\"{&quot;_animation&quot;:&quot;fadeInDown&quot;,&quot;_animation_delay&quot;:2000}\" data-widget_type=\"icon.default\">\n\t\t\t\t<div class=\"elementor-widget-container\">\n\t\t\t\t\t\t\t<div class=\"elementor-icon-wrapper\">\n\t\t\t<a class=\"elementor-icon elementor-animation-shrink\" href=\"#down\">\n\t\t\t<i aria-hidden=\"true\" class=\"fas fa-arrow-alt-circle-down\"><\/i>\t\t\t<\/a>\n\t\t<\/div>\n\t\t\t\t\t\t<\/div>\n\t\t\t\t<\/div>\n\t\t\t\t<\/div>\n\t\t<div class=\"elementor-element elementor-element-7c33f7c e-flex e-con-boxed e-con e-parent\" data-id=\"7c33f7c\" data-element_type=\"container\" data-e-type=\"container\" data-settings=\"{&quot;background_background&quot;:&quot;classic&quot;}\">\n\t\t\t\t\t<div class=\"e-con-inner\">\n\t\t<div class=\"elementor-element elementor-element-8710888 e-con-full e-flex e-con e-child\" data-id=\"8710888\" data-element_type=\"container\" data-e-type=\"container\" data-settings=\"{&quot;background_background&quot;:&quot;classic&quot;}\">\n\t\t\t\t<div class=\"elementor-element elementor-element-b3a6d89 elementor-widget elementor-widget-menu-anchor\" data-id=\"b3a6d89\" data-element_type=\"widget\" data-e-type=\"widget\" data-widget_type=\"menu-anchor.default\">\n\t\t\t\t<div class=\"elementor-widget-container\">\n\t\t\t\t\t\t\t<div class=\"elementor-menu-anchor\" id=\"down\"><\/div>\n\t\t\t\t\t\t<\/div>\n\t\t\t\t<\/div>\n\t\t\t\t<\/div>\n\t\t<div class=\"elementor-element elementor-element-db1565d e-con-full e-flex e-con e-child\" data-id=\"db1565d\" data-element_type=\"container\" data-e-type=\"container\">\n\t\t\t\t<div class=\"elementor-element elementor-element-6159981 elementor-widget elementor-widget-heading\" data-id=\"6159981\" data-element_type=\"widget\" data-e-type=\"widget\" data-widget_type=\"heading.default\">\n\t\t\t\t<div class=\"elementor-widget-container\">\n\t\t\t\t\t<h1 class=\"elementor-heading-title elementor-size-default\">Nous fournissons<\/h1>\t\t\t\t<\/div>\n\t\t\t\t<\/div>\n\t\t\t\t<div class=\"elementor-element elementor-element-515c91d elementor-widget__width-initial elementor-widget elementor-widget-text-editor\" data-id=\"515c91d\" data-element_type=\"widget\" data-e-type=\"widget\" data-widget_type=\"text-editor.default\">\n\t\t\t\t<div class=\"elementor-widget-container\">\n\t\t\t\t\t\t\t\t\tles b\u00e2timents avec de l&rsquo;<span style=\"color: #ffffff;\"><em><strong>\u00e9nergie thermique renouvelable<\/strong><\/em><\/span> gr\u00e2ce \u00e0 des g\u00e9ostructures \u00e9nerg\u00e9tiques, \u00e0 d&rsquo;autres technologies g\u00e9othermiques et \u00e0 des syst\u00e8mes de chauffage \u00e0 distance.\t\t\t\t\t\t\t\t<\/div>\n\t\t\t\t<\/div>\n\t\t\t\t<div class=\"elementor-element elementor-element-aa95573 elementor-align-center elementor-widget elementor-widget-button\" data-id=\"aa95573\" data-element_type=\"widget\" data-e-type=\"widget\" data-widget_type=\"button.default\">\n\t\t\t\t<div class=\"elementor-widget-container\">\n\t\t\t\t\t\t\t\t\t<div class=\"elementor-button-wrapper\">\n\t\t\t\t\t<a class=\"elementor-button elementor-button-link elementor-size-xs\" href=\"https:\/\/geoeg.net\/fr\/projects-batiments\/\">\n\t\t\t\t\t\t<span class=\"elementor-button-content-wrapper\">\n\t\t\t\t\t\t\t\t\t<span class=\"elementor-button-text\">EN SAVOIR PLUS<\/span>\n\t\t\t\t\t<\/span>\n\t\t\t\t\t<\/a>\n\t\t\t\t<\/div>\n\t\t\t\t\t\t\t\t<\/div>\n\t\t\t\t<\/div>\n\t\t\t\t<\/div>\n\t\t<div class=\"elementor-element elementor-element-507dad5 e-con-full e-flex e-con e-child\" data-id=\"507dad5\" data-element_type=\"container\" data-e-type=\"container\" data-settings=\"{&quot;background_background&quot;:&quot;classic&quot;}\">\n\t\t\t\t<\/div>\n\t\t<div class=\"elementor-element elementor-element-a210e2b e-con-full e-flex e-con e-child\" data-id=\"a210e2b\" data-element_type=\"container\" data-e-type=\"container\">\n\t\t\t\t<div class=\"elementor-element elementor-element-513fe74 elementor-widget elementor-widget-heading\" data-id=\"513fe74\" data-element_type=\"widget\" data-e-type=\"widget\" data-widget_type=\"heading.default\">\n\t\t\t\t<div class=\"elementor-widget-container\">\n\t\t\t\t\t<h1 class=\"elementor-heading-title elementor-size-default\">Nous transformons<\/h1>\t\t\t\t<\/div>\n\t\t\t\t<\/div>\n\t\t\t\t<div class=\"elementor-element elementor-element-2f6169b elementor-widget__width-initial elementor-widget elementor-widget-text-editor\" data-id=\"2f6169b\" data-element_type=\"widget\" data-e-type=\"widget\" data-widget_type=\"text-editor.default\">\n\t\t\t\t<div class=\"elementor-widget-container\">\n\t\t\t\t\t\t\t\t\tles infrastructures en <strong><em><span style=\"color: #ffffff;\">sources de chauffage et de refroidissement et en batteries thermiques<\/span><\/em><\/strong> pour leur propre usage ou au b\u00e9n\u00e9fice de quartiers, de districts et de villes entiers.\t\t\t\t\t\t\t\t<\/div>\n\t\t\t\t<\/div>\n\t\t\t\t<div class=\"elementor-element elementor-element-66a16e3 elementor-align-center elementor-widget elementor-widget-button\" data-id=\"66a16e3\" data-element_type=\"widget\" data-e-type=\"widget\" data-widget_type=\"button.default\">\n\t\t\t\t<div class=\"elementor-widget-container\">\n\t\t\t\t\t\t\t\t\t<div class=\"elementor-button-wrapper\">\n\t\t\t\t\t<a class=\"elementor-button elementor-button-link elementor-size-xs\" href=\"https:\/\/geoeg.net\/fr\/projects-infrastructures\/\">\n\t\t\t\t\t\t<span class=\"elementor-button-content-wrapper\">\n\t\t\t\t\t\t\t\t\t<span class=\"elementor-button-text\">EN SAVOIR PLUS<\/span>\n\t\t\t\t\t<\/span>\n\t\t\t\t\t<\/a>\n\t\t\t\t<\/div>\n\t\t\t\t\t\t\t\t<\/div>\n\t\t\t\t<\/div>\n\t\t\t\t<\/div>\n\t\t<div class=\"elementor-element elementor-element-1a4318a e-con-full e-flex e-con e-child\" data-id=\"1a4318a\" data-element_type=\"container\" data-e-type=\"container\" data-settings=\"{&quot;background_background&quot;:&quot;classic&quot;}\">\n\t\t\t\t<\/div>\n\t\t<div class=\"elementor-element elementor-element-b1d6379 e-con-full e-flex e-con e-child\" data-id=\"b1d6379\" data-element_type=\"container\" data-e-type=\"container\">\n\t\t\t\t<div class=\"elementor-element elementor-element-9d510e6 elementor-widget elementor-widget-heading\" data-id=\"9d510e6\" data-element_type=\"widget\" data-e-type=\"widget\" data-widget_type=\"heading.default\">\n\t\t\t\t<div class=\"elementor-widget-container\">\n\t\t\t\t\t<h1 class=\"elementor-heading-title elementor-size-default\">Nous travaillons<\/h1>\t\t\t\t<\/div>\n\t\t\t\t<\/div>\n\t\t\t\t<div class=\"elementor-element elementor-element-8138615 elementor-widget__width-initial elementor-widget elementor-widget-text-editor\" data-id=\"8138615\" data-element_type=\"widget\" data-e-type=\"widget\" data-widget_type=\"text-editor.default\">\n\t\t\t\t<div class=\"elementor-widget-container\">\n\t\t\t\t\t\t\t\t\tavec les villes pour att\u00e9nuer les <em><strong><span style=\"color: #ffffff;\">\u00eelots de chaleur urbains souterrains<\/span><\/strong><\/em> et concevoir des r\u00e9seaux d&rsquo;\u00e9nergie thermique propre \u00e0 grande \u00e9chelle.\t\t\t\t\t\t\t\t<\/div>\n\t\t\t\t<\/div>\n\t\t\t\t<div class=\"elementor-element elementor-element-e6fc9ff elementor-align-center elementor-widget elementor-widget-button\" data-id=\"e6fc9ff\" data-element_type=\"widget\" data-e-type=\"widget\" data-widget_type=\"button.default\">\n\t\t\t\t<div class=\"elementor-widget-container\">\n\t\t\t\t\t\t\t\t\t<div class=\"elementor-button-wrapper\">\n\t\t\t\t\t<a class=\"elementor-button elementor-button-link elementor-size-xs\" href=\"https:\/\/geoeg.net\/fr\/projects-villes\/\">\n\t\t\t\t\t\t<span class=\"elementor-button-content-wrapper\">\n\t\t\t\t\t\t\t\t\t<span class=\"elementor-button-text\">EN SAVOIR PLUS<\/span>\n\t\t\t\t\t<\/span>\n\t\t\t\t\t<\/a>\n\t\t\t\t<\/div>\n\t\t\t\t\t\t\t\t<\/div>\n\t\t\t\t<\/div>\n\t\t\t\t<\/div>\n\t\t\t\t\t<\/div>\n\t\t\t\t<\/div>\n\t\t<div class=\"elementor-element elementor-element-5eb2e48 e-flex e-con-boxed e-con e-parent\" data-id=\"5eb2e48\" data-element_type=\"container\" data-e-type=\"container\" data-settings=\"{&quot;background_background&quot;:&quot;classic&quot;}\">\n\t\t\t\t\t<div class=\"e-con-inner\">\n\t\t<div class=\"elementor-element elementor-element-d250576 e-con-full e-flex e-con e-child\" data-id=\"d250576\" data-element_type=\"container\" data-e-type=\"container\">\n\t\t\t\t<div class=\"elementor-element elementor-element-df0c7ca elementor-widget elementor-widget-heading\" data-id=\"df0c7ca\" data-element_type=\"widget\" data-e-type=\"widget\" data-widget_type=\"heading.default\">\n\t\t\t\t<div class=\"elementor-widget-container\">\n\t\t\t\t\t<h2 class=\"elementor-heading-title elementor-size-default\">Nos conceptions et innovations en chiffres<\/h2>\t\t\t\t<\/div>\n\t\t\t\t<\/div>\n\t\t\t\t<\/div>\n\t\t<div class=\"elementor-element elementor-element-d967f9a e-con-full e-flex e-con e-child\" data-id=\"d967f9a\" data-element_type=\"container\" data-e-type=\"container\">\n\t\t\t\t<div class=\"elementor-element elementor-element-e273e7c elementor-widget elementor-widget-counter\" data-id=\"e273e7c\" data-element_type=\"widget\" data-e-type=\"widget\" data-widget_type=\"counter.default\">\n\t\t\t\t<div class=\"elementor-widget-container\">\n\t\t\t\t\t\t\t<div class=\"elementor-counter\">\n\t\t\t<div class=\"elementor-counter-title\">de puissance renouvelable fournie<\/div>\t\t\t<div class=\"elementor-counter-number-wrapper\">\n\t\t\t\t<span class=\"elementor-counter-number-prefix\"><\/span>\n\t\t\t\t<span class=\"elementor-counter-number\" data-duration=\"2000\" data-to-value=\"24\" data-from-value=\"0\" data-delimiter=\",\">0<\/span>\n\t\t\t\t<span class=\"elementor-counter-number-suffix\"> MW<\/span>\n\t\t\t<\/div>\n\t\t<\/div>\n\t\t\t\t\t\t<\/div>\n\t\t\t\t<\/div>\n\t\t\t\t<\/div>\n\t\t<div class=\"elementor-element elementor-element-6abffea e-con-full e-flex e-con e-child\" data-id=\"6abffea\" data-element_type=\"container\" data-e-type=\"container\">\n\t\t\t\t<div class=\"elementor-element elementor-element-4f053b8 elementor-widget elementor-widget-counter\" data-id=\"4f053b8\" data-element_type=\"widget\" data-e-type=\"widget\" data-widget_type=\"counter.default\">\n\t\t\t\t<div class=\"elementor-widget-container\">\n\t\t\t\t\t\t\t<div class=\"elementor-counter\">\n\t\t\t<div class=\"elementor-counter-title\">d'espaces climatis\u00e9s<\/div>\t\t\t<div class=\"elementor-counter-number-wrapper\">\n\t\t\t\t<span class=\"elementor-counter-number-prefix\"><\/span>\n\t\t\t\t<span class=\"elementor-counter-number\" data-duration=\"5000\" data-to-value=\"1013013\" data-from-value=\"0\" data-delimiter=\",\">0<\/span>\n\t\t\t\t<span class=\"elementor-counter-number-suffix\"> m\u00b2<\/span>\n\t\t\t<\/div>\n\t\t<\/div>\n\t\t\t\t\t\t<\/div>\n\t\t\t\t<\/div>\n\t\t\t\t<\/div>\n\t\t<div class=\"elementor-element elementor-element-d57993e e-con-full e-flex e-con e-child\" data-id=\"d57993e\" data-element_type=\"container\" data-e-type=\"container\">\n\t\t\t\t<div class=\"elementor-element elementor-element-fc246cc elementor-widget elementor-widget-counter\" data-id=\"fc246cc\" data-element_type=\"widget\" data-e-type=\"widget\" data-widget_type=\"counter.default\">\n\t\t\t\t<div class=\"elementor-widget-container\">\n\t\t\t\t\t\t\t<div class=\"elementor-counter\">\n\t\t\t<div class=\"elementor-counter-title\">de tubes g\u00e9othermiques<\/div>\t\t\t<div class=\"elementor-counter-number-wrapper\">\n\t\t\t\t<span class=\"elementor-counter-number-prefix\"><\/span>\n\t\t\t\t<span class=\"elementor-counter-number\" data-duration=\"3000\" data-to-value=\"12433\" data-from-value=\"0\" data-delimiter=\",\">0<\/span>\n\t\t\t\t<span class=\"elementor-counter-number-suffix\"> km<\/span>\n\t\t\t<\/div>\n\t\t<\/div>\n\t\t\t\t\t\t<\/div>\n\t\t\t\t<\/div>\n\t\t\t\t<\/div>\n\t\t<div class=\"elementor-element elementor-element-77a8c4b e-con-full e-flex e-con e-child\" data-id=\"77a8c4b\" data-element_type=\"container\" data-e-type=\"container\">\n\t\t\t\t<div class=\"elementor-element elementor-element-1990f92 elementor-widget elementor-widget-counter\" data-id=\"1990f92\" data-element_type=\"widget\" data-e-type=\"widget\" data-widget_type=\"counter.default\">\n\t\t\t\t<div class=\"elementor-widget-container\">\n\t\t\t\t\t\t\t<div class=\"elementor-counter\">\n\t\t\t<div class=\"elementor-counter-title\">de CO\u2082 \u00e9conomis\u00e9es<\/div>\t\t\t<div class=\"elementor-counter-number-wrapper\">\n\t\t\t\t<span class=\"elementor-counter-number-prefix\"><\/span>\n\t\t\t\t<span class=\"elementor-counter-number\" data-duration=\"4000\" data-to-value=\"23846\" data-from-value=\"0\" data-delimiter=\",\">0<\/span>\n\t\t\t\t<span class=\"elementor-counter-number-suffix\"> tonnes <\/span>\n\t\t\t<\/div>\n\t\t<\/div>\n\t\t\t\t\t\t<\/div>\n\t\t\t\t<\/div>\n\t\t\t\t<\/div>\n\t\t\t\t\t<\/div>\n\t\t\t\t<\/div>\n\t\t\t\t<\/div>\n\t\t","protected":false},"excerpt":{"rendered":"<p>nous sommes un bureau d&rsquo;ing\u00e9nieurs et d&rsquo;innovation fournissant des solutions \u00e9nerg\u00e9tiques souterraines pour \u00e9tablir un environnement b\u00e2ti durable. Nous fournissons les b\u00e2timents avec de l&rsquo;\u00e9nergie thermique renouvelable gr\u00e2ce \u00e0 des g\u00e9ostructures \u00e9nerg\u00e9tiques, \u00e0 d&rsquo;autres technologies g\u00e9othermiques et \u00e0 des syst\u00e8mes de chauffage \u00e0 distance. EN SAVOIR PLUS Nous transformons les infrastructures en sources de chauffage [&hellip;]<\/p>\n","protected":false},"author":1,"featured_media":0,"parent":0,"menu_order":0,"comment_status":"closed","ping_status":"closed","template":"","meta":{"_acf_changed":false,"footnotes":""},"class_list":["post-4716","page","type-page","status-publish","hentry"],"acf":[],"yoast_head":"<!-- This site is optimized with the Yoast SEO plugin v27.3 - https:\/\/yoast.com\/product\/yoast-seo-wordpress\/ -->\n<title>GEOEG | Solutions durables pour l&#039;environnement b\u00e2ti<\/title>\n<meta name=\"description\" content=\"GEOEG | L&#039;ing\u00e9nierie fournit des solutions durables pour les b\u00e2timents, les quartiers et les villes. Des syst\u00e8mes d\u2019\u00e9nergie solaire au stockage souterrain d\u2019\u00e9nergie thermique, nos experts sont l\u00e0 pour vous.\" \/>\n<meta name=\"robots\" content=\"index, follow, max-snippet:-1, max-image-preview:large, max-video-preview:-1\" \/>\n<link rel=\"canonical\" href=\"https:\/\/geoeg.net\/fr\/\" \/>\n<meta property=\"og:locale\" content=\"fr_FR\" \/>\n<meta property=\"og:type\" content=\"article\" \/>\n<meta property=\"og:title\" content=\"GEOEG | Solutions durables pour l&#039;environnement b\u00e2ti\" \/>\n<meta property=\"og:description\" content=\"GEOEG | L&#039;ing\u00e9nierie fournit des solutions durables pour les b\u00e2timents, les quartiers et les villes. Des syst\u00e8mes d\u2019\u00e9nergie solaire au stockage souterrain d\u2019\u00e9nergie thermique, nos experts sont l\u00e0 pour vous.\" \/>\n<meta property=\"og:url\" content=\"https:\/\/geoeg.net\/fr\/\" \/>\n<meta property=\"og:site_name\" content=\"GEOEG\" \/>\n<meta property=\"article:modified_time\" content=\"2024-12-03T09:55:21+00:00\" \/>\n<meta name=\"twitter:card\" content=\"summary_large_image\" \/>\n<script type=\"application\/ld+json\" class=\"yoast-schema-graph\">{\"@context\":\"https:\\\/\\\/schema.org\",\"@graph\":[{\"@type\":\"WebPage\",\"@id\":\"https:\\\/\\\/geoeg.net\\\/fr\\\/\",\"url\":\"https:\\\/\\\/geoeg.net\\\/fr\\\/\",\"name\":\"GEOEG | Solutions durables pour l'environnement b\u00e2ti\",\"isPartOf\":{\"@id\":\"https:\\\/\\\/geoeg.net\\\/fr\\\/#website\"},\"datePublished\":\"2023-02-14T15:23:03+00:00\",\"dateModified\":\"2024-12-03T09:55:21+00:00\",\"description\":\"GEOEG | L'ing\u00e9nierie fournit des solutions durables pour les b\u00e2timents, les quartiers et les villes. Des syst\u00e8mes d\u2019\u00e9nergie solaire au stockage souterrain d\u2019\u00e9nergie thermique, nos experts sont l\u00e0 pour vous.\",\"breadcrumb\":{\"@id\":\"https:\\\/\\\/geoeg.net\\\/fr\\\/#breadcrumb\"},\"inLanguage\":\"fr-FR\",\"potentialAction\":[{\"@type\":\"ReadAction\",\"target\":[\"https:\\\/\\\/geoeg.net\\\/fr\\\/\"]}]},{\"@type\":\"BreadcrumbList\",\"@id\":\"https:\\\/\\\/geoeg.net\\\/fr\\\/#breadcrumb\",\"itemListElement\":[{\"@type\":\"ListItem\",\"position\":1,\"name\":\"Home\",\"item\":\"https:\\\/\\\/geoeg.net\\\/fr\\\/\"},{\"@type\":\"ListItem\",\"position\":2,\"name\":\"PAGE D&#8217;ACCUEIL\"}]},{\"@type\":\"WebSite\",\"@id\":\"https:\\\/\\\/geoeg.net\\\/fr\\\/#website\",\"url\":\"https:\\\/\\\/geoeg.net\\\/fr\\\/\",\"name\":\"GEOEG\",\"description\":\"\",\"publisher\":{\"@id\":\"https:\\\/\\\/geoeg.net\\\/fr\\\/#organization\"},\"potentialAction\":[{\"@type\":\"SearchAction\",\"target\":{\"@type\":\"EntryPoint\",\"urlTemplate\":\"https:\\\/\\\/geoeg.net\\\/fr\\\/?s={search_term_string}\"},\"query-input\":{\"@type\":\"PropertyValueSpecification\",\"valueRequired\":true,\"valueName\":\"search_term_string\"}}],\"inLanguage\":\"fr-FR\"},{\"@type\":\"Organization\",\"@id\":\"https:\\\/\\\/geoeg.net\\\/fr\\\/#organization\",\"name\":\"GEOEG\",\"url\":\"https:\\\/\\\/geoeg.net\\\/fr\\\/\",\"logo\":{\"@type\":\"ImageObject\",\"inLanguage\":\"fr-FR\",\"@id\":\"https:\\\/\\\/geoeg.net\\\/fr\\\/#\\\/schema\\\/logo\\\/image\\\/\",\"url\":\"https:\\\/\\\/geoeg.net\\\/wp-content\\\/uploads\\\/2023\\\/01\\\/geoeg_logo_b.png\",\"contentUrl\":\"https:\\\/\\\/geoeg.net\\\/wp-content\\\/uploads\\\/2023\\\/01\\\/geoeg_logo_b.png\",\"width\":1024,\"height\":290,\"caption\":\"GEOEG\"},\"image\":{\"@id\":\"https:\\\/\\\/geoeg.net\\\/fr\\\/#\\\/schema\\\/logo\\\/image\\\/\"}}]}<\/script>\n<!-- \/ Yoast SEO plugin. -->","yoast_head_json":{"title":"GEOEG | Solutions durables pour l'environnement b\u00e2ti","description":"GEOEG | L'ing\u00e9nierie fournit des solutions durables pour les b\u00e2timents, les quartiers et les villes. Des syst\u00e8mes d\u2019\u00e9nergie solaire au stockage souterrain d\u2019\u00e9nergie thermique, nos experts sont l\u00e0 pour vous.","robots":{"index":"index","follow":"follow","max-snippet":"max-snippet:-1","max-image-preview":"max-image-preview:large","max-video-preview":"max-video-preview:-1"},"canonical":"https:\/\/geoeg.net\/fr\/","og_locale":"fr_FR","og_type":"article","og_title":"GEOEG | Solutions durables pour l'environnement b\u00e2ti","og_description":"GEOEG | L'ing\u00e9nierie fournit des solutions durables pour les b\u00e2timents, les quartiers et les villes. Des syst\u00e8mes d\u2019\u00e9nergie solaire au stockage souterrain d\u2019\u00e9nergie thermique, nos experts sont l\u00e0 pour vous.","og_url":"https:\/\/geoeg.net\/fr\/","og_site_name":"GEOEG","article_modified_time":"2024-12-03T09:55:21+00:00","twitter_card":"summary_large_image","schema":{"@context":"https:\/\/schema.org","@graph":[{"@type":"WebPage","@id":"https:\/\/geoeg.net\/fr\/","url":"https:\/\/geoeg.net\/fr\/","name":"GEOEG | Solutions durables pour l'environnement b\u00e2ti","isPartOf":{"@id":"https:\/\/geoeg.net\/fr\/#website"},"datePublished":"2023-02-14T15:23:03+00:00","dateModified":"2024-12-03T09:55:21+00:00","description":"GEOEG | L'ing\u00e9nierie fournit des solutions durables pour les b\u00e2timents, les quartiers et les villes. Des syst\u00e8mes d\u2019\u00e9nergie solaire au stockage souterrain d\u2019\u00e9nergie thermique, nos experts sont l\u00e0 pour vous.","breadcrumb":{"@id":"https:\/\/geoeg.net\/fr\/#breadcrumb"},"inLanguage":"fr-FR","potentialAction":[{"@type":"ReadAction","target":["https:\/\/geoeg.net\/fr\/"]}]},{"@type":"BreadcrumbList","@id":"https:\/\/geoeg.net\/fr\/#breadcrumb","itemListElement":[{"@type":"ListItem","position":1,"name":"Home","item":"https:\/\/geoeg.net\/fr\/"},{"@type":"ListItem","position":2,"name":"PAGE D&#8217;ACCUEIL"}]},{"@type":"WebSite","@id":"https:\/\/geoeg.net\/fr\/#website","url":"https:\/\/geoeg.net\/fr\/","name":"GEOEG","description":"","publisher":{"@id":"https:\/\/geoeg.net\/fr\/#organization"},"potentialAction":[{"@type":"SearchAction","target":{"@type":"EntryPoint","urlTemplate":"https:\/\/geoeg.net\/fr\/?s={search_term_string}"},"query-input":{"@type":"PropertyValueSpecification","valueRequired":true,"valueName":"search_term_string"}}],"inLanguage":"fr-FR"},{"@type":"Organization","@id":"https:\/\/geoeg.net\/fr\/#organization","name":"GEOEG","url":"https:\/\/geoeg.net\/fr\/","logo":{"@type":"ImageObject","inLanguage":"fr-FR","@id":"https:\/\/geoeg.net\/fr\/#\/schema\/logo\/image\/","url":"https:\/\/geoeg.net\/wp-content\/uploads\/2023\/01\/geoeg_logo_b.png","contentUrl":"https:\/\/geoeg.net\/wp-content\/uploads\/2023\/01\/geoeg_logo_b.png","width":1024,"height":290,"caption":"GEOEG"},"image":{"@id":"https:\/\/geoeg.net\/fr\/#\/schema\/logo\/image\/"}}]}},"_links":{"self":[{"href":"https:\/\/geoeg.net\/fr\/wp-json\/wp\/v2\/pages\/4716","targetHints":{"allow":["GET"]}}],"collection":[{"href":"https:\/\/geoeg.net\/fr\/wp-json\/wp\/v2\/pages"}],"about":[{"href":"https:\/\/geoeg.net\/fr\/wp-json\/wp\/v2\/types\/page"}],"author":[{"embeddable":true,"href":"https:\/\/geoeg.net\/fr\/wp-json\/wp\/v2\/users\/1"}],"replies":[{"embeddable":true,"href":"https:\/\/geoeg.net\/fr\/wp-json\/wp\/v2\/comments?post=4716"}],"version-history":[{"count":0,"href":"https:\/\/geoeg.net\/fr\/wp-json\/wp\/v2\/pages\/4716\/revisions"}],"wp:attachment":[{"href":"https:\/\/geoeg.net\/fr\/wp-json\/wp\/v2\/media?parent=4716"}],"curies":[{"name":"wp","href":"https:\/\/api.w.org\/{rel}","templated":true}]}}