{"id":4724,"date":"2023-03-09T08:44:43","date_gmt":"2023-03-09T08:44:43","guid":{"rendered":"https:\/\/geoeg.net\/projects-batiments\/"},"modified":"2024-06-19T14:47:16","modified_gmt":"2024-06-19T14:47:16","slug":"projects-batiments","status":"publish","type":"page","link":"https:\/\/geoeg.net\/fr\/projects-batiments\/","title":{"rendered":"PROJECTS B\u00e2timents"},"content":{"rendered":"\t\t<div data-elementor-type=\"wp-page\" data-elementor-id=\"4724\" class=\"elementor elementor-4724 elementor-2732\" data-elementor-post-type=\"page\">\n\t\t\t\t<div class=\"elementor-element elementor-element-174a0b2 e-con-full e-flex e-con e-parent\" data-id=\"174a0b2\" data-element_type=\"container\" data-e-type=\"container\" data-settings=\"{&quot;background_background&quot;:&quot;classic&quot;}\">\n\t\t\t\t<div class=\"elementor-element elementor-element-926e743 elementor-widget__width-initial elementor-widget elementor-widget-text-editor\" data-id=\"926e743\" data-element_type=\"widget\" data-e-type=\"widget\" data-widget_type=\"text-editor.default\">\n\t\t\t\t<div class=\"elementor-widget-container\">\n\t\t\t\t\t\t\t\t\t<h1><span style=\"color: #ffffff;\">B\u00c2TIMENTS<\/span><\/h1>\nles b\u00e2timents avec de l&rsquo;<span style=\"color: #ffffff;\"><em><strong>\u00e9nergie thermique renouvelable<\/strong><\/em><\/span> gr\u00e2ce \u00e0 des g\u00e9ostructures \u00e9nerg\u00e9tiques, \u00e0 d&rsquo;autres technologies g\u00e9othermiques et \u00e0 des syst\u00e8mes de chauffage \u00e0 distance.\t\t\t\t\t\t\t\t<\/div>\n\t\t\t\t<\/div>\n\t\t\t\t<\/div>\n\t\t<div class=\"elementor-element elementor-element-73c5376 e-con-full e-flex e-con e-parent\" data-id=\"73c5376\" data-element_type=\"container\" data-e-type=\"container\">\n\t\t\t\t<\/div>\n\t\t\t\t<\/div>\n\t\t","protected":false},"excerpt":{"rendered":"<p>B\u00c2TIMENTS les b\u00e2timents avec de l&rsquo;\u00e9nergie thermique renouvelable gr\u00e2ce \u00e0 des g\u00e9ostructures \u00e9nerg\u00e9tiques, \u00e0 d&rsquo;autres technologies g\u00e9othermiques et \u00e0 des syst\u00e8mes de chauffage \u00e0 distance.<\/p>\n","protected":false},"author":1,"featured_media":0,"parent":0,"menu_order":0,"comment_status":"closed","ping_status":"closed","template":"","meta":{"_acf_changed":false,"footnotes":""},"class_list":["post-4724","page","type-page","status-publish","hentry"],"acf":[],"yoast_head":"<!-- This site is optimized with the Yoast SEO plugin v27.4 - https:\/\/yoast.com\/product\/yoast-seo-wordpress\/ -->\n<title>PROJECTS B\u00e2timents - GEOEG<\/title>\n<meta name=\"robots\" content=\"index, follow, max-snippet:-1, max-image-preview:large, max-video-preview:-1\" \/>\n<link rel=\"canonical\" href=\"https:\/\/geoeg.net\/fr\/projects-batiments\/\" \/>\n<meta property=\"og:locale\" content=\"fr_FR\" \/>\n<meta property=\"og:type\" content=\"article\" \/>\n<meta property=\"og:title\" content=\"PROJECTS B\u00e2timents - GEOEG\" \/>\n<meta property=\"og:description\" content=\"B\u00c2TIMENTS les b\u00e2timents avec de l&rsquo;\u00e9nergie thermique renouvelable gr\u00e2ce \u00e0 des g\u00e9ostructures \u00e9nerg\u00e9tiques, \u00e0 d&rsquo;autres technologies g\u00e9othermiques et \u00e0 des syst\u00e8mes de chauffage \u00e0 distance.\" \/>\n<meta property=\"og:url\" content=\"https:\/\/geoeg.net\/fr\/projects-batiments\/\" \/>\n<meta property=\"og:site_name\" content=\"GEOEG\" \/>\n<meta property=\"article:modified_time\" content=\"2024-06-19T14:47:16+00:00\" \/>\n<meta name=\"twitter:card\" content=\"summary_large_image\" \/>\n<script type=\"application\/ld+json\" class=\"yoast-schema-graph\">{\"@context\":\"https:\\\/\\\/schema.org\",\"@graph\":[{\"@type\":\"WebPage\",\"@id\":\"https:\\\/\\\/geoeg.net\\\/fr\\\/projects-batiments\\\/\",\"url\":\"https:\\\/\\\/geoeg.net\\\/fr\\\/projects-batiments\\\/\",\"name\":\"PROJECTS B\u00e2timents - GEOEG\",\"isPartOf\":{\"@id\":\"https:\\\/\\\/geoeg.net\\\/fr\\\/#website\"},\"datePublished\":\"2023-03-09T08:44:43+00:00\",\"dateModified\":\"2024-06-19T14:47:16+00:00\",\"breadcrumb\":{\"@id\":\"https:\\\/\\\/geoeg.net\\\/fr\\\/projects-batiments\\\/#breadcrumb\"},\"inLanguage\":\"fr-FR\",\"potentialAction\":[{\"@type\":\"ReadAction\",\"target\":[\"https:\\\/\\\/geoeg.net\\\/fr\\\/projects-batiments\\\/\"]}]},{\"@type\":\"BreadcrumbList\",\"@id\":\"https:\\\/\\\/geoeg.net\\\/fr\\\/projects-batiments\\\/#breadcrumb\",\"itemListElement\":[{\"@type\":\"ListItem\",\"position\":1,\"name\":\"Home\",\"item\":\"https:\\\/\\\/geoeg.net\\\/fr\\\/\"},{\"@type\":\"ListItem\",\"position\":2,\"name\":\"PROJECTS B\u00e2timents\"}]},{\"@type\":\"WebSite\",\"@id\":\"https:\\\/\\\/geoeg.net\\\/fr\\\/#website\",\"url\":\"https:\\\/\\\/geoeg.net\\\/fr\\\/\",\"name\":\"GEOEG\",\"description\":\"\",\"publisher\":{\"@id\":\"https:\\\/\\\/geoeg.net\\\/fr\\\/#organization\"},\"potentialAction\":[{\"@type\":\"SearchAction\",\"target\":{\"@type\":\"EntryPoint\",\"urlTemplate\":\"https:\\\/\\\/geoeg.net\\\/fr\\\/?s={search_term_string}\"},\"query-input\":{\"@type\":\"PropertyValueSpecification\",\"valueRequired\":true,\"valueName\":\"search_term_string\"}}],\"inLanguage\":\"fr-FR\"},{\"@type\":\"Organization\",\"@id\":\"https:\\\/\\\/geoeg.net\\\/fr\\\/#organization\",\"name\":\"GEOEG\",\"url\":\"https:\\\/\\\/geoeg.net\\\/fr\\\/\",\"logo\":{\"@type\":\"ImageObject\",\"inLanguage\":\"fr-FR\",\"@id\":\"https:\\\/\\\/geoeg.net\\\/fr\\\/#\\\/schema\\\/logo\\\/image\\\/\",\"url\":\"https:\\\/\\\/geoeg.net\\\/wp-content\\\/uploads\\\/2023\\\/01\\\/geoeg_logo_b.png\",\"contentUrl\":\"https:\\\/\\\/geoeg.net\\\/wp-content\\\/uploads\\\/2023\\\/01\\\/geoeg_logo_b.png\",\"width\":1024,\"height\":290,\"caption\":\"GEOEG\"},\"image\":{\"@id\":\"https:\\\/\\\/geoeg.net\\\/fr\\\/#\\\/schema\\\/logo\\\/image\\\/\"}}]}<\/script>\n<!-- \/ Yoast SEO plugin. -->","yoast_head_json":{"title":"PROJECTS B\u00e2timents - GEOEG","robots":{"index":"index","follow":"follow","max-snippet":"max-snippet:-1","max-image-preview":"max-image-preview:large","max-video-preview":"max-video-preview:-1"},"canonical":"https:\/\/geoeg.net\/fr\/projects-batiments\/","og_locale":"fr_FR","og_type":"article","og_title":"PROJECTS B\u00e2timents - GEOEG","og_description":"B\u00c2TIMENTS les b\u00e2timents avec de l&rsquo;\u00e9nergie thermique renouvelable gr\u00e2ce \u00e0 des g\u00e9ostructures \u00e9nerg\u00e9tiques, \u00e0 d&rsquo;autres technologies g\u00e9othermiques et \u00e0 des syst\u00e8mes de chauffage \u00e0 distance.","og_url":"https:\/\/geoeg.net\/fr\/projects-batiments\/","og_site_name":"GEOEG","article_modified_time":"2024-06-19T14:47:16+00:00","twitter_card":"summary_large_image","schema":{"@context":"https:\/\/schema.org","@graph":[{"@type":"WebPage","@id":"https:\/\/geoeg.net\/fr\/projects-batiments\/","url":"https:\/\/geoeg.net\/fr\/projects-batiments\/","name":"PROJECTS B\u00e2timents - GEOEG","isPartOf":{"@id":"https:\/\/geoeg.net\/fr\/#website"},"datePublished":"2023-03-09T08:44:43+00:00","dateModified":"2024-06-19T14:47:16+00:00","breadcrumb":{"@id":"https:\/\/geoeg.net\/fr\/projects-batiments\/#breadcrumb"},"inLanguage":"fr-FR","potentialAction":[{"@type":"ReadAction","target":["https:\/\/geoeg.net\/fr\/projects-batiments\/"]}]},{"@type":"BreadcrumbList","@id":"https:\/\/geoeg.net\/fr\/projects-batiments\/#breadcrumb","itemListElement":[{"@type":"ListItem","position":1,"name":"Home","item":"https:\/\/geoeg.net\/fr\/"},{"@type":"ListItem","position":2,"name":"PROJECTS B\u00e2timents"}]},{"@type":"WebSite","@id":"https:\/\/geoeg.net\/fr\/#website","url":"https:\/\/geoeg.net\/fr\/","name":"GEOEG","description":"","publisher":{"@id":"https:\/\/geoeg.net\/fr\/#organization"},"potentialAction":[{"@type":"SearchAction","target":{"@type":"EntryPoint","urlTemplate":"https:\/\/geoeg.net\/fr\/?s={search_term_string}"},"query-input":{"@type":"PropertyValueSpecification","valueRequired":true,"valueName":"search_term_string"}}],"inLanguage":"fr-FR"},{"@type":"Organization","@id":"https:\/\/geoeg.net\/fr\/#organization","name":"GEOEG","url":"https:\/\/geoeg.net\/fr\/","logo":{"@type":"ImageObject","inLanguage":"fr-FR","@id":"https:\/\/geoeg.net\/fr\/#\/schema\/logo\/image\/","url":"https:\/\/geoeg.net\/wp-content\/uploads\/2023\/01\/geoeg_logo_b.png","contentUrl":"https:\/\/geoeg.net\/wp-content\/uploads\/2023\/01\/geoeg_logo_b.png","width":1024,"height":290,"caption":"GEOEG"},"image":{"@id":"https:\/\/geoeg.net\/fr\/#\/schema\/logo\/image\/"}}]}},"_links":{"self":[{"href":"https:\/\/geoeg.net\/fr\/wp-json\/wp\/v2\/pages\/4724","targetHints":{"allow":["GET"]}}],"collection":[{"href":"https:\/\/geoeg.net\/fr\/wp-json\/wp\/v2\/pages"}],"about":[{"href":"https:\/\/geoeg.net\/fr\/wp-json\/wp\/v2\/types\/page"}],"author":[{"embeddable":true,"href":"https:\/\/geoeg.net\/fr\/wp-json\/wp\/v2\/users\/1"}],"replies":[{"embeddable":true,"href":"https:\/\/geoeg.net\/fr\/wp-json\/wp\/v2\/comments?post=4724"}],"version-history":[{"count":0,"href":"https:\/\/geoeg.net\/fr\/wp-json\/wp\/v2\/pages\/4724\/revisions"}],"wp:attachment":[{"href":"https:\/\/geoeg.net\/fr\/wp-json\/wp\/v2\/media?parent=4724"}],"curies":[{"name":"wp","href":"https:\/\/api.w.org\/{rel}","templated":true}]}}