{"id":4728,"date":"2023-02-20T15:11:30","date_gmt":"2023-02-20T15:11:30","guid":{"rendered":"https:\/\/geoeg.net\/projects-infrastructures\/"},"modified":"2024-06-19T10:27:15","modified_gmt":"2024-06-19T10:27:15","slug":"projects-infrastructures","status":"publish","type":"page","link":"https:\/\/geoeg.net\/fr\/projects-infrastructures\/","title":{"rendered":"PROJECTS Infrastructures"},"content":{"rendered":"\t\t<div data-elementor-type=\"wp-page\" data-elementor-id=\"4728\" class=\"elementor elementor-4728 elementor-781\" data-elementor-post-type=\"page\">\n\t\t\t\t<div class=\"elementor-element elementor-element-93e721c e-con-full e-flex e-con e-parent\" data-id=\"93e721c\" data-element_type=\"container\" data-e-type=\"container\" data-settings=\"{&quot;background_background&quot;:&quot;classic&quot;}\">\n\t\t\t\t<div class=\"elementor-element elementor-element-26e491e elementor-widget__width-initial elementor-widget elementor-widget-text-editor\" data-id=\"26e491e\" data-element_type=\"widget\" data-e-type=\"widget\" data-widget_type=\"text-editor.default\">\n\t\t\t\t<div class=\"elementor-widget-container\">\n\t\t\t\t\t\t\t\t\t<h1><span style=\"color: #ffffff;\">INFRASTRUCTURES<\/span><\/h1><p>nous transformons les infrastructures en sources de <span style=\"color: #ffffff;\"><em><strong>chauffage et de refroidissement et en batteries thermiques<\/strong><\/em><\/span> pour leur propre usage ou au b\u00e9n\u00e9fice de quartiers, de districts et de villes entiers.<\/p>\t\t\t\t\t\t\t\t<\/div>\n\t\t\t\t<\/div>\n\t\t\t\t<\/div>\n\t\t<div class=\"elementor-element elementor-element-73c5376 e-con-full e-flex e-con e-parent\" data-id=\"73c5376\" data-element_type=\"container\" data-e-type=\"container\">\n\t\t\t\t<\/div>\n\t\t\t\t<\/div>\n\t\t","protected":false},"excerpt":{"rendered":"<p>INFRASTRUCTURES nous transformons les infrastructures en sources de chauffage et de refroidissement et en batteries thermiques pour leur propre usage ou au b\u00e9n\u00e9fice de quartiers, de districts et de villes entiers.<\/p>\n","protected":false},"author":1,"featured_media":0,"parent":0,"menu_order":0,"comment_status":"closed","ping_status":"closed","template":"","meta":{"_acf_changed":false,"footnotes":""},"class_list":["post-4728","page","type-page","status-publish","hentry"],"acf":[],"yoast_head":"<!-- This site is optimized with the Yoast SEO plugin v27.4 - https:\/\/yoast.com\/product\/yoast-seo-wordpress\/ -->\n<title>GEOEG | Projects infrastructures<\/title>\n<meta name=\"description\" content=\"GEOEG | L&#039;ing\u00e9nierie fournit des solutions durables pour les b\u00e2timents, les quartiers et les villes. Des syst\u00e8mes d\u2019\u00e9nergie solaire au stockage souterrain d\u2019\u00e9nergie thermique, nos experts sont l\u00e0 pour vous.\" \/>\n<meta name=\"robots\" content=\"index, follow, max-snippet:-1, max-image-preview:large, max-video-preview:-1\" \/>\n<link rel=\"canonical\" href=\"https:\/\/geoeg.net\/fr\/projects-infrastructures\/\" \/>\n<meta property=\"og:locale\" content=\"fr_FR\" \/>\n<meta property=\"og:type\" content=\"article\" \/>\n<meta property=\"og:title\" content=\"GEOEG | Projects infrastructures\" \/>\n<meta property=\"og:description\" content=\"GEOEG | L&#039;ing\u00e9nierie fournit des solutions durables pour les b\u00e2timents, les quartiers et les villes. Des syst\u00e8mes d\u2019\u00e9nergie solaire au stockage souterrain d\u2019\u00e9nergie thermique, nos experts sont l\u00e0 pour vous.\" \/>\n<meta property=\"og:url\" content=\"https:\/\/geoeg.net\/fr\/projects-infrastructures\/\" \/>\n<meta property=\"og:site_name\" content=\"GEOEG\" \/>\n<meta property=\"article:modified_time\" content=\"2024-06-19T10:27:15+00:00\" \/>\n<meta name=\"twitter:card\" content=\"summary_large_image\" \/>\n<script type=\"application\/ld+json\" class=\"yoast-schema-graph\">{\"@context\":\"https:\\\/\\\/schema.org\",\"@graph\":[{\"@type\":\"WebPage\",\"@id\":\"https:\\\/\\\/geoeg.net\\\/fr\\\/projects-infrastructures\\\/\",\"url\":\"https:\\\/\\\/geoeg.net\\\/fr\\\/projects-infrastructures\\\/\",\"name\":\"GEOEG | Projects infrastructures\",\"isPartOf\":{\"@id\":\"https:\\\/\\\/geoeg.net\\\/fr\\\/#website\"},\"datePublished\":\"2023-02-20T15:11:30+00:00\",\"dateModified\":\"2024-06-19T10:27:15+00:00\",\"description\":\"GEOEG | L'ing\u00e9nierie fournit des solutions durables pour les b\u00e2timents, les quartiers et les villes. Des syst\u00e8mes d\u2019\u00e9nergie solaire au stockage souterrain d\u2019\u00e9nergie thermique, nos experts sont l\u00e0 pour vous.\",\"breadcrumb\":{\"@id\":\"https:\\\/\\\/geoeg.net\\\/fr\\\/projects-infrastructures\\\/#breadcrumb\"},\"inLanguage\":\"fr-FR\",\"potentialAction\":[{\"@type\":\"ReadAction\",\"target\":[\"https:\\\/\\\/geoeg.net\\\/fr\\\/projects-infrastructures\\\/\"]}]},{\"@type\":\"BreadcrumbList\",\"@id\":\"https:\\\/\\\/geoeg.net\\\/fr\\\/projects-infrastructures\\\/#breadcrumb\",\"itemListElement\":[{\"@type\":\"ListItem\",\"position\":1,\"name\":\"Home\",\"item\":\"https:\\\/\\\/geoeg.net\\\/fr\\\/\"},{\"@type\":\"ListItem\",\"position\":2,\"name\":\"PROJECTS Infrastructures\"}]},{\"@type\":\"WebSite\",\"@id\":\"https:\\\/\\\/geoeg.net\\\/fr\\\/#website\",\"url\":\"https:\\\/\\\/geoeg.net\\\/fr\\\/\",\"name\":\"GEOEG\",\"description\":\"\",\"publisher\":{\"@id\":\"https:\\\/\\\/geoeg.net\\\/fr\\\/#organization\"},\"potentialAction\":[{\"@type\":\"SearchAction\",\"target\":{\"@type\":\"EntryPoint\",\"urlTemplate\":\"https:\\\/\\\/geoeg.net\\\/fr\\\/?s={search_term_string}\"},\"query-input\":{\"@type\":\"PropertyValueSpecification\",\"valueRequired\":true,\"valueName\":\"search_term_string\"}}],\"inLanguage\":\"fr-FR\"},{\"@type\":\"Organization\",\"@id\":\"https:\\\/\\\/geoeg.net\\\/fr\\\/#organization\",\"name\":\"GEOEG\",\"url\":\"https:\\\/\\\/geoeg.net\\\/fr\\\/\",\"logo\":{\"@type\":\"ImageObject\",\"inLanguage\":\"fr-FR\",\"@id\":\"https:\\\/\\\/geoeg.net\\\/fr\\\/#\\\/schema\\\/logo\\\/image\\\/\",\"url\":\"https:\\\/\\\/geoeg.net\\\/wp-content\\\/uploads\\\/2023\\\/01\\\/geoeg_logo_b.png\",\"contentUrl\":\"https:\\\/\\\/geoeg.net\\\/wp-content\\\/uploads\\\/2023\\\/01\\\/geoeg_logo_b.png\",\"width\":1024,\"height\":290,\"caption\":\"GEOEG\"},\"image\":{\"@id\":\"https:\\\/\\\/geoeg.net\\\/fr\\\/#\\\/schema\\\/logo\\\/image\\\/\"}}]}<\/script>\n<!-- \/ Yoast SEO plugin. -->","yoast_head_json":{"title":"GEOEG | Projects infrastructures","description":"GEOEG | L'ing\u00e9nierie fournit des solutions durables pour les b\u00e2timents, les quartiers et les villes. Des syst\u00e8mes d\u2019\u00e9nergie solaire au stockage souterrain d\u2019\u00e9nergie thermique, nos experts sont l\u00e0 pour vous.","robots":{"index":"index","follow":"follow","max-snippet":"max-snippet:-1","max-image-preview":"max-image-preview:large","max-video-preview":"max-video-preview:-1"},"canonical":"https:\/\/geoeg.net\/fr\/projects-infrastructures\/","og_locale":"fr_FR","og_type":"article","og_title":"GEOEG | Projects infrastructures","og_description":"GEOEG | L'ing\u00e9nierie fournit des solutions durables pour les b\u00e2timents, les quartiers et les villes. Des syst\u00e8mes d\u2019\u00e9nergie solaire au stockage souterrain d\u2019\u00e9nergie thermique, nos experts sont l\u00e0 pour vous.","og_url":"https:\/\/geoeg.net\/fr\/projects-infrastructures\/","og_site_name":"GEOEG","article_modified_time":"2024-06-19T10:27:15+00:00","twitter_card":"summary_large_image","schema":{"@context":"https:\/\/schema.org","@graph":[{"@type":"WebPage","@id":"https:\/\/geoeg.net\/fr\/projects-infrastructures\/","url":"https:\/\/geoeg.net\/fr\/projects-infrastructures\/","name":"GEOEG | Projects infrastructures","isPartOf":{"@id":"https:\/\/geoeg.net\/fr\/#website"},"datePublished":"2023-02-20T15:11:30+00:00","dateModified":"2024-06-19T10:27:15+00:00","description":"GEOEG | L'ing\u00e9nierie fournit des solutions durables pour les b\u00e2timents, les quartiers et les villes. Des syst\u00e8mes d\u2019\u00e9nergie solaire au stockage souterrain d\u2019\u00e9nergie thermique, nos experts sont l\u00e0 pour vous.","breadcrumb":{"@id":"https:\/\/geoeg.net\/fr\/projects-infrastructures\/#breadcrumb"},"inLanguage":"fr-FR","potentialAction":[{"@type":"ReadAction","target":["https:\/\/geoeg.net\/fr\/projects-infrastructures\/"]}]},{"@type":"BreadcrumbList","@id":"https:\/\/geoeg.net\/fr\/projects-infrastructures\/#breadcrumb","itemListElement":[{"@type":"ListItem","position":1,"name":"Home","item":"https:\/\/geoeg.net\/fr\/"},{"@type":"ListItem","position":2,"name":"PROJECTS Infrastructures"}]},{"@type":"WebSite","@id":"https:\/\/geoeg.net\/fr\/#website","url":"https:\/\/geoeg.net\/fr\/","name":"GEOEG","description":"","publisher":{"@id":"https:\/\/geoeg.net\/fr\/#organization"},"potentialAction":[{"@type":"SearchAction","target":{"@type":"EntryPoint","urlTemplate":"https:\/\/geoeg.net\/fr\/?s={search_term_string}"},"query-input":{"@type":"PropertyValueSpecification","valueRequired":true,"valueName":"search_term_string"}}],"inLanguage":"fr-FR"},{"@type":"Organization","@id":"https:\/\/geoeg.net\/fr\/#organization","name":"GEOEG","url":"https:\/\/geoeg.net\/fr\/","logo":{"@type":"ImageObject","inLanguage":"fr-FR","@id":"https:\/\/geoeg.net\/fr\/#\/schema\/logo\/image\/","url":"https:\/\/geoeg.net\/wp-content\/uploads\/2023\/01\/geoeg_logo_b.png","contentUrl":"https:\/\/geoeg.net\/wp-content\/uploads\/2023\/01\/geoeg_logo_b.png","width":1024,"height":290,"caption":"GEOEG"},"image":{"@id":"https:\/\/geoeg.net\/fr\/#\/schema\/logo\/image\/"}}]}},"_links":{"self":[{"href":"https:\/\/geoeg.net\/fr\/wp-json\/wp\/v2\/pages\/4728","targetHints":{"allow":["GET"]}}],"collection":[{"href":"https:\/\/geoeg.net\/fr\/wp-json\/wp\/v2\/pages"}],"about":[{"href":"https:\/\/geoeg.net\/fr\/wp-json\/wp\/v2\/types\/page"}],"author":[{"embeddable":true,"href":"https:\/\/geoeg.net\/fr\/wp-json\/wp\/v2\/users\/1"}],"replies":[{"embeddable":true,"href":"https:\/\/geoeg.net\/fr\/wp-json\/wp\/v2\/comments?post=4728"}],"version-history":[{"count":0,"href":"https:\/\/geoeg.net\/fr\/wp-json\/wp\/v2\/pages\/4728\/revisions"}],"wp:attachment":[{"href":"https:\/\/geoeg.net\/fr\/wp-json\/wp\/v2\/media?parent=4728"}],"curies":[{"name":"wp","href":"https:\/\/api.w.org\/{rel}","templated":true}]}}