{"id":4826,"date":"2023-01-30T10:51:40","date_gmt":"2023-01-30T10:51:40","guid":{"rendered":"https:\/\/geoeg.net\/politique-de-confidentialite\/"},"modified":"2024-01-17T10:08:23","modified_gmt":"2024-01-17T10:08:23","slug":"politique-de-confidentialite","status":"publish","type":"page","link":"https:\/\/geoeg.net\/fr\/politique-de-confidentialite\/","title":{"rendered":"Politique de confidentialit\u00e9"},"content":{"rendered":"\t\t<div data-elementor-type=\"wp-page\" data-elementor-id=\"4826\" class=\"elementor elementor-4826 elementor-3\" data-elementor-post-type=\"page\">\n\t\t\t\t\t\t<section class=\"elementor-section elementor-top-section elementor-element elementor-element-4868b242 elementor-section-boxed elementor-section-height-default elementor-section-height-default\" data-id=\"4868b242\" data-element_type=\"section\" data-e-type=\"section\">\n\t\t\t\t\t\t<div class=\"elementor-container elementor-column-gap-default\">\n\t\t\t\t\t<div class=\"elementor-column elementor-col-100 elementor-top-column elementor-element elementor-element-615e421c\" data-id=\"615e421c\" data-element_type=\"column\" data-e-type=\"column\">\n\t\t\t<div class=\"elementor-widget-wrap elementor-element-populated\">\n\t\t\t\t\t\t<div class=\"elementor-element elementor-element-9272709 elementor-widget elementor-widget-text-editor\" data-id=\"9272709\" data-element_type=\"widget\" data-e-type=\"widget\" data-widget_type=\"text-editor.default\">\n\t\t\t\t<div class=\"elementor-widget-container\">\n\t\t\t\t\t\t\t\t\t<h1>Politique de confidentialit\u00e9<br><\/h1>\n<div><br><\/div>\n<p>Cette politique de confidentialit\u00e9 d\u00e9crit les politiques de GEOEG, Av. d&rsquo;Echallens 35, Lausanne 1004, Suisse, t\u00e9l\u00e9phone : +41763399362 sur la r\u00e9colte, l&rsquo;utilisation et la divulgation des informations que nous r\u00e9coltons lorsque vous utilisez notre site web ( https:\/\/geoeg.net\/ ). (le \u00ab\u00a0Service\u00a0\u00bb). En acc\u00e9dant au Service ou en l&rsquo;utilisant, vous consentez \u00e0 la r\u00e9colte, \u00e0 l&rsquo;utilisation et \u00e0 la divulgation de vos informations conform\u00e9ment \u00e0 la pr\u00e9sente politique de protection de la vie priv\u00e9e. Si vous n&rsquo;y consentez pas, veuillez ne pas acc\u00e9der au service ni l&rsquo;utiliser.<\/p>\n<p>Nous pouvons modifier la pr\u00e9sente politique de confidentialit\u00e9 \u00e0 tout moment sans vous en informer au pr\u00e9alable et nous publierons la politique de confidentialit\u00e9 r\u00e9vis\u00e9e sur le service. La politique r\u00e9vis\u00e9e entrera en vigueur 180 jours apr\u00e8s sa publication dans le service et votre acc\u00e8s ou utilisation continue du service apr\u00e8s cette date constituera votre acceptation de la politique de confidentialit\u00e9 r\u00e9vis\u00e9e. Nous vous recommandons donc de consulter r\u00e9guli\u00e8rement cette page.<\/p>\n<ol>\n<li>\n<h2>VOS DROITS:<\/h2>\n<p>En fonction de la l\u00e9gislation applicable, vous pouvez avoir un droit d&rsquo;acc\u00e8s et de rectification ou d&rsquo;effacement de vos donn\u00e9es \u00e0 caract\u00e8re personnel ou recevoir une copie de vos donn\u00e9es \u00e0 caract\u00e8re personnel, restreindre le traitement actif de vos donn\u00e9es ou vous y opposer, nous demander de partager (portage) vos informations \u00e0 caract\u00e8re personnel avec une autre entit\u00e9, retirer tout consentement que vous nous avez donn\u00e9 pour traiter vos donn\u00e9es, un droit de d\u00e9poser une plainte aupr\u00e8s d&rsquo;une autorit\u00e9 statutaire et tout autre droit pertinent en vertu de la l\u00e9gislation applicable. Pour exercer ces droits, vous pouvez nous \u00e9crire \u00e0 info@geoeg.net. Nous r\u00e9pondrons \u00e0 votre demande conform\u00e9ment \u00e0 la l\u00e9gislation applicable.<\/p>\n<p>Veuillez noter que si vous ne nous autorisez pas \u00e0 collecter ou \u00e0 traiter les informations personnelles requises ou si vous retirez votre consentement au traitement de ces informations aux fins requises, il se peut que vous ne puissiez pas acc\u00e9der aux services pour lesquels vos informations ont \u00e9t\u00e9 demand\u00e9es ou que vous ne puissiez pas les utiliser.<\/p>\n<\/li>\n<li>\n<h2>COOKIES ETC.<\/h2>\n<p>Pour en savoir plus sur la mani\u00e8re dont nous les utilisons et sur les choix qui s&rsquo;offrent \u00e0 vous en ce qui concerne ces technologies de suivi, veuillez vous reporter \u00e0 &nbsp;<a href=\"https:\/\/geoeg.net\/fr\/\">politique en mati\u00e8re de cookies<\/a>.<\/p>\n<\/li>\n<li>\n<h2>S\u00c9CURIT\u00c9:<\/h2>\n<p>La s\u00e9curit\u00e9 de vos informations est importante pour nous et nous utiliserons des mesures de s\u00e9curit\u00e9 raisonnables pour emp\u00eacher la perte, l&rsquo;utilisation abusive ou la modification non autoris\u00e9e de vos informations sous notre contr\u00f4le. Toutefois, compte tenu des risques inh\u00e9rents, nous ne pouvons pas garantir une s\u00e9curit\u00e9 absolue et, par cons\u00e9quent, nous ne pouvons pas assurer ou garantir la s\u00e9curit\u00e9 des informations que vous nous transmettez et vous le faites \u00e0 vos propres risques.<\/p>\n<\/li>\n<li>\n<h2>GRIEFS \/ D\u00c9L\u00c9GU\u00c9 \u00c0 LA PROTECTION DES DONN\u00c9ES:<\/h2>\n<p>Si vous avez des questions ou des pr\u00e9occupations concernant le traitement de vos informations disponibles chez nous, vous pouvez envoyer un courriel \u00e0 notre responsable des plaintes \u00e0 GEOEG, Av. d&rsquo;Echallens 35, courriel : info@geoeg.net. Nous r\u00e9pondrons \u00e0 vos pr\u00e9occupations conform\u00e9ment \u00e0 la l\u00e9gislation applicable.<\/p>\n<\/li>\n<\/ol>\t\t\t\t\t\t\t\t<\/div>\n\t\t\t\t<\/div>\n\t\t\t\t\t<\/div>\n\t\t<\/div>\n\t\t\t\t\t<\/div>\n\t\t<\/section>\n\t\t\t\t<\/div>\n\t\t","protected":false},"excerpt":{"rendered":"<p>Politique de confidentialit\u00e9 Cette politique de confidentialit\u00e9 d\u00e9crit les politiques de GEOEG, Av. d&rsquo;Echallens 35, Lausanne 1004, Suisse, t\u00e9l\u00e9phone : +41763399362 sur la r\u00e9colte, l&rsquo;utilisation et la divulgation des informations que nous r\u00e9coltons lorsque vous utilisez notre site web ( https:\/\/geoeg.net\/ ). (le \u00ab\u00a0Service\u00a0\u00bb). En acc\u00e9dant au Service ou en l&rsquo;utilisant, vous consentez \u00e0 la [&hellip;]<\/p>\n","protected":false},"author":1,"featured_media":0,"parent":0,"menu_order":0,"comment_status":"closed","ping_status":"open","template":"","meta":{"_acf_changed":false,"footnotes":""},"class_list":["post-4826","page","type-page","status-publish","hentry"],"acf":[],"yoast_head":"<!-- This site is optimized with the Yoast SEO plugin v27.4 - https:\/\/yoast.com\/product\/yoast-seo-wordpress\/ -->\n<title>Politique de confidentialit\u00e9 - GEOEG<\/title>\n<meta name=\"robots\" content=\"noindex, nofollow\" \/>\n<meta property=\"og:locale\" content=\"fr_FR\" \/>\n<meta property=\"og:type\" content=\"article\" \/>\n<meta property=\"og:title\" content=\"Politique de confidentialit\u00e9 - GEOEG\" \/>\n<meta property=\"og:description\" content=\"Politique de confidentialit\u00e9 Cette politique de confidentialit\u00e9 d\u00e9crit les politiques de GEOEG, Av. d&rsquo;Echallens 35, Lausanne 1004, Suisse, t\u00e9l\u00e9phone : +41763399362 sur la r\u00e9colte, l&rsquo;utilisation et la divulgation des informations que nous r\u00e9coltons lorsque vous utilisez notre site web ( https:\/\/geoeg.net\/ ). (le \u00ab\u00a0Service\u00a0\u00bb). En acc\u00e9dant au Service ou en l&rsquo;utilisant, vous consentez \u00e0 la [&hellip;]\" \/>\n<meta property=\"og:url\" content=\"https:\/\/geoeg.net\/fr\/politique-de-confidentialite\/\" \/>\n<meta property=\"og:site_name\" content=\"GEOEG\" \/>\n<meta property=\"article:modified_time\" content=\"2024-01-17T10:08:23+00:00\" \/>\n<meta name=\"twitter:card\" content=\"summary_large_image\" \/>\n<script type=\"application\/ld+json\" class=\"yoast-schema-graph\">{\"@context\":\"https:\\\/\\\/schema.org\",\"@graph\":[{\"@type\":\"WebPage\",\"@id\":\"https:\\\/\\\/geoeg.net\\\/fr\\\/politique-de-confidentialite\\\/\",\"url\":\"https:\\\/\\\/geoeg.net\\\/fr\\\/politique-de-confidentialite\\\/\",\"name\":\"Politique de confidentialit\u00e9 - GEOEG\",\"isPartOf\":{\"@id\":\"https:\\\/\\\/geoeg.net\\\/fr\\\/#website\"},\"datePublished\":\"2023-01-30T10:51:40+00:00\",\"dateModified\":\"2024-01-17T10:08:23+00:00\",\"breadcrumb\":{\"@id\":\"https:\\\/\\\/geoeg.net\\\/fr\\\/politique-de-confidentialite\\\/#breadcrumb\"},\"inLanguage\":\"fr-FR\",\"potentialAction\":[{\"@type\":\"ReadAction\",\"target\":[\"https:\\\/\\\/geoeg.net\\\/fr\\\/politique-de-confidentialite\\\/\"]}]},{\"@type\":\"BreadcrumbList\",\"@id\":\"https:\\\/\\\/geoeg.net\\\/fr\\\/politique-de-confidentialite\\\/#breadcrumb\",\"itemListElement\":[{\"@type\":\"ListItem\",\"position\":1,\"name\":\"Home\",\"item\":\"https:\\\/\\\/geoeg.net\\\/fr\\\/\"},{\"@type\":\"ListItem\",\"position\":2,\"name\":\"Politique de confidentialit\u00e9\"}]},{\"@type\":\"WebSite\",\"@id\":\"https:\\\/\\\/geoeg.net\\\/fr\\\/#website\",\"url\":\"https:\\\/\\\/geoeg.net\\\/fr\\\/\",\"name\":\"GEOEG\",\"description\":\"\",\"publisher\":{\"@id\":\"https:\\\/\\\/geoeg.net\\\/fr\\\/#organization\"},\"potentialAction\":[{\"@type\":\"SearchAction\",\"target\":{\"@type\":\"EntryPoint\",\"urlTemplate\":\"https:\\\/\\\/geoeg.net\\\/fr\\\/?s={search_term_string}\"},\"query-input\":{\"@type\":\"PropertyValueSpecification\",\"valueRequired\":true,\"valueName\":\"search_term_string\"}}],\"inLanguage\":\"fr-FR\"},{\"@type\":\"Organization\",\"@id\":\"https:\\\/\\\/geoeg.net\\\/fr\\\/#organization\",\"name\":\"GEOEG\",\"url\":\"https:\\\/\\\/geoeg.net\\\/fr\\\/\",\"logo\":{\"@type\":\"ImageObject\",\"inLanguage\":\"fr-FR\",\"@id\":\"https:\\\/\\\/geoeg.net\\\/fr\\\/#\\\/schema\\\/logo\\\/image\\\/\",\"url\":\"https:\\\/\\\/geoeg.net\\\/wp-content\\\/uploads\\\/2023\\\/01\\\/geoeg_logo_b.png\",\"contentUrl\":\"https:\\\/\\\/geoeg.net\\\/wp-content\\\/uploads\\\/2023\\\/01\\\/geoeg_logo_b.png\",\"width\":1024,\"height\":290,\"caption\":\"GEOEG\"},\"image\":{\"@id\":\"https:\\\/\\\/geoeg.net\\\/fr\\\/#\\\/schema\\\/logo\\\/image\\\/\"}}]}<\/script>\n<!-- \/ Yoast SEO plugin. -->","yoast_head_json":{"title":"Politique de confidentialit\u00e9 - GEOEG","robots":{"index":"noindex","follow":"nofollow"},"og_locale":"fr_FR","og_type":"article","og_title":"Politique de confidentialit\u00e9 - GEOEG","og_description":"Politique de confidentialit\u00e9 Cette politique de confidentialit\u00e9 d\u00e9crit les politiques de GEOEG, Av. d&rsquo;Echallens 35, Lausanne 1004, Suisse, t\u00e9l\u00e9phone : +41763399362 sur la r\u00e9colte, l&rsquo;utilisation et la divulgation des informations que nous r\u00e9coltons lorsque vous utilisez notre site web ( https:\/\/geoeg.net\/ ). (le \u00ab\u00a0Service\u00a0\u00bb). En acc\u00e9dant au Service ou en l&rsquo;utilisant, vous consentez \u00e0 la [&hellip;]","og_url":"https:\/\/geoeg.net\/fr\/politique-de-confidentialite\/","og_site_name":"GEOEG","article_modified_time":"2024-01-17T10:08:23+00:00","twitter_card":"summary_large_image","schema":{"@context":"https:\/\/schema.org","@graph":[{"@type":"WebPage","@id":"https:\/\/geoeg.net\/fr\/politique-de-confidentialite\/","url":"https:\/\/geoeg.net\/fr\/politique-de-confidentialite\/","name":"Politique de confidentialit\u00e9 - GEOEG","isPartOf":{"@id":"https:\/\/geoeg.net\/fr\/#website"},"datePublished":"2023-01-30T10:51:40+00:00","dateModified":"2024-01-17T10:08:23+00:00","breadcrumb":{"@id":"https:\/\/geoeg.net\/fr\/politique-de-confidentialite\/#breadcrumb"},"inLanguage":"fr-FR","potentialAction":[{"@type":"ReadAction","target":["https:\/\/geoeg.net\/fr\/politique-de-confidentialite\/"]}]},{"@type":"BreadcrumbList","@id":"https:\/\/geoeg.net\/fr\/politique-de-confidentialite\/#breadcrumb","itemListElement":[{"@type":"ListItem","position":1,"name":"Home","item":"https:\/\/geoeg.net\/fr\/"},{"@type":"ListItem","position":2,"name":"Politique de confidentialit\u00e9"}]},{"@type":"WebSite","@id":"https:\/\/geoeg.net\/fr\/#website","url":"https:\/\/geoeg.net\/fr\/","name":"GEOEG","description":"","publisher":{"@id":"https:\/\/geoeg.net\/fr\/#organization"},"potentialAction":[{"@type":"SearchAction","target":{"@type":"EntryPoint","urlTemplate":"https:\/\/geoeg.net\/fr\/?s={search_term_string}"},"query-input":{"@type":"PropertyValueSpecification","valueRequired":true,"valueName":"search_term_string"}}],"inLanguage":"fr-FR"},{"@type":"Organization","@id":"https:\/\/geoeg.net\/fr\/#organization","name":"GEOEG","url":"https:\/\/geoeg.net\/fr\/","logo":{"@type":"ImageObject","inLanguage":"fr-FR","@id":"https:\/\/geoeg.net\/fr\/#\/schema\/logo\/image\/","url":"https:\/\/geoeg.net\/wp-content\/uploads\/2023\/01\/geoeg_logo_b.png","contentUrl":"https:\/\/geoeg.net\/wp-content\/uploads\/2023\/01\/geoeg_logo_b.png","width":1024,"height":290,"caption":"GEOEG"},"image":{"@id":"https:\/\/geoeg.net\/fr\/#\/schema\/logo\/image\/"}}]}},"_links":{"self":[{"href":"https:\/\/geoeg.net\/fr\/wp-json\/wp\/v2\/pages\/4826","targetHints":{"allow":["GET"]}}],"collection":[{"href":"https:\/\/geoeg.net\/fr\/wp-json\/wp\/v2\/pages"}],"about":[{"href":"https:\/\/geoeg.net\/fr\/wp-json\/wp\/v2\/types\/page"}],"author":[{"embeddable":true,"href":"https:\/\/geoeg.net\/fr\/wp-json\/wp\/v2\/users\/1"}],"replies":[{"embeddable":true,"href":"https:\/\/geoeg.net\/fr\/wp-json\/wp\/v2\/comments?post=4826"}],"version-history":[{"count":0,"href":"https:\/\/geoeg.net\/fr\/wp-json\/wp\/v2\/pages\/4826\/revisions"}],"wp:attachment":[{"href":"https:\/\/geoeg.net\/fr\/wp-json\/wp\/v2\/media?parent=4826"}],"curies":[{"name":"wp","href":"https:\/\/api.w.org\/{rel}","templated":true}]}}