{"id":7400,"date":"2023-03-10T12:50:57","date_gmt":"2023-03-10T12:50:57","guid":{"rendered":"https:\/\/geoeg.net\/progetti-citta\/"},"modified":"2024-12-02T14:33:15","modified_gmt":"2024-12-02T14:33:15","slug":"progetti-citta","status":"publish","type":"page","link":"https:\/\/geoeg.net\/it\/progetti-citta\/","title":{"rendered":"PROGETTI Citt\u00e0"},"content":{"rendered":"\t\t<div data-elementor-type=\"wp-page\" data-elementor-id=\"7400\" class=\"elementor elementor-7400 elementor-3029\" data-elementor-post-type=\"page\">\n\t\t\t\t<div class=\"elementor-element elementor-element-b0ce329 e-con-full e-flex e-con e-parent\" data-id=\"b0ce329\" data-element_type=\"container\" data-e-type=\"container\" data-settings=\"{&quot;background_background&quot;:&quot;classic&quot;}\">\n\t\t\t\t<div class=\"elementor-element elementor-element-464ee65 elementor-widget__width-initial elementor-widget elementor-widget-text-editor\" data-id=\"464ee65\" data-element_type=\"widget\" data-e-type=\"widget\" data-widget_type=\"text-editor.default\">\n\t\t\t\t<div class=\"elementor-widget-container\">\n\t\t\t\t\t\t\t\t\t<h1><span style=\"color: #ffffff;\">Citt\u00e0<\/span><\/h1>\n<p>Consentiamo alle citt\u00e0 di mitigare le <span style=\"color: #ffffff;\"><strong><em>aree urbane sotterranee di calore<\/em><\/strong><\/span> e di creare reti di energia termica su larga scala.<\/p>\n\t\t\t\t\t\t\t\t<\/div>\n\t\t\t\t<\/div>\n\t\t\t\t<\/div>\n\t\t<div class=\"elementor-element elementor-element-73c5376 e-con-full e-flex e-con e-parent\" data-id=\"73c5376\" data-element_type=\"container\" data-e-type=\"container\">\n\t\t\t\t<\/div>\n\t\t\t\t<\/div>\n\t\t","protected":false},"excerpt":{"rendered":"<p>Citt\u00e0 Consentiamo alle citt\u00e0 di mitigare le aree urbane sotterranee di calore e di creare reti di energia termica su larga scala.<\/p>\n","protected":false},"author":1,"featured_media":0,"parent":0,"menu_order":0,"comment_status":"closed","ping_status":"closed","template":"","meta":{"_acf_changed":false,"footnotes":""},"class_list":["post-7400","page","type-page","status-publish","hentry"],"acf":[],"yoast_head":"<!-- This site is optimized with the Yoast SEO plugin v27.4 - https:\/\/yoast.com\/product\/yoast-seo-wordpress\/ -->\n<title>PROGETTI Citt\u00e0 - GEOEG<\/title>\n<meta name=\"robots\" content=\"index, follow, max-snippet:-1, max-image-preview:large, max-video-preview:-1\" \/>\n<link rel=\"canonical\" href=\"https:\/\/geoeg.net\/it\/progetti-citta\/\" \/>\n<meta property=\"og:locale\" content=\"it_IT\" \/>\n<meta property=\"og:type\" content=\"article\" \/>\n<meta property=\"og:title\" content=\"PROGETTI Citt\u00e0 - GEOEG\" \/>\n<meta property=\"og:description\" content=\"Citt\u00e0 Consentiamo alle citt\u00e0 di mitigare le aree urbane sotterranee di calore e di creare reti di energia termica su larga scala.\" \/>\n<meta property=\"og:url\" content=\"https:\/\/geoeg.net\/it\/progetti-citta\/\" \/>\n<meta property=\"og:site_name\" content=\"GEOEG\" \/>\n<meta property=\"article:modified_time\" content=\"2024-12-02T14:33:15+00:00\" \/>\n<meta name=\"twitter:card\" content=\"summary_large_image\" \/>\n<script type=\"application\/ld+json\" class=\"yoast-schema-graph\">{\"@context\":\"https:\\\/\\\/schema.org\",\"@graph\":[{\"@type\":\"WebPage\",\"@id\":\"https:\\\/\\\/geoeg.net\\\/it\\\/progetti-citta\\\/\",\"url\":\"https:\\\/\\\/geoeg.net\\\/it\\\/progetti-citta\\\/\",\"name\":\"PROGETTI Citt\u00e0 - GEOEG\",\"isPartOf\":{\"@id\":\"https:\\\/\\\/geoeg.net\\\/it\\\/#website\"},\"datePublished\":\"2023-03-10T12:50:57+00:00\",\"dateModified\":\"2024-12-02T14:33:15+00:00\",\"breadcrumb\":{\"@id\":\"https:\\\/\\\/geoeg.net\\\/it\\\/progetti-citta\\\/#breadcrumb\"},\"inLanguage\":\"it-IT\",\"potentialAction\":[{\"@type\":\"ReadAction\",\"target\":[\"https:\\\/\\\/geoeg.net\\\/it\\\/progetti-citta\\\/\"]}]},{\"@type\":\"BreadcrumbList\",\"@id\":\"https:\\\/\\\/geoeg.net\\\/it\\\/progetti-citta\\\/#breadcrumb\",\"itemListElement\":[{\"@type\":\"ListItem\",\"position\":1,\"name\":\"Home\",\"item\":\"https:\\\/\\\/geoeg.net\\\/it\\\/\"},{\"@type\":\"ListItem\",\"position\":2,\"name\":\"PROGETTI Citt\u00e0\"}]},{\"@type\":\"WebSite\",\"@id\":\"https:\\\/\\\/geoeg.net\\\/it\\\/#website\",\"url\":\"https:\\\/\\\/geoeg.net\\\/it\\\/\",\"name\":\"GEOEG\",\"description\":\"\",\"publisher\":{\"@id\":\"https:\\\/\\\/geoeg.net\\\/it\\\/#organization\"},\"potentialAction\":[{\"@type\":\"SearchAction\",\"target\":{\"@type\":\"EntryPoint\",\"urlTemplate\":\"https:\\\/\\\/geoeg.net\\\/it\\\/?s={search_term_string}\"},\"query-input\":{\"@type\":\"PropertyValueSpecification\",\"valueRequired\":true,\"valueName\":\"search_term_string\"}}],\"inLanguage\":\"it-IT\"},{\"@type\":\"Organization\",\"@id\":\"https:\\\/\\\/geoeg.net\\\/it\\\/#organization\",\"name\":\"GEOEG\",\"url\":\"https:\\\/\\\/geoeg.net\\\/it\\\/\",\"logo\":{\"@type\":\"ImageObject\",\"inLanguage\":\"it-IT\",\"@id\":\"https:\\\/\\\/geoeg.net\\\/it\\\/#\\\/schema\\\/logo\\\/image\\\/\",\"url\":\"https:\\\/\\\/geoeg.net\\\/wp-content\\\/uploads\\\/2023\\\/01\\\/geoeg_logo_b.png\",\"contentUrl\":\"https:\\\/\\\/geoeg.net\\\/wp-content\\\/uploads\\\/2023\\\/01\\\/geoeg_logo_b.png\",\"width\":1024,\"height\":290,\"caption\":\"GEOEG\"},\"image\":{\"@id\":\"https:\\\/\\\/geoeg.net\\\/it\\\/#\\\/schema\\\/logo\\\/image\\\/\"}}]}<\/script>\n<!-- \/ Yoast SEO plugin. -->","yoast_head_json":{"title":"PROGETTI Citt\u00e0 - GEOEG","robots":{"index":"index","follow":"follow","max-snippet":"max-snippet:-1","max-image-preview":"max-image-preview:large","max-video-preview":"max-video-preview:-1"},"canonical":"https:\/\/geoeg.net\/it\/progetti-citta\/","og_locale":"it_IT","og_type":"article","og_title":"PROGETTI Citt\u00e0 - GEOEG","og_description":"Citt\u00e0 Consentiamo alle citt\u00e0 di mitigare le aree urbane sotterranee di calore e di creare reti di energia termica su larga scala.","og_url":"https:\/\/geoeg.net\/it\/progetti-citta\/","og_site_name":"GEOEG","article_modified_time":"2024-12-02T14:33:15+00:00","twitter_card":"summary_large_image","schema":{"@context":"https:\/\/schema.org","@graph":[{"@type":"WebPage","@id":"https:\/\/geoeg.net\/it\/progetti-citta\/","url":"https:\/\/geoeg.net\/it\/progetti-citta\/","name":"PROGETTI Citt\u00e0 - GEOEG","isPartOf":{"@id":"https:\/\/geoeg.net\/it\/#website"},"datePublished":"2023-03-10T12:50:57+00:00","dateModified":"2024-12-02T14:33:15+00:00","breadcrumb":{"@id":"https:\/\/geoeg.net\/it\/progetti-citta\/#breadcrumb"},"inLanguage":"it-IT","potentialAction":[{"@type":"ReadAction","target":["https:\/\/geoeg.net\/it\/progetti-citta\/"]}]},{"@type":"BreadcrumbList","@id":"https:\/\/geoeg.net\/it\/progetti-citta\/#breadcrumb","itemListElement":[{"@type":"ListItem","position":1,"name":"Home","item":"https:\/\/geoeg.net\/it\/"},{"@type":"ListItem","position":2,"name":"PROGETTI Citt\u00e0"}]},{"@type":"WebSite","@id":"https:\/\/geoeg.net\/it\/#website","url":"https:\/\/geoeg.net\/it\/","name":"GEOEG","description":"","publisher":{"@id":"https:\/\/geoeg.net\/it\/#organization"},"potentialAction":[{"@type":"SearchAction","target":{"@type":"EntryPoint","urlTemplate":"https:\/\/geoeg.net\/it\/?s={search_term_string}"},"query-input":{"@type":"PropertyValueSpecification","valueRequired":true,"valueName":"search_term_string"}}],"inLanguage":"it-IT"},{"@type":"Organization","@id":"https:\/\/geoeg.net\/it\/#organization","name":"GEOEG","url":"https:\/\/geoeg.net\/it\/","logo":{"@type":"ImageObject","inLanguage":"it-IT","@id":"https:\/\/geoeg.net\/it\/#\/schema\/logo\/image\/","url":"https:\/\/geoeg.net\/wp-content\/uploads\/2023\/01\/geoeg_logo_b.png","contentUrl":"https:\/\/geoeg.net\/wp-content\/uploads\/2023\/01\/geoeg_logo_b.png","width":1024,"height":290,"caption":"GEOEG"},"image":{"@id":"https:\/\/geoeg.net\/it\/#\/schema\/logo\/image\/"}}]}},"_links":{"self":[{"href":"https:\/\/geoeg.net\/it\/wp-json\/wp\/v2\/pages\/7400","targetHints":{"allow":["GET"]}}],"collection":[{"href":"https:\/\/geoeg.net\/it\/wp-json\/wp\/v2\/pages"}],"about":[{"href":"https:\/\/geoeg.net\/it\/wp-json\/wp\/v2\/types\/page"}],"author":[{"embeddable":true,"href":"https:\/\/geoeg.net\/it\/wp-json\/wp\/v2\/users\/1"}],"replies":[{"embeddable":true,"href":"https:\/\/geoeg.net\/it\/wp-json\/wp\/v2\/comments?post=7400"}],"version-history":[{"count":0,"href":"https:\/\/geoeg.net\/it\/wp-json\/wp\/v2\/pages\/7400\/revisions"}],"wp:attachment":[{"href":"https:\/\/geoeg.net\/it\/wp-json\/wp\/v2\/media?parent=7400"}],"curies":[{"name":"wp","href":"https:\/\/api.w.org\/{rel}","templated":true}]}}